{"id":5410,"date":"2022-04-25T10:27:38","date_gmt":"2022-04-25T10:27:38","guid":{"rendered":"https:\/\/tikaz-voyaj.com\/estudio-vacaciones-guadeloupe\/"},"modified":"2023-06-01T18:38:02","modified_gmt":"2023-06-01T18:38:02","slug":"estudio-vacaciones-guadeloupe","status":"publish","type":"page","link":"https:\/\/tikaz-voyaj.com\/es\/estudio-vacaciones-guadeloupe\/","title":{"rendered":"Estudio vacaciones Guadeloupe"},"content":{"rendered":"\n<div class=\"wp-block-getwid-section alignfull getwid-section-content-full-width\"><div class=\"wp-block-getwid-section__wrapper\" style=\"padding-top:125px;padding-bottom:125px\"><div class=\"wp-block-getwid-section__inner-wrapper\"><div class=\"wp-block-getwid-section__background-holder\"><div class=\"wp-block-getwid-section__background\" style=\"background-image:url('https:\/\/tikaz-voyaj.com\/wp-content\/uploads\/2022\/04\/studio-tikaz-voyaj-location-saisonniere-guadeloupe-une.jpg')\"><div class=\"wp-block-getwid-section__background-image-wrapper\"><img data-recalc-dims=\"1\" decoding=\"async\" class=\"wp-block-getwid-section__background-image\" src=\"https:\/\/i0.wp.com\/tikaz-voyaj.com\/wp-content\/uploads\/2022\/04\/studio-tikaz-voyaj-location-saisonniere-guadeloupe-une.jpg?w=892&#038;ssl=1\" alt=\"studio-tikaz-voyaj-location-saisonniere-guadeloupe-une\"\/><\/div><\/div><div class=\"wp-block-getwid-section__foreground\" style=\"opacity:0.3;background-color:#000000\"><\/div><\/div><div class=\"wp-block-getwid-section__content\"><div class=\"wp-block-getwid-section__inner-content\">\n<h2 class=\"has-text-align-center has-white-color has-text-color wp-block-heading\">Alquiler de estudios Bouillante<\/h2>\n<\/div><\/div><\/div><\/div><\/div>\n\n<div class=\"wp-block-getwid-section alignwide alignwide\"><div class=\"wp-block-getwid-section__wrapper\"><div class=\"wp-block-getwid-section__inner-wrapper\"><div class=\"wp-block-getwid-section__background-holder\"><div class=\"wp-block-getwid-section__background\"><\/div><div class=\"wp-block-getwid-section__foreground\"><\/div><\/div><div class=\"wp-block-getwid-section__content\"><div class=\"wp-block-getwid-section__inner-content\">\n<h2 class=\"wp-block-heading\">TiKaz A Voyaj : un estudio con piscina<\/h2>\n\n\n\n<p>TiKaz a Voyaj le ofrece un encantador estudio en alquiler en Bouillante, Guadeloupe. Dispuesto y optimizado para una plena autonom\u00eda, le complacer\u00e1 por su encanto, su comodidad, la calma del entorno y las vistas que ofrece Tikaz a Voyaj. 19,2m2 de pura felicidad. Perfecto para una estancia en solitario o en pareja.<\/p>\n<\/div><\/div><\/div><\/div><\/div>\n\n<div class=\"wp-block-getwid-section alignwide alignwide\"><div class=\"wp-block-getwid-section__wrapper\"><div class=\"wp-block-getwid-section__inner-wrapper\"><div class=\"wp-block-getwid-section__background-holder\"><div class=\"wp-block-getwid-section__background\"><\/div><div class=\"wp-block-getwid-section__foreground\"><\/div><\/div><div class=\"wp-block-getwid-section__content\"><div class=\"wp-block-getwid-section__inner-content\">\n<p>El estudio est\u00e1 equipado con : <\/p>\n\n\n\n<ul class=\"wp-block-list\"><li>Una cama doble<\/li><li>Un cuarto de ducha con WC<\/li><li>Una cocina americana equipada<\/li><\/ul>\n\n\n\n<p>Al final del d\u00eda, puedes reunirte alrededor de la piscina frente a la puesta de sol. \u00bfQu\u00e9 puede ser m\u00e1s rom\u00e1ntico y relajante?<\/p>\n\n\n\n<figure class=\"wp-block-gallery has-nested-images columns-7 is-cropped wp-block-gallery-1 is-layout-flex wp-block-gallery-is-layout-flex\">\n<figure class=\"wp-block-image size-large\"><a href=\"https:\/\/i0.wp.com\/tikaz-voyaj.com\/wp-content\/uploads\/2022\/04\/studio-tikaz-voyaj-location-saisonniere-guadeloupe-entree-1024x768.jpg?ssl=1\"><img data-recalc-dims=\"1\" loading=\"lazy\" decoding=\"async\" width=\"892\" height=\"669\" src=\"https:\/\/i0.wp.com\/tikaz-voyaj.com\/wp-content\/uploads\/2022\/04\/studio-tikaz-voyaj-location-saisonniere-guadeloupe-entree-1024x768.jpg?resize=892%2C669&#038;ssl=1\" alt=\"studio-tikaz-voyaj-location-saisonniere-guadeloupe-entree\" class=\"wp-image-2639\" srcset=\"https:\/\/i0.wp.com\/tikaz-voyaj.com\/wp-content\/uploads\/2022\/04\/studio-tikaz-voyaj-location-saisonniere-guadeloupe-entree.jpg?resize=1024%2C768&amp;ssl=1 1024w, https:\/\/i0.wp.com\/tikaz-voyaj.com\/wp-content\/uploads\/2022\/04\/studio-tikaz-voyaj-location-saisonniere-guadeloupe-entree.jpg?resize=300%2C225&amp;ssl=1 300w, https:\/\/i0.wp.com\/tikaz-voyaj.com\/wp-content\/uploads\/2022\/04\/studio-tikaz-voyaj-location-saisonniere-guadeloupe-entree.jpg?resize=768%2C576&amp;ssl=1 768w, https:\/\/i0.wp.com\/tikaz-voyaj.com\/wp-content\/uploads\/2022\/04\/studio-tikaz-voyaj-location-saisonniere-guadeloupe-entree.jpg?resize=892%2C669&amp;ssl=1 892w, https:\/\/i0.wp.com\/tikaz-voyaj.com\/wp-content\/uploads\/2022\/04\/studio-tikaz-voyaj-location-saisonniere-guadeloupe-entree.jpg?w=1200&amp;ssl=1 1200w\" sizes=\"(max-width: 892px) 100vw, 892px\" \/><\/a><\/figure>\n\n\n\n<figure class=\"wp-block-image size-large\"><a href=\"https:\/\/i0.wp.com\/tikaz-voyaj.com\/wp-content\/uploads\/2022\/04\/studio-tikaz-voyaj-location-saisonniere-guadeloupe-chambre-1024x768.jpg?ssl=1\"><img data-recalc-dims=\"1\" loading=\"lazy\" decoding=\"async\" width=\"892\" height=\"669\" src=\"https:\/\/i0.wp.com\/tikaz-voyaj.com\/wp-content\/uploads\/2022\/04\/studio-tikaz-voyaj-location-saisonniere-guadeloupe-chambre.jpg?resize=892%2C669&#038;ssl=1\" alt=\"studio-tikaz-voyaj-location-saisonniere-guadeloupe-chambre\" class=\"wp-image-2635\" srcset=\"https:\/\/i0.wp.com\/tikaz-voyaj.com\/wp-content\/uploads\/2022\/04\/studio-tikaz-voyaj-location-saisonniere-guadeloupe-chambre.jpg?resize=1024%2C768&amp;ssl=1 1024w, https:\/\/i0.wp.com\/tikaz-voyaj.com\/wp-content\/uploads\/2022\/04\/studio-tikaz-voyaj-location-saisonniere-guadeloupe-chambre.jpg?resize=300%2C225&amp;ssl=1 300w, https:\/\/i0.wp.com\/tikaz-voyaj.com\/wp-content\/uploads\/2022\/04\/studio-tikaz-voyaj-location-saisonniere-guadeloupe-chambre.jpg?resize=768%2C576&amp;ssl=1 768w, https:\/\/i0.wp.com\/tikaz-voyaj.com\/wp-content\/uploads\/2022\/04\/studio-tikaz-voyaj-location-saisonniere-guadeloupe-chambre.jpg?resize=892%2C669&amp;ssl=1 892w, https:\/\/i0.wp.com\/tikaz-voyaj.com\/wp-content\/uploads\/2022\/04\/studio-tikaz-voyaj-location-saisonniere-guadeloupe-chambre.jpg?w=1200&amp;ssl=1 1200w\" sizes=\"(max-width: 892px) 100vw, 892px\" \/><\/a><\/figure>\n\n\n\n<figure class=\"wp-block-image size-large\"><a href=\"https:\/\/i0.wp.com\/tikaz-voyaj.com\/wp-content\/uploads\/2022\/04\/studio-bouillante-tikaz-voyaj-vue-terrasse-1024x768.jpg?ssl=1\"><img data-recalc-dims=\"1\" loading=\"lazy\" decoding=\"async\" width=\"892\" height=\"669\" src=\"https:\/\/i0.wp.com\/tikaz-voyaj.com\/wp-content\/uploads\/2022\/04\/studio-bouillante-tikaz-voyaj-vue-terrasse.jpg?resize=892%2C669&#038;ssl=1\" alt=\"studio-bouillante-tikaz-voyaj-vue-terrasse\" class=\"wp-image-2631\" srcset=\"https:\/\/i0.wp.com\/tikaz-voyaj.com\/wp-content\/uploads\/2022\/04\/studio-bouillante-tikaz-voyaj-vue-terrasse.jpg?resize=1024%2C768&amp;ssl=1 1024w, https:\/\/i0.wp.com\/tikaz-voyaj.com\/wp-content\/uploads\/2022\/04\/studio-bouillante-tikaz-voyaj-vue-terrasse.jpg?resize=300%2C225&amp;ssl=1 300w, https:\/\/i0.wp.com\/tikaz-voyaj.com\/wp-content\/uploads\/2022\/04\/studio-bouillante-tikaz-voyaj-vue-terrasse.jpg?resize=768%2C576&amp;ssl=1 768w, https:\/\/i0.wp.com\/tikaz-voyaj.com\/wp-content\/uploads\/2022\/04\/studio-bouillante-tikaz-voyaj-vue-terrasse.jpg?resize=892%2C669&amp;ssl=1 892w, https:\/\/i0.wp.com\/tikaz-voyaj.com\/wp-content\/uploads\/2022\/04\/studio-bouillante-tikaz-voyaj-vue-terrasse.jpg?w=1200&amp;ssl=1 1200w\" sizes=\"(max-width: 892px) 100vw, 892px\" \/><\/a><\/figure>\n\n\n\n<figure class=\"wp-block-image size-large\"><a href=\"https:\/\/i0.wp.com\/tikaz-voyaj.com\/wp-content\/uploads\/2022\/04\/studio-bouillante-tikaz-voyaj-cuisine-1024x768.jpg?ssl=1\"><img data-recalc-dims=\"1\" loading=\"lazy\" decoding=\"async\" width=\"892\" height=\"669\" src=\"https:\/\/i0.wp.com\/tikaz-voyaj.com\/wp-content\/uploads\/2022\/04\/studio-bouillante-tikaz-voyaj-cuisine.jpg?resize=892%2C669&#038;ssl=1\" alt=\"studio-bouillante-tikaz-voyaj-cuisine\" class=\"wp-image-2627\" srcset=\"https:\/\/i0.wp.com\/tikaz-voyaj.com\/wp-content\/uploads\/2022\/04\/studio-bouillante-tikaz-voyaj-cuisine.jpg?resize=1024%2C768&amp;ssl=1 1024w, https:\/\/i0.wp.com\/tikaz-voyaj.com\/wp-content\/uploads\/2022\/04\/studio-bouillante-tikaz-voyaj-cuisine.jpg?resize=300%2C225&amp;ssl=1 300w, https:\/\/i0.wp.com\/tikaz-voyaj.com\/wp-content\/uploads\/2022\/04\/studio-bouillante-tikaz-voyaj-cuisine.jpg?resize=768%2C576&amp;ssl=1 768w, https:\/\/i0.wp.com\/tikaz-voyaj.com\/wp-content\/uploads\/2022\/04\/studio-bouillante-tikaz-voyaj-cuisine.jpg?resize=892%2C669&amp;ssl=1 892w, https:\/\/i0.wp.com\/tikaz-voyaj.com\/wp-content\/uploads\/2022\/04\/studio-bouillante-tikaz-voyaj-cuisine.jpg?w=1200&amp;ssl=1 1200w\" sizes=\"(max-width: 892px) 100vw, 892px\" \/><\/a><\/figure>\n\n\n\n<figure class=\"wp-block-image size-large\"><a href=\"https:\/\/i0.wp.com\/tikaz-voyaj.com\/wp-content\/uploads\/2022\/04\/location-studio-bouillante-guadeloupe-cuisine-01-1024x768.jpg?ssl=1\"><img data-recalc-dims=\"1\" loading=\"lazy\" decoding=\"async\" width=\"892\" height=\"669\" src=\"https:\/\/i0.wp.com\/tikaz-voyaj.com\/wp-content\/uploads\/2022\/04\/location-studio-bouillante-guadeloupe-cuisine-01.jpg?resize=892%2C669&#038;ssl=1\" alt=\"location-studio-bouillante-guadeloupe-cuisine-01\" class=\"wp-image-2623\" srcset=\"https:\/\/i0.wp.com\/tikaz-voyaj.com\/wp-content\/uploads\/2022\/04\/location-studio-bouillante-guadeloupe-cuisine-01.jpg?resize=1024%2C768&amp;ssl=1 1024w, https:\/\/i0.wp.com\/tikaz-voyaj.com\/wp-content\/uploads\/2022\/04\/location-studio-bouillante-guadeloupe-cuisine-01.jpg?resize=300%2C225&amp;ssl=1 300w, https:\/\/i0.wp.com\/tikaz-voyaj.com\/wp-content\/uploads\/2022\/04\/location-studio-bouillante-guadeloupe-cuisine-01.jpg?resize=768%2C576&amp;ssl=1 768w, https:\/\/i0.wp.com\/tikaz-voyaj.com\/wp-content\/uploads\/2022\/04\/location-studio-bouillante-guadeloupe-cuisine-01.jpg?resize=892%2C669&amp;ssl=1 892w, https:\/\/i0.wp.com\/tikaz-voyaj.com\/wp-content\/uploads\/2022\/04\/location-studio-bouillante-guadeloupe-cuisine-01.jpg?w=1200&amp;ssl=1 1200w\" sizes=\"(max-width: 892px) 100vw, 892px\" \/><\/a><\/figure>\n<\/figure>\n<\/div><\/div><\/div><\/div><\/div>\n\n<div class=\"wp-block-getwid-section alignwide alignwide\"><div class=\"wp-block-getwid-section__wrapper\"><div class=\"wp-block-getwid-section__inner-wrapper\"><div class=\"wp-block-getwid-section__background-holder\"><div class=\"wp-block-getwid-section__background\"><\/div><div class=\"wp-block-getwid-section__foreground\"><\/div><\/div><div class=\"wp-block-getwid-section__content\"><div class=\"wp-block-getwid-section__inner-content\">\n<h2 class=\"wp-block-heading\">\u00bfPor qu\u00e9 alquilar un estudio en Bouillante?<\/h2>\n\n\n\n<h3 class=\"wp-block-heading\">Un peque\u00f1o capullo junto al mar<\/h3>\n\n\n\n<p>Alquilar un estudio para las vacaciones en Guadeloupe es ofrecer un peque\u00f1o capullo para pasar un momento agradable solo o en pareja. Tambi\u00e9n es una buena manera de ahorrar dinero: menos superficie, por lo tanto, m\u00e1s barata. Tener tu propia cocina tambi\u00e9n significa que no tienes que salir al restaurante para cada comida.<\/p>\n\n\n\n<p>La ventaja del estudio es que eres aut\u00f3nomo y no dependes de la f\u00f3rmula \u00abtodo incluido\u00bb que ofrecen muchos hoteles.<\/p>\n\n\n\n<h3 class=\"wp-block-heading\">Unas vacaciones ideales en Basse-Terre<\/h3>\n\n\n\n<p>El estudio est\u00e1 situado cerca de la carretera de paso que llega a Grande-Terre en s\u00f3lo 30 minutos. Tambi\u00e9n est\u00e1 muy cerca de la playa de Malendure y de la famosa reserva de Cousteau para descubrir buceando o haciendo snorkel. Preg\u00fantenos, podremos informarle.<\/p>\n\n\n\n<p>P\u00f3ngase en contacto con el centro de <a href=\"http:\/\/www.ppk-plongee-guadeloupe.com\/\">buceo PPK<\/a>, a s\u00f3lo 5 minutos en coche, en la playa de Malendure. Le recibir\u00e1 un equipo de entusiastas que le ayudar\u00e1n a descubrir los fondos marinos de la reserva natural.<\/p>\n\n\n\n<p>Despu\u00e9s de un buen d\u00eda de buceo o senderismo, disfrutar\u00e1 volviendo al estudio y descansando junto a la piscina, con un c\u00f3ctel en la mano, viendo la puesta de sol sobre el mar Caribe.<\/p>\n<\/div><\/div><\/div><\/div><\/div>\n","protected":false},"excerpt":{"rendered":"","protected":false},"author":1,"featured_media":0,"parent":0,"menu_order":0,"comment_status":"closed","ping_status":"closed","template":"","meta":{"inline_featured_image":false,"footnotes":""},"class_list":["post-5410","page","type-page","status-publish","hentry"],"yoast_head":"<!-- This site is optimized with the Yoast SEO plugin v25.6 - https:\/\/yoast.com\/wordpress\/plugins\/seo\/ -->\n<title>Alquiler estudio Bouillante - Guadeloupe - TiKaz a Voyaj<\/title>\n<meta name=\"description\" content=\"Alquiler Estudio Guadeloupe. Alojamiento de temporada en Bouillante. Piscina, Puesta de sol, Terraza, Cocina equipada, Todas las comodidades\" \/>\n<meta name=\"robots\" content=\"index, follow, max-snippet:-1, max-image-preview:large, max-video-preview:-1\" \/>\n<link rel=\"canonical\" href=\"https:\/\/tikaz-voyaj.com\/es\/estudio-vacaciones-guadeloupe\/\" \/>\n<meta property=\"og:locale\" content=\"es_ES\" \/>\n<meta property=\"og:type\" content=\"article\" \/>\n<meta property=\"og:title\" content=\"Alquiler estudio Bouillante - Guadeloupe - TiKaz a Voyaj\" \/>\n<meta property=\"og:description\" content=\"Alquiler Estudio Guadeloupe. Alojamiento de temporada en Bouillante. Piscina, Puesta de sol, Terraza, Cocina equipada, Todas las comodidades\" \/>\n<meta property=\"og:url\" content=\"https:\/\/tikaz-voyaj.com\/es\/estudio-vacaciones-guadeloupe\/\" \/>\n<meta property=\"og:site_name\" content=\"TiKaz a Voyaj\" \/>\n<meta property=\"article:modified_time\" content=\"2023-06-01T18:38:02+00:00\" \/>\n<meta property=\"og:image\" content=\"https:\/\/tikaz-voyaj.com\/wp-content\/uploads\/2022\/04\/studio-tikaz-voyaj-location-saisonniere-guadeloupe-une.jpg\" \/>\n<meta name=\"twitter:card\" content=\"summary_large_image\" \/>\n<meta name=\"twitter:label1\" content=\"Tiempo de lectura\" \/>\n\t<meta name=\"twitter:data1\" content=\"2 minutos\" \/>\n<script type=\"application\/ld+json\" class=\"yoast-schema-graph\">{\"@context\":\"https:\/\/schema.org\",\"@graph\":[{\"@type\":\"WebPage\",\"@id\":\"https:\/\/tikaz-voyaj.com\/es\/estudio-vacaciones-guadeloupe\/\",\"url\":\"https:\/\/tikaz-voyaj.com\/es\/estudio-vacaciones-guadeloupe\/\",\"name\":\"Alquiler estudio Bouillante - Guadeloupe - TiKaz a Voyaj\",\"isPartOf\":{\"@id\":\"https:\/\/tikaz-voyaj.com\/es\/#website\"},\"primaryImageOfPage\":{\"@id\":\"https:\/\/tikaz-voyaj.com\/es\/estudio-vacaciones-guadeloupe\/#primaryimage\"},\"image\":{\"@id\":\"https:\/\/tikaz-voyaj.com\/es\/estudio-vacaciones-guadeloupe\/#primaryimage\"},\"thumbnailUrl\":\"https:\/\/tikaz-voyaj.com\/wp-content\/uploads\/2022\/04\/studio-tikaz-voyaj-location-saisonniere-guadeloupe-une.jpg\",\"datePublished\":\"2022-04-25T10:27:38+00:00\",\"dateModified\":\"2023-06-01T18:38:02+00:00\",\"description\":\"Alquiler Estudio Guadeloupe. Alojamiento de temporada en Bouillante. Piscina, Puesta de sol, Terraza, Cocina equipada, Todas las comodidades\",\"breadcrumb\":{\"@id\":\"https:\/\/tikaz-voyaj.com\/es\/estudio-vacaciones-guadeloupe\/#breadcrumb\"},\"inLanguage\":\"es\",\"potentialAction\":[{\"@type\":\"ReadAction\",\"target\":[\"https:\/\/tikaz-voyaj.com\/es\/estudio-vacaciones-guadeloupe\/\"]}]},{\"@type\":\"ImageObject\",\"inLanguage\":\"es\",\"@id\":\"https:\/\/tikaz-voyaj.com\/es\/estudio-vacaciones-guadeloupe\/#primaryimage\",\"url\":\"https:\/\/tikaz-voyaj.com\/wp-content\/uploads\/2022\/04\/studio-tikaz-voyaj-location-saisonniere-guadeloupe-une.jpg\",\"contentUrl\":\"https:\/\/tikaz-voyaj.com\/wp-content\/uploads\/2022\/04\/studio-tikaz-voyaj-location-saisonniere-guadeloupe-une.jpg\"},{\"@type\":\"BreadcrumbList\",\"@id\":\"https:\/\/tikaz-voyaj.com\/es\/estudio-vacaciones-guadeloupe\/#breadcrumb\",\"itemListElement\":[{\"@type\":\"ListItem\",\"position\":1,\"name\":\"Accueil\",\"item\":\"https:\/\/tikaz-voyaj.com\/es\/\"},{\"@type\":\"ListItem\",\"position\":2,\"name\":\"Estudio vacaciones Guadeloupe\"}]},{\"@type\":\"WebSite\",\"@id\":\"https:\/\/tikaz-voyaj.com\/es\/#website\",\"url\":\"https:\/\/tikaz-voyaj.com\/es\/\",\"name\":\"TiKaz a Voyaj\",\"description\":\"\",\"potentialAction\":[{\"@type\":\"SearchAction\",\"target\":{\"@type\":\"EntryPoint\",\"urlTemplate\":\"https:\/\/tikaz-voyaj.com\/es\/?s={search_term_string}\"},\"query-input\":{\"@type\":\"PropertyValueSpecification\",\"valueRequired\":true,\"valueName\":\"search_term_string\"}}],\"inLanguage\":\"es\"}]}<\/script>\n<!-- \/ Yoast SEO plugin. -->","yoast_head_json":{"title":"Alquiler estudio Bouillante - Guadeloupe - TiKaz a Voyaj","description":"Alquiler Estudio Guadeloupe. Alojamiento de temporada en Bouillante. Piscina, Puesta de sol, Terraza, Cocina equipada, Todas las comodidades","robots":{"index":"index","follow":"follow","max-snippet":"max-snippet:-1","max-image-preview":"max-image-preview:large","max-video-preview":"max-video-preview:-1"},"canonical":"https:\/\/tikaz-voyaj.com\/es\/estudio-vacaciones-guadeloupe\/","og_locale":"es_ES","og_type":"article","og_title":"Alquiler estudio Bouillante - Guadeloupe - TiKaz a Voyaj","og_description":"Alquiler Estudio Guadeloupe. Alojamiento de temporada en Bouillante. Piscina, Puesta de sol, Terraza, Cocina equipada, Todas las comodidades","og_url":"https:\/\/tikaz-voyaj.com\/es\/estudio-vacaciones-guadeloupe\/","og_site_name":"TiKaz a Voyaj","article_modified_time":"2023-06-01T18:38:02+00:00","og_image":[{"url":"https:\/\/tikaz-voyaj.com\/wp-content\/uploads\/2022\/04\/studio-tikaz-voyaj-location-saisonniere-guadeloupe-une.jpg","type":"","width":"","height":""}],"twitter_card":"summary_large_image","twitter_misc":{"Tiempo de lectura":"2 minutos"},"schema":{"@context":"https:\/\/schema.org","@graph":[{"@type":"WebPage","@id":"https:\/\/tikaz-voyaj.com\/es\/estudio-vacaciones-guadeloupe\/","url":"https:\/\/tikaz-voyaj.com\/es\/estudio-vacaciones-guadeloupe\/","name":"Alquiler estudio Bouillante - Guadeloupe - TiKaz a Voyaj","isPartOf":{"@id":"https:\/\/tikaz-voyaj.com\/es\/#website"},"primaryImageOfPage":{"@id":"https:\/\/tikaz-voyaj.com\/es\/estudio-vacaciones-guadeloupe\/#primaryimage"},"image":{"@id":"https:\/\/tikaz-voyaj.com\/es\/estudio-vacaciones-guadeloupe\/#primaryimage"},"thumbnailUrl":"https:\/\/tikaz-voyaj.com\/wp-content\/uploads\/2022\/04\/studio-tikaz-voyaj-location-saisonniere-guadeloupe-une.jpg","datePublished":"2022-04-25T10:27:38+00:00","dateModified":"2023-06-01T18:38:02+00:00","description":"Alquiler Estudio Guadeloupe. Alojamiento de temporada en Bouillante. Piscina, Puesta de sol, Terraza, Cocina equipada, Todas las comodidades","breadcrumb":{"@id":"https:\/\/tikaz-voyaj.com\/es\/estudio-vacaciones-guadeloupe\/#breadcrumb"},"inLanguage":"es","potentialAction":[{"@type":"ReadAction","target":["https:\/\/tikaz-voyaj.com\/es\/estudio-vacaciones-guadeloupe\/"]}]},{"@type":"ImageObject","inLanguage":"es","@id":"https:\/\/tikaz-voyaj.com\/es\/estudio-vacaciones-guadeloupe\/#primaryimage","url":"https:\/\/tikaz-voyaj.com\/wp-content\/uploads\/2022\/04\/studio-tikaz-voyaj-location-saisonniere-guadeloupe-une.jpg","contentUrl":"https:\/\/tikaz-voyaj.com\/wp-content\/uploads\/2022\/04\/studio-tikaz-voyaj-location-saisonniere-guadeloupe-une.jpg"},{"@type":"BreadcrumbList","@id":"https:\/\/tikaz-voyaj.com\/es\/estudio-vacaciones-guadeloupe\/#breadcrumb","itemListElement":[{"@type":"ListItem","position":1,"name":"Accueil","item":"https:\/\/tikaz-voyaj.com\/es\/"},{"@type":"ListItem","position":2,"name":"Estudio vacaciones Guadeloupe"}]},{"@type":"WebSite","@id":"https:\/\/tikaz-voyaj.com\/es\/#website","url":"https:\/\/tikaz-voyaj.com\/es\/","name":"TiKaz a Voyaj","description":"","potentialAction":[{"@type":"SearchAction","target":{"@type":"EntryPoint","urlTemplate":"https:\/\/tikaz-voyaj.com\/es\/?s={search_term_string}"},"query-input":{"@type":"PropertyValueSpecification","valueRequired":true,"valueName":"search_term_string"}}],"inLanguage":"es"}]}},"jetpack_sharing_enabled":true,"_links":{"self":[{"href":"https:\/\/tikaz-voyaj.com\/es\/wp-json\/wp\/v2\/pages\/5410"}],"collection":[{"href":"https:\/\/tikaz-voyaj.com\/es\/wp-json\/wp\/v2\/pages"}],"about":[{"href":"https:\/\/tikaz-voyaj.com\/es\/wp-json\/wp\/v2\/types\/page"}],"author":[{"embeddable":true,"href":"https:\/\/tikaz-voyaj.com\/es\/wp-json\/wp\/v2\/users\/1"}],"replies":[{"embeddable":true,"href":"https:\/\/tikaz-voyaj.com\/es\/wp-json\/wp\/v2\/comments?post=5410"}],"version-history":[{"count":3,"href":"https:\/\/tikaz-voyaj.com\/es\/wp-json\/wp\/v2\/pages\/5410\/revisions"}],"predecessor-version":[{"id":6276,"href":"https:\/\/tikaz-voyaj.com\/es\/wp-json\/wp\/v2\/pages\/5410\/revisions\/6276"}],"wp:attachment":[{"href":"https:\/\/tikaz-voyaj.com\/es\/wp-json\/wp\/v2\/media?parent=5410"}],"curies":[{"name":"wp","href":"https:\/\/api.w.org\/{rel}","templated":true}]}}