{"id":5407,"date":"2021-06-06T14:22:11","date_gmt":"2021-06-06T14:22:11","guid":{"rendered":"https:\/\/tikaz-voyaj.com\/estancia-de-buceo-guadalupe\/"},"modified":"2023-06-01T19:55:50","modified_gmt":"2023-06-01T19:55:50","slug":"estancia-de-buceo-guadalupe","status":"publish","type":"page","link":"https:\/\/tikaz-voyaj.com\/es\/estancia-de-buceo-guadalupe\/","title":{"rendered":"Estancia de buceo Guadalupe"},"content":{"rendered":"\n<div class=\"wp-block-getwid-section alignfull\" style=\"margin-bottom:82px\"><div class=\"wp-block-getwid-section__wrapper\" style=\"padding-top:141px;padding-bottom:152px\"><div class=\"wp-block-getwid-section__inner-wrapper\"><div class=\"wp-block-getwid-section__background-holder\"><div class=\"wp-block-getwid-section__background\" style=\"background-image:url('https:\/\/tikaz-voyaj.com\/wp-content\/uploads\/2021\/06\/plongee-ppk-tikaz-voyaj-bouillante-16.jpeg')\"><div class=\"wp-block-getwid-section__background-image-wrapper\"><img data-recalc-dims=\"1\" decoding=\"async\" class=\"wp-block-getwid-section__background-image\" src=\"https:\/\/i0.wp.com\/tikaz-voyaj.com\/wp-content\/uploads\/2021\/06\/plongee-ppk-tikaz-voyaj-bouillante-16.jpeg?w=892&#038;ssl=1\" alt=\"plongee-ppk-tikaz-voyaj-bouillante-16\"\/><\/div><\/div><div class=\"wp-block-getwid-section__foreground\"><\/div><\/div><div class=\"wp-block-getwid-section__content\"><div class=\"wp-block-getwid-section__inner-content\">\n<h2 class=\"has-text-align-center wp-block-heading\"><mark style=\"background-color:rgba(0, 0, 0, 0)\" class=\"has-inline-color has-white-color\">Estancia de buceo para grupos en Guadeloupe<\/mark><\/h2>\n<\/div><\/div><\/div><\/div><\/div>\n\n<div class=\"wp-block-getwid-section alignwide alignwide\"><div class=\"wp-block-getwid-section__wrapper\"><div class=\"wp-block-getwid-section__inner-wrapper\"><div class=\"wp-block-getwid-section__background-holder\"><div class=\"wp-block-getwid-section__background\"><\/div><div class=\"wp-block-getwid-section__foreground\"><\/div><\/div><div class=\"wp-block-getwid-section__content\"><div class=\"wp-block-getwid-section__inner-content\">\n<h2 class=\"wp-block-heading\">Vacaciones de buceo en Guadeloupe con TiKaz a Voyaj<\/h2>\n\n\n\n<p>TiKaz a Voyaj le ofrece vacaciones de buceo con el club de buceo PPK. Ya sea con todo incluido, con media pensi\u00f3n o simplemente con un paquete de buceo para certificarse durante unos d\u00edas, elija lo que m\u00e1s le convenga.<\/p>\n\n\n\n<p>Esta oferta es adecuada para grupos de 8 personas o m\u00e1s<\/p>\n\n\n\n<p>Ti Kaz le ofrece, gracias a sus diferentes socios, los siguientes paquetes.<\/p>\n\n\n\n<h3 class=\"wp-block-heading\">Estancia de buceo con todo incluido<\/h3>\n\n\n\n<p>No te ocupas de nada. Reserve y nosotros nos encargamos del resto. Acogemos a grupos de 8 buceadores o m\u00e1s y el alojamiento, las comidas, el alquiler del coche y las inmersiones est\u00e1n incluidos en el paquete. Para m\u00e1s detalles, esto es lo que incluye una estancia con todo incluido en TiKaz a Voyaj:<\/p>\n\n\n\n<ul class=\"wp-block-list\"><li>Alquiler de uno o varios <a href=\"https:\/\/tikaz-voyaj.com\/es\/bungalows-guadeloupe\/\">bungalows<\/a> y\/o de la <a href=\"https:\/\/tikaz-voyaj.com\/es\/alquiler-de-chalets-guadeloupe\/\">villa Karukera<\/a><\/li><li>Desayuno y cena en uno de nuestros restaurantes asociados<\/li><li>Alquiler de coches en el aeropuerto<\/li><li>Equipo de buceo<\/li><li>2 inmersiones al d\u00eda O entrenamiento<\/li><\/ul>\n\n\n\n<figure class=\"wp-block-embed is-type-video is-provider-youtube wp-block-embed-youtube wp-embed-aspect-16-9 wp-has-aspect-ratio\"><div class=\"wp-block-embed__wrapper\">\n<iframe loading=\"lazy\" title=\"PPK Plong\u00e9e Guadeloupe - R\u00e9serve Cousteau\" width=\"892\" height=\"502\" src=\"https:\/\/www.youtube.com\/embed\/qqa2WVY2-8U?feature=oembed\" frameborder=\"0\" allow=\"accelerometer; autoplay; clipboard-write; encrypted-media; gyroscope; picture-in-picture; web-share\" allowfullscreen><\/iframe>\n<\/div><figcaption>Inmersi\u00f3n en la Reserva Cousteau con PPK Plong\u00e9e<\/figcaption><\/figure>\n\n\n\n<h3 class=\"wp-block-heading\">Vacaciones de buceo en r\u00e9gimen de media pensi\u00f3n<\/h3>\n\n\n\n<p>El viaje de buceo en media pensi\u00f3n es casi igual que el paquete anterior, salvo que la cena no est\u00e1 incluida. Sin embargo, tendr\u00e1 los contactos de nuestros restaurantes asociados que le ofrecer\u00e1n tarifas interesantes si viene de nuestra parte. En resumen, el paquete de media pensi\u00f3n incluye:<\/p>\n\n\n\n<ul class=\"wp-block-list\"><li>Alquiler de uno o varios de nuestros alojamientos (bungalows y\/o villas)<\/li><li>Desayuno<\/li><li>Alquiler de coches en el aeropuerto<\/li><li>Equipo de buceo<\/li><li>2 inmersiones al d\u00eda O entrenamiento<\/li><\/ul>\n\n\n\n<h3 class=\"wp-block-heading\">Estancia de buceo sin comidas<\/h3>\n\n\n\n<p>Aqu\u00ed tienes m\u00e1s flexibilidad para las comidas. \u00bfLe gustar\u00eda descubrir todos los restaurantes de la isla o simplemente preparar sus propias comidas en la cocina de su terraza frente al mar? No es necesario llevar el paquete con las comidas. Aqu\u00ed incluimos en este paquete. Este paquete incluye:<\/p>\n\n\n\n<ul class=\"wp-block-list\"><li>Alquiler de alojamiento<\/li><li>Alquiler de coches<\/li><li>Equipo de buceo<\/li><li>2 inmersiones por d\u00eda<\/li><\/ul>\n\n\n\n<h3 class=\"wp-block-heading\">\u00bfPor qu\u00e9 elegir unas vacaciones de buceo con TiKaz a Voyaj?<\/h3>\n\n\n\n<p>Al ofrecerle unas vacaciones de buceo en Bouillante durante 1 semana, tendr\u00e1 el tiempo necesario para descubrir los sitios de buceo m\u00e1s bellos de la Reserva Cousteau, o para pasar las certificaciones que le convengan y tener todo en el lugar. No tiene que preocuparse de nada y los viajes estar\u00e1n hechos a la medida de su grupo. TiKaz a Voyaj est\u00e1 a s\u00f3lo 5 minutos de PPK, y en t\u00e9rminos de restauraci\u00f3n, todo est\u00e1 cerca.<\/p>\n\n\n\n<p>Gracias a los diferentes paquetes para grupos que ofrecemos, podr\u00e1 ahorrar dinero en inmersiones y alojamiento.<\/p>\n\n\n\n<p>Todav\u00eda tendr\u00e1 tiempo para explorar el resto de la isla. Las inmersiones suelen ser por la ma\u00f1ana, de modo que las tardes quedan libres para hacer senderismo, descubrir cascadas y las hermosas playas de Guadeloupe.<\/p>\n<\/div><\/div><\/div><\/div><\/div>\n\n<p><\/p>\n","protected":false},"excerpt":{"rendered":"","protected":false},"author":1,"featured_media":0,"parent":0,"menu_order":0,"comment_status":"closed","ping_status":"closed","template":"","meta":{"inline_featured_image":false,"footnotes":""},"class_list":["post-5407","page","type-page","status-publish","hentry"],"yoast_head":"<!-- This site is optimized with the Yoast SEO plugin v25.6 - https:\/\/yoast.com\/wordpress\/plugins\/seo\/ -->\n<title>Estancia de buceo Guadalupe - TiKaz a Voyaj<\/title>\n<meta name=\"robots\" content=\"index, follow, max-snippet:-1, max-image-preview:large, max-video-preview:-1\" \/>\n<link rel=\"canonical\" href=\"https:\/\/tikaz-voyaj.com\/es\/estancia-de-buceo-guadalupe\/\" \/>\n<meta property=\"og:locale\" content=\"es_ES\" \/>\n<meta property=\"og:type\" content=\"article\" \/>\n<meta property=\"og:title\" content=\"Estancia de buceo Guadalupe - TiKaz a Voyaj\" \/>\n<meta property=\"og:url\" content=\"https:\/\/tikaz-voyaj.com\/es\/estancia-de-buceo-guadalupe\/\" \/>\n<meta property=\"og:site_name\" content=\"TiKaz a Voyaj\" \/>\n<meta property=\"article:modified_time\" content=\"2023-06-01T19:55:50+00:00\" \/>\n<meta property=\"og:image\" content=\"https:\/\/tikaz-voyaj.com\/wp-content\/uploads\/2021\/06\/plongee-ppk-tikaz-voyaj-bouillante-16.jpeg\" \/>\n<meta name=\"twitter:card\" content=\"summary_large_image\" \/>\n<meta name=\"twitter:label1\" content=\"Tiempo de lectura\" \/>\n\t<meta name=\"twitter:data1\" content=\"2 minutos\" \/>\n<script type=\"application\/ld+json\" class=\"yoast-schema-graph\">{\"@context\":\"https:\/\/schema.org\",\"@graph\":[{\"@type\":\"WebPage\",\"@id\":\"https:\/\/tikaz-voyaj.com\/es\/estancia-de-buceo-guadalupe\/\",\"url\":\"https:\/\/tikaz-voyaj.com\/es\/estancia-de-buceo-guadalupe\/\",\"name\":\"Estancia de buceo Guadalupe - TiKaz a Voyaj\",\"isPartOf\":{\"@id\":\"https:\/\/tikaz-voyaj.com\/es\/#website\"},\"primaryImageOfPage\":{\"@id\":\"https:\/\/tikaz-voyaj.com\/es\/estancia-de-buceo-guadalupe\/#primaryimage\"},\"image\":{\"@id\":\"https:\/\/tikaz-voyaj.com\/es\/estancia-de-buceo-guadalupe\/#primaryimage\"},\"thumbnailUrl\":\"https:\/\/tikaz-voyaj.com\/wp-content\/uploads\/2021\/06\/plongee-ppk-tikaz-voyaj-bouillante-16.jpeg\",\"datePublished\":\"2021-06-06T14:22:11+00:00\",\"dateModified\":\"2023-06-01T19:55:50+00:00\",\"breadcrumb\":{\"@id\":\"https:\/\/tikaz-voyaj.com\/es\/estancia-de-buceo-guadalupe\/#breadcrumb\"},\"inLanguage\":\"es\",\"potentialAction\":[{\"@type\":\"ReadAction\",\"target\":[\"https:\/\/tikaz-voyaj.com\/es\/estancia-de-buceo-guadalupe\/\"]}]},{\"@type\":\"ImageObject\",\"inLanguage\":\"es\",\"@id\":\"https:\/\/tikaz-voyaj.com\/es\/estancia-de-buceo-guadalupe\/#primaryimage\",\"url\":\"https:\/\/tikaz-voyaj.com\/wp-content\/uploads\/2021\/06\/plongee-ppk-tikaz-voyaj-bouillante-16.jpeg\",\"contentUrl\":\"https:\/\/tikaz-voyaj.com\/wp-content\/uploads\/2021\/06\/plongee-ppk-tikaz-voyaj-bouillante-16.jpeg\"},{\"@type\":\"BreadcrumbList\",\"@id\":\"https:\/\/tikaz-voyaj.com\/es\/estancia-de-buceo-guadalupe\/#breadcrumb\",\"itemListElement\":[{\"@type\":\"ListItem\",\"position\":1,\"name\":\"Accueil\",\"item\":\"https:\/\/tikaz-voyaj.com\/es\/\"},{\"@type\":\"ListItem\",\"position\":2,\"name\":\"Estancia de buceo Guadalupe\"}]},{\"@type\":\"WebSite\",\"@id\":\"https:\/\/tikaz-voyaj.com\/es\/#website\",\"url\":\"https:\/\/tikaz-voyaj.com\/es\/\",\"name\":\"TiKaz a Voyaj\",\"description\":\"\",\"potentialAction\":[{\"@type\":\"SearchAction\",\"target\":{\"@type\":\"EntryPoint\",\"urlTemplate\":\"https:\/\/tikaz-voyaj.com\/es\/?s={search_term_string}\"},\"query-input\":{\"@type\":\"PropertyValueSpecification\",\"valueRequired\":true,\"valueName\":\"search_term_string\"}}],\"inLanguage\":\"es\"}]}<\/script>\n<!-- \/ Yoast SEO plugin. -->","yoast_head_json":{"title":"Estancia de buceo Guadalupe - TiKaz a Voyaj","robots":{"index":"index","follow":"follow","max-snippet":"max-snippet:-1","max-image-preview":"max-image-preview:large","max-video-preview":"max-video-preview:-1"},"canonical":"https:\/\/tikaz-voyaj.com\/es\/estancia-de-buceo-guadalupe\/","og_locale":"es_ES","og_type":"article","og_title":"Estancia de buceo Guadalupe - TiKaz a Voyaj","og_url":"https:\/\/tikaz-voyaj.com\/es\/estancia-de-buceo-guadalupe\/","og_site_name":"TiKaz a Voyaj","article_modified_time":"2023-06-01T19:55:50+00:00","og_image":[{"url":"https:\/\/tikaz-voyaj.com\/wp-content\/uploads\/2021\/06\/plongee-ppk-tikaz-voyaj-bouillante-16.jpeg","type":"","width":"","height":""}],"twitter_card":"summary_large_image","twitter_misc":{"Tiempo de lectura":"2 minutos"},"schema":{"@context":"https:\/\/schema.org","@graph":[{"@type":"WebPage","@id":"https:\/\/tikaz-voyaj.com\/es\/estancia-de-buceo-guadalupe\/","url":"https:\/\/tikaz-voyaj.com\/es\/estancia-de-buceo-guadalupe\/","name":"Estancia de buceo Guadalupe - TiKaz a Voyaj","isPartOf":{"@id":"https:\/\/tikaz-voyaj.com\/es\/#website"},"primaryImageOfPage":{"@id":"https:\/\/tikaz-voyaj.com\/es\/estancia-de-buceo-guadalupe\/#primaryimage"},"image":{"@id":"https:\/\/tikaz-voyaj.com\/es\/estancia-de-buceo-guadalupe\/#primaryimage"},"thumbnailUrl":"https:\/\/tikaz-voyaj.com\/wp-content\/uploads\/2021\/06\/plongee-ppk-tikaz-voyaj-bouillante-16.jpeg","datePublished":"2021-06-06T14:22:11+00:00","dateModified":"2023-06-01T19:55:50+00:00","breadcrumb":{"@id":"https:\/\/tikaz-voyaj.com\/es\/estancia-de-buceo-guadalupe\/#breadcrumb"},"inLanguage":"es","potentialAction":[{"@type":"ReadAction","target":["https:\/\/tikaz-voyaj.com\/es\/estancia-de-buceo-guadalupe\/"]}]},{"@type":"ImageObject","inLanguage":"es","@id":"https:\/\/tikaz-voyaj.com\/es\/estancia-de-buceo-guadalupe\/#primaryimage","url":"https:\/\/tikaz-voyaj.com\/wp-content\/uploads\/2021\/06\/plongee-ppk-tikaz-voyaj-bouillante-16.jpeg","contentUrl":"https:\/\/tikaz-voyaj.com\/wp-content\/uploads\/2021\/06\/plongee-ppk-tikaz-voyaj-bouillante-16.jpeg"},{"@type":"BreadcrumbList","@id":"https:\/\/tikaz-voyaj.com\/es\/estancia-de-buceo-guadalupe\/#breadcrumb","itemListElement":[{"@type":"ListItem","position":1,"name":"Accueil","item":"https:\/\/tikaz-voyaj.com\/es\/"},{"@type":"ListItem","position":2,"name":"Estancia de buceo Guadalupe"}]},{"@type":"WebSite","@id":"https:\/\/tikaz-voyaj.com\/es\/#website","url":"https:\/\/tikaz-voyaj.com\/es\/","name":"TiKaz a Voyaj","description":"","potentialAction":[{"@type":"SearchAction","target":{"@type":"EntryPoint","urlTemplate":"https:\/\/tikaz-voyaj.com\/es\/?s={search_term_string}"},"query-input":{"@type":"PropertyValueSpecification","valueRequired":true,"valueName":"search_term_string"}}],"inLanguage":"es"}]}},"jetpack_sharing_enabled":true,"_links":{"self":[{"href":"https:\/\/tikaz-voyaj.com\/es\/wp-json\/wp\/v2\/pages\/5407"}],"collection":[{"href":"https:\/\/tikaz-voyaj.com\/es\/wp-json\/wp\/v2\/pages"}],"about":[{"href":"https:\/\/tikaz-voyaj.com\/es\/wp-json\/wp\/v2\/types\/page"}],"author":[{"embeddable":true,"href":"https:\/\/tikaz-voyaj.com\/es\/wp-json\/wp\/v2\/users\/1"}],"replies":[{"embeddable":true,"href":"https:\/\/tikaz-voyaj.com\/es\/wp-json\/wp\/v2\/comments?post=5407"}],"version-history":[{"count":3,"href":"https:\/\/tikaz-voyaj.com\/es\/wp-json\/wp\/v2\/pages\/5407\/revisions"}],"predecessor-version":[{"id":6282,"href":"https:\/\/tikaz-voyaj.com\/es\/wp-json\/wp\/v2\/pages\/5407\/revisions\/6282"}],"wp:attachment":[{"href":"https:\/\/tikaz-voyaj.com\/es\/wp-json\/wp\/v2\/media?parent=5407"}],"curies":[{"name":"wp","href":"https:\/\/api.w.org\/{rel}","templated":true}]}}