{"id":5406,"date":"2021-04-03T21:19:18","date_gmt":"2021-04-03T21:19:18","guid":{"rendered":"https:\/\/tikaz-voyaj.com\/ofertas-de-buceo\/"},"modified":"2023-06-01T18:51:59","modified_gmt":"2023-06-01T18:51:59","slug":"ofertas-de-buceo","status":"publish","type":"page","link":"https:\/\/tikaz-voyaj.com\/es\/ofertas-de-buceo\/","title":{"rendered":"Ofertas de buceo"},"content":{"rendered":"\n<div class=\"wp-block-getwid-section alignfull getwid-section-content-full-width\"><div class=\"wp-block-getwid-section__wrapper\" style=\"padding-top:125px;padding-bottom:125px\"><div class=\"wp-block-getwid-section__inner-wrapper\"><div class=\"wp-block-getwid-section__background-holder\"><div class=\"wp-block-getwid-section__background\" style=\"background-image:url('https:\/\/tikaz-voyaj.com\/wp-content\/uploads\/2021\/04\/prestations-plongee-ppk-tikaz-voyaj.jpg')\"><div class=\"wp-block-getwid-section__background-image-wrapper\"><img data-recalc-dims=\"1\" decoding=\"async\" class=\"wp-block-getwid-section__background-image\" src=\"https:\/\/i0.wp.com\/tikaz-voyaj.com\/wp-content\/uploads\/2021\/04\/prestations-plongee-ppk-tikaz-voyaj.jpg?w=892&#038;ssl=1\" alt=\"prestations-plongee-ppk-tikaz-voyaj\"\/><\/div><\/div><div class=\"wp-block-getwid-section__foreground\" style=\"opacity:0.3;background-color:#000000\"><\/div><\/div><div class=\"wp-block-getwid-section__content\"><div class=\"wp-block-getwid-section__inner-content\">\n<h2 class=\"has-text-align-center has-white-color has-text-color wp-block-heading\">Servicios de buceo<\/h2>\n<\/div><\/div><\/div><\/div><\/div>\n\n<div class=\"wp-block-getwid-section alignwide alignwide\"><div class=\"wp-block-getwid-section__wrapper\"><div class=\"wp-block-getwid-section__inner-wrapper\"><div class=\"wp-block-getwid-section__background-holder\"><div class=\"wp-block-getwid-section__background\"><\/div><div class=\"wp-block-getwid-section__foreground\"><\/div><\/div><div class=\"wp-block-getwid-section__content\"><div class=\"wp-block-getwid-section__inner-content\">\n<h2 class=\"wp-block-heading\">Servicios de buceo con PPK Plong\u00e9e<\/h2>\n\n\n\n<p><a href=\"http:\/\/www.ppk-plongee-guadeloupe.com\/\" target=\"_blank\" rel=\"noreferrer noopener\">PPK Plong\u00e9e<\/a> es un conocido club de buceo en Bouillante con un equipo de profesionales y aficionados. El centro de buceo PPK ofrece diferentes actividades de buceo cada d\u00eda y para todos los niveles. <\/p>\n<\/div><\/div><\/div><\/div><\/div>\n\n<div class=\"wp-block-media-text alignwide is-stacked-on-mobile is-image-fill has-white-lilac-background-color has-background\" style=\"grid-template-columns:42% auto\"><figure class=\"wp-block-media-text__media\" style=\"background-image:url(https:\/\/tikaz-voyaj.com\/wp-content\/uploads\/2021\/04\/prestations-plongee-ppk-guadeloupe-tikaz-voyaj.jpeg);background-position:50% 50%\"><img data-recalc-dims=\"1\" loading=\"lazy\" decoding=\"async\" width=\"550\" height=\"412\" src=\"https:\/\/i0.wp.com\/tikaz-voyaj.com\/wp-content\/uploads\/2021\/04\/prestations-plongee-ppk-guadeloupe-tikaz-voyaj.jpeg?resize=550%2C412&#038;ssl=1\" alt=\"Tortuga marina Reserva Cousteau\" class=\"wp-image-1397 size-full\" srcset=\"https:\/\/i0.wp.com\/tikaz-voyaj.com\/wp-content\/uploads\/2021\/04\/prestations-plongee-ppk-guadeloupe-tikaz-voyaj.jpeg?w=550&amp;ssl=1 550w, https:\/\/i0.wp.com\/tikaz-voyaj.com\/wp-content\/uploads\/2021\/04\/prestations-plongee-ppk-guadeloupe-tikaz-voyaj.jpeg?resize=300%2C225&amp;ssl=1 300w\" sizes=\"(max-width: 550px) 100vw, 550px\" \/><\/figure><div class=\"wp-block-media-text__content\">\n<h2 class=\"wp-block-heading\">Primeras inmersiones y exploraciones<\/h2>\n\n\n\n<p>El centro de buceo PPK ofrece inmersiones para todos los niveles. \u00bfNo ha probado nunca el buceo? Has venido al lugar adecuado para probarlo. Las condiciones de buceo en la Reserva Cousteau son siempre buenas. No te adentrar\u00e1s en las profundidades y aun as\u00ed ver\u00e1s cientos de peces y corales. El \u00fanico riesgo que se corre es el de amar y volver a intentarlo. <\/p>\n<\/div><\/div>\n\n<div class=\"wp-block-media-text alignwide has-media-on-the-right is-stacked-on-mobile is-image-fill has-white-smoke-background-color has-background\" style=\"grid-template-columns:auto 34%\"><figure class=\"wp-block-media-text__media\" style=\"background-image:url(https:\/\/tikaz-voyaj.com\/wp-content\/uploads\/2021\/04\/prestation-exploration-ppk-plongee-epave-franjack.jpg);background-position:50% 50%\"><img data-recalc-dims=\"1\" loading=\"lazy\" decoding=\"async\" width=\"800\" height=\"1000\" src=\"https:\/\/i0.wp.com\/tikaz-voyaj.com\/wp-content\/uploads\/2021\/04\/prestation-exploration-ppk-plongee-epave-franjack.jpg?resize=800%2C1000&#038;ssl=1\" alt=\"prestation-exploration-ppk-plongee-epave-franjack\" class=\"wp-image-1399 size-full\" srcset=\"https:\/\/i0.wp.com\/tikaz-voyaj.com\/wp-content\/uploads\/2021\/04\/prestation-exploration-ppk-plongee-epave-franjack.jpg?w=800&amp;ssl=1 800w, https:\/\/i0.wp.com\/tikaz-voyaj.com\/wp-content\/uploads\/2021\/04\/prestation-exploration-ppk-plongee-epave-franjack.jpg?resize=600%2C750&amp;ssl=1 600w, https:\/\/i0.wp.com\/tikaz-voyaj.com\/wp-content\/uploads\/2021\/04\/prestation-exploration-ppk-plongee-epave-franjack.jpg?resize=240%2C300&amp;ssl=1 240w, https:\/\/i0.wp.com\/tikaz-voyaj.com\/wp-content\/uploads\/2021\/04\/prestation-exploration-ppk-plongee-epave-franjack.jpg?resize=768%2C960&amp;ssl=1 768w\" sizes=\"(max-width: 800px) 100vw, 800px\" \/><\/figure><div class=\"wp-block-media-text__content\">\n<p>Para los que tienen certificaciones de buceo, hay muchos <a href=\"https:\/\/tikaz-voyaj.com\/sites-plongee-guadeloupe\/\">lugares de inmersi\u00f3n<\/a> para todos los niveles y gustos. As\u00ed que, ya sea a poca profundidad o hasta los 60 metros, los naufragios o las ca\u00eddas, hay algo para todos.<\/p>\n\n\n\n<p>El equipo tambi\u00e9n ofrece inmersiones nocturnas en el pecio Franjack o en el Kaye. Si no lo has hecho nunca, \u00a1hazlo! Es un verdadero placer.<\/p>\n\n\n\n<p>El plus de PPK: El equipo ya est\u00e1 en el barco, as\u00ed que no tienes que llevar nada.<\/p>\n\n\n\n<p>Puedes elegir lo que quieres: una primera inmersi\u00f3n, una o varias inmersiones o una excursi\u00f3n de snorkel para empezar&#8230; Hay mucho donde elegir.<\/p>\n<\/div><\/div>\n\n<div class=\"wp-block-getwid-section alignwide alignwide\"><div class=\"wp-block-getwid-section__wrapper\"><div class=\"wp-block-getwid-section__inner-wrapper\"><div class=\"wp-block-getwid-section__background-holder\"><div class=\"wp-block-getwid-section__background\"><\/div><div class=\"wp-block-getwid-section__foreground\"><\/div><\/div><div class=\"wp-block-getwid-section__content\"><div class=\"wp-block-getwid-section__inner-content\">\n<h2 class=\"wp-block-heading\">Cursos de buceo<\/h2>\n\n\n\n<p>Adem\u00e1s, todos los instructores del club est\u00e1n certificados y pueden ayudarte a aprobar tu certificaci\u00f3n. Ni\u00f1os o adultos, hay un curso para todos.<\/p>\n\n\n\n<div class=\"wp-block-getwid-toggle has-icon-left\">\n<div class=\"wp-block-getwid-toggle__row\"><div class=\"wp-block-getwid-toggle__header-wrapper\"><h3 class=\"wp-block-getwid-toggle__header\"><a href=\"#\"><span class=\"wp-block-getwid-toggle__header-title\">Formations de Plong\u00e9e pour les Enfants<\/span><span class=\"wp-block-getwid-toggle__icon is-active\"><i class=\"fas fa-angle-right\"><\/i><\/span><span class=\"wp-block-getwid-toggle__icon is-passive\"><i class=\"fas fa-minus\"><\/i><\/span><\/a><\/h3><\/div><div class=\"wp-block-getwid-toggle__content-wrapper\"><div class=\"wp-block-getwid-toggle__content\">\n<p>\u00bfSu hijo tiene 8 a\u00f1os o m\u00e1s? Ofr\u00e9zcale una formaci\u00f3n de \u00abjoven buceador\u00bb con escafandra aut\u00f3noma en 3 niveles: <\/p>\n\n\n\n<ul class=\"wp-block-list\"><li>Buceador de bronce<\/li><li>Buceador de plata<\/li><li>Buceador de oro<\/li><\/ul>\n\n\n\n<p>En el caso de los ni\u00f1os, se requiere, por supuesto, una autorizaci\u00f3n de los padres para el bautismo y un certificado m\u00e9dico para la formaci\u00f3n.<\/p>\n\n\n\n<p>Contacta con nosotros para reservar las inmersiones de tu hijo<\/p>\n\n\n\n<div class=\"wp-block-buttons is-layout-flex wp-block-buttons-is-layout-flex\">\n<div class=\"wp-block-button\"><a class=\"wp-block-button__link\" href=\"https:\/\/tikaz-voyaj.com\/es\/contactos\/\">CONTACTO<\/a><\/div>\n<\/div>\n<\/div><\/div><\/div>\n\n\n\n<div class=\"wp-block-getwid-toggle__row\"><div class=\"wp-block-getwid-toggle__header-wrapper\"><h3 class=\"wp-block-getwid-toggle__header\"><a href=\"#\"><span class=\"wp-block-getwid-toggle__header-title\">Formations de Plong\u00e9e pour les Adolescents &amp; Adultes<\/span><span class=\"wp-block-getwid-toggle__icon is-active\"><i class=\"fas fa-angle-right\"><\/i><\/span><span class=\"wp-block-getwid-toggle__icon is-passive\"><i class=\"fas fa-minus\"><\/i><\/span><\/a><\/h3><\/div><div class=\"wp-block-getwid-toggle__content-wrapper\"><div class=\"wp-block-getwid-toggle__content\">\n<p id=\"block-66fbad01-2905-45f0-b818-3500e4291120\"><br\/>Los adolescentes a partir de 14 a\u00f1os pueden obtener su certificado de buceador de nivel 1 (PE20), que corresponde al nivel que les permite realizar inmersiones supervisadas hasta una profundidad de 20 metros.<\/p>\n\n\n\n<p id=\"block-ae5c11e3-1149-4bc6-b915-899711dd6161\">A partir de los 16 a\u00f1os, su hijo puede obtener el certificado de buceador de nivel 2 (PA20 + PE40). Este nivel le permite ser aut\u00f3nomo hasta 20 metros (s\u00f3lo si es mayor de edad) y ser supervisado a 40 metros.<\/p>\n\n\n\n<p id=\"block-d81ddfdc-4613-4538-b655-43fdd82bacb8\">A partir de los 18 a\u00f1os, puedes obtener el certificado de buceador de nivel 3 (PA60) que te permite bucear de forma aut\u00f3noma hasta una profundidad de 60 metros.<\/p>\n\n\n\n<p>P\u00f3ngase en contacto con nosotros para reservar su formaci\u00f3n<\/p>\n\n\n\n<div class=\"wp-block-buttons is-layout-flex wp-block-buttons-is-layout-flex\">\n<div class=\"wp-block-button\"><a class=\"wp-block-button__link\" href=\"https:\/\/tikaz-voyaj.com\/es\/contactos\/\">CONTACTO<\/a><\/div>\n<\/div>\n<\/div><\/div><\/div>\n\n\n\n<div class=\"wp-block-getwid-toggle__row\"><div class=\"wp-block-getwid-toggle__header-wrapper\"><h3 class=\"wp-block-getwid-toggle__header\"><a href=\"#\"><span class=\"wp-block-getwid-toggle__header-title\">Les Aptitudes<\/span><span class=\"wp-block-getwid-toggle__icon is-active\"><i class=\"fas fa-angle-right\"><\/i><\/span><span class=\"wp-block-getwid-toggle__icon is-passive\"><i class=\"fas fa-minus\"><\/i><\/span><\/a><\/h3><\/div><div class=\"wp-block-getwid-toggle__content-wrapper\"><div class=\"wp-block-getwid-toggle__content\">\n<p>El C\u00f3digo Deportivo franc\u00e9s tambi\u00e9n ha establecido una serie de cualificaciones para que los buceadores puedan practicar inmersiones supervisadas o aut\u00f3nomas de 0 a 20 metros o de 0 a 40 metros. As\u00ed, entre las ofertas de buceo existentes, PPK Plong\u00e9e Guadeloupe le propone aprobar las siguientes competencias:<\/p>\n\n\n\n<ul class=\"wp-block-list\"><li>Titulaci\u00f3n de \u00abBuceador supervisado de 12 metros (PE12)\u00bb<\/li><li>Calificaci\u00f3n \u00bb Buceador supervisado 40m (PE40)<\/li><li>Cualificaci\u00f3n de buceador aut\u00f3nomo de 20 m (PA20)<\/li><li>Titulaci\u00f3n de Buceador Aut\u00f3nomo 40m (PA40).<\/li><\/ul>\n\n\n\n<p>Nuestros instructores tambi\u00e9n est\u00e1n certificados como \u00abinstructores SSI\u00bb y ofrecen formaci\u00f3n y certificaci\u00f3n SSI.<\/p>\n\n\n\n<p>P\u00f3ngase en contacto con nosotros para reservar su Aptitude<\/p>\n\n\n\n<div class=\"wp-block-buttons is-layout-flex wp-block-buttons-is-layout-flex\">\n<div class=\"wp-block-button\"><a class=\"wp-block-button__link\" href=\"https:\/\/tikaz-voyaj.com\/es\/contactos\/\">CONTACTO<\/a><\/div>\n<\/div>\n<\/div><\/div><\/div>\n<\/div>\n\n\n\n<div class=\"wp-block-getwid-section\"><div class=\"wp-block-getwid-section__wrapper\"><div class=\"wp-block-getwid-section__inner-wrapper\"><div class=\"wp-block-getwid-section__background-holder\"><div class=\"wp-block-getwid-section__background\"><\/div><div class=\"wp-block-getwid-section__foreground\"><\/div><\/div><div class=\"wp-block-getwid-section__content\"><div class=\"wp-block-getwid-section__inner-content\">\n<h2 class=\"wp-block-heading\">Condiciones para el buceo<\/h2>\n\n\n\n<p>Para las inmersiones de exploraci\u00f3n, no se requiere un certificado m\u00e9dico. Sin embargo, para los cursos para adultos, necesitar\u00e1 un certificado m\u00e9dico de aptitud para el buceo, que puede ser expedido por su m\u00e9dico de cabecera.<\/p>\n\n\n\n<p>Tenga en cuenta que, en el caso de los menores, este certificado m\u00e9dico debe ser emitido por un m\u00e9dico de la FFESSM, un m\u00e9dico hiperb\u00e1rico o un m\u00e9dico deportivo.<\/p>\n\n\n\n<div class=\"wp-block-buttons is-layout-flex wp-block-buttons-is-layout-flex\">\n<div class=\"wp-block-button\"><a class=\"wp-block-button__link\" href=\"http:\/\/www.ppk-plongee-guadeloupe.com\/\" rel=\"http:\/\/www.ppk-plongee-guadeloupe.com\/\">M\u00c1S SOBRE EL BUCEO PPK<\/a><\/div>\n<\/div>\n<\/div><\/div><\/div><\/div><\/div>\n<\/div><\/div><\/div><\/div><\/div>\n\n<p><\/p>\n","protected":false},"excerpt":{"rendered":"<p>Primeras inmersiones y exploraciones El centro de buceo PPK ofrece inmersiones para todos los niveles. \u00bfNo ha probado nunca el buceo? Has venido al lugar adecuado para probarlo. Las condiciones de buceo en la Reserva Cousteau son siempre buenas. No te adentrar\u00e1s en las profundidades y aun as\u00ed ver\u00e1s cientos de peces y corales. El [&hellip;]<\/p>\n","protected":false},"author":1,"featured_media":0,"parent":0,"menu_order":0,"comment_status":"closed","ping_status":"closed","template":"","meta":{"inline_featured_image":false,"footnotes":""},"class_list":["post-5406","page","type-page","status-publish","hentry"],"yoast_head":"<!-- This site is optimized with the Yoast SEO plugin v25.6 - https:\/\/yoast.com\/wordpress\/plugins\/seo\/ -->\n<title>Ofertas de buceo submarino - Exploraciones y formaci\u00f3n | TiKaz a Voyaj<\/title>\n<meta name=\"description\" content=\"Descubra las ofertas de submarinismo del socio de TiKaz a Voyaj: el club PPK Plong\u00e9e de la Reserva Cousteau.\" \/>\n<meta name=\"robots\" content=\"index, follow, max-snippet:-1, max-image-preview:large, max-video-preview:-1\" \/>\n<link rel=\"canonical\" href=\"https:\/\/tikaz-voyaj.com\/es\/ofertas-de-buceo\/\" \/>\n<meta property=\"og:locale\" content=\"es_ES\" \/>\n<meta property=\"og:type\" content=\"article\" \/>\n<meta property=\"og:title\" content=\"Ofertas de buceo submarino - Exploraciones y formaci\u00f3n | TiKaz a Voyaj\" \/>\n<meta property=\"og:description\" content=\"Descubra las ofertas de submarinismo del socio de TiKaz a Voyaj: el club PPK Plong\u00e9e de la Reserva Cousteau.\" \/>\n<meta property=\"og:url\" content=\"https:\/\/tikaz-voyaj.com\/es\/ofertas-de-buceo\/\" \/>\n<meta property=\"og:site_name\" content=\"TiKaz a Voyaj\" \/>\n<meta property=\"article:modified_time\" content=\"2023-06-01T18:51:59+00:00\" \/>\n<meta property=\"og:image\" content=\"https:\/\/tikaz-voyaj.com\/wp-content\/uploads\/2021\/04\/prestations-plongee-ppk-tikaz-voyaj.jpg\" \/>\n<meta name=\"twitter:card\" content=\"summary_large_image\" \/>\n<meta name=\"twitter:label1\" content=\"Tiempo de lectura\" \/>\n\t<meta name=\"twitter:data1\" content=\"3 minutos\" \/>\n<script type=\"application\/ld+json\" class=\"yoast-schema-graph\">{\"@context\":\"https:\/\/schema.org\",\"@graph\":[{\"@type\":\"WebPage\",\"@id\":\"https:\/\/tikaz-voyaj.com\/es\/ofertas-de-buceo\/\",\"url\":\"https:\/\/tikaz-voyaj.com\/es\/ofertas-de-buceo\/\",\"name\":\"Ofertas de buceo submarino - Exploraciones y formaci\u00f3n | TiKaz a Voyaj\",\"isPartOf\":{\"@id\":\"https:\/\/tikaz-voyaj.com\/es\/#website\"},\"primaryImageOfPage\":{\"@id\":\"https:\/\/tikaz-voyaj.com\/es\/ofertas-de-buceo\/#primaryimage\"},\"image\":{\"@id\":\"https:\/\/tikaz-voyaj.com\/es\/ofertas-de-buceo\/#primaryimage\"},\"thumbnailUrl\":\"https:\/\/tikaz-voyaj.com\/wp-content\/uploads\/2021\/04\/prestations-plongee-ppk-tikaz-voyaj.jpg\",\"datePublished\":\"2021-04-03T21:19:18+00:00\",\"dateModified\":\"2023-06-01T18:51:59+00:00\",\"description\":\"Descubra las ofertas de submarinismo del socio de TiKaz a Voyaj: el club PPK Plong\u00e9e de la Reserva Cousteau.\",\"breadcrumb\":{\"@id\":\"https:\/\/tikaz-voyaj.com\/es\/ofertas-de-buceo\/#breadcrumb\"},\"inLanguage\":\"es\",\"potentialAction\":[{\"@type\":\"ReadAction\",\"target\":[\"https:\/\/tikaz-voyaj.com\/es\/ofertas-de-buceo\/\"]}]},{\"@type\":\"ImageObject\",\"inLanguage\":\"es\",\"@id\":\"https:\/\/tikaz-voyaj.com\/es\/ofertas-de-buceo\/#primaryimage\",\"url\":\"https:\/\/tikaz-voyaj.com\/wp-content\/uploads\/2021\/04\/prestations-plongee-ppk-tikaz-voyaj.jpg\",\"contentUrl\":\"https:\/\/tikaz-voyaj.com\/wp-content\/uploads\/2021\/04\/prestations-plongee-ppk-tikaz-voyaj.jpg\"},{\"@type\":\"BreadcrumbList\",\"@id\":\"https:\/\/tikaz-voyaj.com\/es\/ofertas-de-buceo\/#breadcrumb\",\"itemListElement\":[{\"@type\":\"ListItem\",\"position\":1,\"name\":\"Accueil\",\"item\":\"https:\/\/tikaz-voyaj.com\/es\/\"},{\"@type\":\"ListItem\",\"position\":2,\"name\":\"Ofertas de buceo\"}]},{\"@type\":\"WebSite\",\"@id\":\"https:\/\/tikaz-voyaj.com\/es\/#website\",\"url\":\"https:\/\/tikaz-voyaj.com\/es\/\",\"name\":\"TiKaz a Voyaj\",\"description\":\"\",\"potentialAction\":[{\"@type\":\"SearchAction\",\"target\":{\"@type\":\"EntryPoint\",\"urlTemplate\":\"https:\/\/tikaz-voyaj.com\/es\/?s={search_term_string}\"},\"query-input\":{\"@type\":\"PropertyValueSpecification\",\"valueRequired\":true,\"valueName\":\"search_term_string\"}}],\"inLanguage\":\"es\"}]}<\/script>\n<!-- \/ Yoast SEO plugin. -->","yoast_head_json":{"title":"Ofertas de buceo submarino - Exploraciones y formaci\u00f3n | TiKaz a Voyaj","description":"Descubra las ofertas de submarinismo del socio de TiKaz a Voyaj: el club PPK Plong\u00e9e de la Reserva Cousteau.","robots":{"index":"index","follow":"follow","max-snippet":"max-snippet:-1","max-image-preview":"max-image-preview:large","max-video-preview":"max-video-preview:-1"},"canonical":"https:\/\/tikaz-voyaj.com\/es\/ofertas-de-buceo\/","og_locale":"es_ES","og_type":"article","og_title":"Ofertas de buceo submarino - Exploraciones y formaci\u00f3n | TiKaz a Voyaj","og_description":"Descubra las ofertas de submarinismo del socio de TiKaz a Voyaj: el club PPK Plong\u00e9e de la Reserva Cousteau.","og_url":"https:\/\/tikaz-voyaj.com\/es\/ofertas-de-buceo\/","og_site_name":"TiKaz a Voyaj","article_modified_time":"2023-06-01T18:51:59+00:00","og_image":[{"url":"https:\/\/tikaz-voyaj.com\/wp-content\/uploads\/2021\/04\/prestations-plongee-ppk-tikaz-voyaj.jpg","type":"","width":"","height":""}],"twitter_card":"summary_large_image","twitter_misc":{"Tiempo de lectura":"3 minutos"},"schema":{"@context":"https:\/\/schema.org","@graph":[{"@type":"WebPage","@id":"https:\/\/tikaz-voyaj.com\/es\/ofertas-de-buceo\/","url":"https:\/\/tikaz-voyaj.com\/es\/ofertas-de-buceo\/","name":"Ofertas de buceo submarino - Exploraciones y formaci\u00f3n | TiKaz a Voyaj","isPartOf":{"@id":"https:\/\/tikaz-voyaj.com\/es\/#website"},"primaryImageOfPage":{"@id":"https:\/\/tikaz-voyaj.com\/es\/ofertas-de-buceo\/#primaryimage"},"image":{"@id":"https:\/\/tikaz-voyaj.com\/es\/ofertas-de-buceo\/#primaryimage"},"thumbnailUrl":"https:\/\/tikaz-voyaj.com\/wp-content\/uploads\/2021\/04\/prestations-plongee-ppk-tikaz-voyaj.jpg","datePublished":"2021-04-03T21:19:18+00:00","dateModified":"2023-06-01T18:51:59+00:00","description":"Descubra las ofertas de submarinismo del socio de TiKaz a Voyaj: el club PPK Plong\u00e9e de la Reserva Cousteau.","breadcrumb":{"@id":"https:\/\/tikaz-voyaj.com\/es\/ofertas-de-buceo\/#breadcrumb"},"inLanguage":"es","potentialAction":[{"@type":"ReadAction","target":["https:\/\/tikaz-voyaj.com\/es\/ofertas-de-buceo\/"]}]},{"@type":"ImageObject","inLanguage":"es","@id":"https:\/\/tikaz-voyaj.com\/es\/ofertas-de-buceo\/#primaryimage","url":"https:\/\/tikaz-voyaj.com\/wp-content\/uploads\/2021\/04\/prestations-plongee-ppk-tikaz-voyaj.jpg","contentUrl":"https:\/\/tikaz-voyaj.com\/wp-content\/uploads\/2021\/04\/prestations-plongee-ppk-tikaz-voyaj.jpg"},{"@type":"BreadcrumbList","@id":"https:\/\/tikaz-voyaj.com\/es\/ofertas-de-buceo\/#breadcrumb","itemListElement":[{"@type":"ListItem","position":1,"name":"Accueil","item":"https:\/\/tikaz-voyaj.com\/es\/"},{"@type":"ListItem","position":2,"name":"Ofertas de buceo"}]},{"@type":"WebSite","@id":"https:\/\/tikaz-voyaj.com\/es\/#website","url":"https:\/\/tikaz-voyaj.com\/es\/","name":"TiKaz a Voyaj","description":"","potentialAction":[{"@type":"SearchAction","target":{"@type":"EntryPoint","urlTemplate":"https:\/\/tikaz-voyaj.com\/es\/?s={search_term_string}"},"query-input":{"@type":"PropertyValueSpecification","valueRequired":true,"valueName":"search_term_string"}}],"inLanguage":"es"}]}},"jetpack_sharing_enabled":true,"_links":{"self":[{"href":"https:\/\/tikaz-voyaj.com\/es\/wp-json\/wp\/v2\/pages\/5406"}],"collection":[{"href":"https:\/\/tikaz-voyaj.com\/es\/wp-json\/wp\/v2\/pages"}],"about":[{"href":"https:\/\/tikaz-voyaj.com\/es\/wp-json\/wp\/v2\/types\/page"}],"author":[{"embeddable":true,"href":"https:\/\/tikaz-voyaj.com\/es\/wp-json\/wp\/v2\/users\/1"}],"replies":[{"embeddable":true,"href":"https:\/\/tikaz-voyaj.com\/es\/wp-json\/wp\/v2\/comments?post=5406"}],"version-history":[{"count":3,"href":"https:\/\/tikaz-voyaj.com\/es\/wp-json\/wp\/v2\/pages\/5406\/revisions"}],"predecessor-version":[{"id":6278,"href":"https:\/\/tikaz-voyaj.com\/es\/wp-json\/wp\/v2\/pages\/5406\/revisions\/6278"}],"wp:attachment":[{"href":"https:\/\/tikaz-voyaj.com\/es\/wp-json\/wp\/v2\/media?parent=5406"}],"curies":[{"name":"wp","href":"https:\/\/api.w.org\/{rel}","templated":true}]}}