{"id":5393,"date":"2021-04-02T21:40:31","date_gmt":"2021-04-02T21:40:31","guid":{"rendered":"https:\/\/tikaz-voyaj.com\/confirmacion-de-reserva\/transaccion-fallida\/"},"modified":"2021-04-02T21:40:31","modified_gmt":"2021-04-02T21:40:31","slug":"transaccion-fallida","status":"publish","type":"page","link":"https:\/\/tikaz-voyaj.com\/es\/confirmacion-de-reserva\/transaccion-fallida\/","title":{"rendered":"Transacci\u00f3n fallida"},"content":{"rendered":"<p>Lamentablemente, su transacci\u00f3n no puede completarse en este momento. Vuelva a intentarlo o p\u00f3ngase en contacto con nosotros.<\/p>\n","protected":false},"excerpt":{"rendered":"<p>Lamentablemente, su transacci\u00f3n no puede completarse en este momento. Vuelva a intentarlo o p\u00f3ngase en contacto con nosotros.<\/p>\n","protected":false},"author":1,"featured_media":0,"parent":5391,"menu_order":0,"comment_status":"closed","ping_status":"closed","template":"","meta":{"inline_featured_image":false,"footnotes":""},"class_list":["post-5393","page","type-page","status-publish","hentry"],"yoast_head":"<!-- This site is optimized with the Yoast SEO plugin v25.6 - https:\/\/yoast.com\/wordpress\/plugins\/seo\/ -->\n<title>Transacci\u00f3n fallida - TiKaz a Voyaj<\/title>\n<meta name=\"robots\" content=\"index, follow, max-snippet:-1, max-image-preview:large, max-video-preview:-1\" \/>\n<link rel=\"canonical\" href=\"https:\/\/tikaz-voyaj.com\/es\/confirmacion-de-reserva\/transaccion-fallida\/\" \/>\n<meta property=\"og:locale\" content=\"es_ES\" \/>\n<meta property=\"og:type\" content=\"article\" \/>\n<meta property=\"og:title\" content=\"Transacci\u00f3n fallida - TiKaz a Voyaj\" \/>\n<meta property=\"og:description\" content=\"Lamentablemente, su transacci\u00f3n no puede completarse en este momento. Vuelva a intentarlo o p\u00f3ngase en contacto con nosotros.\" \/>\n<meta property=\"og:url\" content=\"https:\/\/tikaz-voyaj.com\/es\/confirmacion-de-reserva\/transaccion-fallida\/\" \/>\n<meta property=\"og:site_name\" content=\"TiKaz a Voyaj\" \/>\n<meta name=\"twitter:card\" content=\"summary_large_image\" \/>\n<script type=\"application\/ld+json\" class=\"yoast-schema-graph\">{\"@context\":\"https:\/\/schema.org\",\"@graph\":[{\"@type\":\"WebPage\",\"@id\":\"https:\/\/tikaz-voyaj.com\/es\/confirmacion-de-reserva\/transaccion-fallida\/\",\"url\":\"https:\/\/tikaz-voyaj.com\/es\/confirmacion-de-reserva\/transaccion-fallida\/\",\"name\":\"Transacci\u00f3n fallida - TiKaz a Voyaj\",\"isPartOf\":{\"@id\":\"https:\/\/tikaz-voyaj.com\/es\/#website\"},\"datePublished\":\"2021-04-02T21:40:31+00:00\",\"breadcrumb\":{\"@id\":\"https:\/\/tikaz-voyaj.com\/es\/confirmacion-de-reserva\/transaccion-fallida\/#breadcrumb\"},\"inLanguage\":\"es\",\"potentialAction\":[{\"@type\":\"ReadAction\",\"target\":[\"https:\/\/tikaz-voyaj.com\/es\/confirmacion-de-reserva\/transaccion-fallida\/\"]}]},{\"@type\":\"BreadcrumbList\",\"@id\":\"https:\/\/tikaz-voyaj.com\/es\/confirmacion-de-reserva\/transaccion-fallida\/#breadcrumb\",\"itemListElement\":[{\"@type\":\"ListItem\",\"position\":1,\"name\":\"Accueil\",\"item\":\"https:\/\/tikaz-voyaj.com\/es\/\"},{\"@type\":\"ListItem\",\"position\":2,\"name\":\"Confirmaci\u00f3n de reserva\",\"item\":\"https:\/\/tikaz-voyaj.com\/es\/confirmacion-de-reserva\/\"},{\"@type\":\"ListItem\",\"position\":3,\"name\":\"Transacci\u00f3n fallida\"}]},{\"@type\":\"WebSite\",\"@id\":\"https:\/\/tikaz-voyaj.com\/es\/#website\",\"url\":\"https:\/\/tikaz-voyaj.com\/es\/\",\"name\":\"TiKaz a Voyaj\",\"description\":\"\",\"potentialAction\":[{\"@type\":\"SearchAction\",\"target\":{\"@type\":\"EntryPoint\",\"urlTemplate\":\"https:\/\/tikaz-voyaj.com\/es\/?s={search_term_string}\"},\"query-input\":{\"@type\":\"PropertyValueSpecification\",\"valueRequired\":true,\"valueName\":\"search_term_string\"}}],\"inLanguage\":\"es\"}]}<\/script>\n<!-- \/ Yoast SEO plugin. -->","yoast_head_json":{"title":"Transacci\u00f3n fallida - TiKaz a Voyaj","robots":{"index":"index","follow":"follow","max-snippet":"max-snippet:-1","max-image-preview":"max-image-preview:large","max-video-preview":"max-video-preview:-1"},"canonical":"https:\/\/tikaz-voyaj.com\/es\/confirmacion-de-reserva\/transaccion-fallida\/","og_locale":"es_ES","og_type":"article","og_title":"Transacci\u00f3n fallida - TiKaz a Voyaj","og_description":"Lamentablemente, su transacci\u00f3n no puede completarse en este momento. Vuelva a intentarlo o p\u00f3ngase en contacto con nosotros.","og_url":"https:\/\/tikaz-voyaj.com\/es\/confirmacion-de-reserva\/transaccion-fallida\/","og_site_name":"TiKaz a Voyaj","twitter_card":"summary_large_image","schema":{"@context":"https:\/\/schema.org","@graph":[{"@type":"WebPage","@id":"https:\/\/tikaz-voyaj.com\/es\/confirmacion-de-reserva\/transaccion-fallida\/","url":"https:\/\/tikaz-voyaj.com\/es\/confirmacion-de-reserva\/transaccion-fallida\/","name":"Transacci\u00f3n fallida - TiKaz a Voyaj","isPartOf":{"@id":"https:\/\/tikaz-voyaj.com\/es\/#website"},"datePublished":"2021-04-02T21:40:31+00:00","breadcrumb":{"@id":"https:\/\/tikaz-voyaj.com\/es\/confirmacion-de-reserva\/transaccion-fallida\/#breadcrumb"},"inLanguage":"es","potentialAction":[{"@type":"ReadAction","target":["https:\/\/tikaz-voyaj.com\/es\/confirmacion-de-reserva\/transaccion-fallida\/"]}]},{"@type":"BreadcrumbList","@id":"https:\/\/tikaz-voyaj.com\/es\/confirmacion-de-reserva\/transaccion-fallida\/#breadcrumb","itemListElement":[{"@type":"ListItem","position":1,"name":"Accueil","item":"https:\/\/tikaz-voyaj.com\/es\/"},{"@type":"ListItem","position":2,"name":"Confirmaci\u00f3n de reserva","item":"https:\/\/tikaz-voyaj.com\/es\/confirmacion-de-reserva\/"},{"@type":"ListItem","position":3,"name":"Transacci\u00f3n fallida"}]},{"@type":"WebSite","@id":"https:\/\/tikaz-voyaj.com\/es\/#website","url":"https:\/\/tikaz-voyaj.com\/es\/","name":"TiKaz a Voyaj","description":"","potentialAction":[{"@type":"SearchAction","target":{"@type":"EntryPoint","urlTemplate":"https:\/\/tikaz-voyaj.com\/es\/?s={search_term_string}"},"query-input":{"@type":"PropertyValueSpecification","valueRequired":true,"valueName":"search_term_string"}}],"inLanguage":"es"}]}},"jetpack_sharing_enabled":true,"_links":{"self":[{"href":"https:\/\/tikaz-voyaj.com\/es\/wp-json\/wp\/v2\/pages\/5393"}],"collection":[{"href":"https:\/\/tikaz-voyaj.com\/es\/wp-json\/wp\/v2\/pages"}],"about":[{"href":"https:\/\/tikaz-voyaj.com\/es\/wp-json\/wp\/v2\/types\/page"}],"author":[{"embeddable":true,"href":"https:\/\/tikaz-voyaj.com\/es\/wp-json\/wp\/v2\/users\/1"}],"replies":[{"embeddable":true,"href":"https:\/\/tikaz-voyaj.com\/es\/wp-json\/wp\/v2\/comments?post=5393"}],"version-history":[{"count":0,"href":"https:\/\/tikaz-voyaj.com\/es\/wp-json\/wp\/v2\/pages\/5393\/revisions"}],"up":[{"embeddable":true,"href":"https:\/\/tikaz-voyaj.com\/es\/wp-json\/wp\/v2\/pages\/5391"}],"wp:attachment":[{"href":"https:\/\/tikaz-voyaj.com\/es\/wp-json\/wp\/v2\/media?parent=5393"}],"curies":[{"name":"wp","href":"https:\/\/api.w.org\/{rel}","templated":true}]}}