{"id":5375,"date":"2021-04-04T00:54:11","date_gmt":"2021-04-04T00:54:11","guid":{"rendered":"https:\/\/tikaz-voyaj.com\/alquiler-por-temporada-guadeloupe\/"},"modified":"2023-05-30T13:47:03","modified_gmt":"2023-05-30T13:47:03","slug":"alquiler-por-temporada-guadeloupe","status":"publish","type":"page","link":"https:\/\/tikaz-voyaj.com\/es\/alquiler-por-temporada-guadeloupe\/","title":{"rendered":"Alquiler por temporada Guadeloupe"},"content":{"rendered":"\n<div class=\"wp-block-getwid-section alignfull getwid-section-content-full-width\"><div class=\"wp-block-getwid-section__wrapper\" style=\"padding-top:150px;padding-bottom:150px\"><div class=\"wp-block-getwid-section__inner-wrapper\"><div class=\"wp-block-getwid-section__background-holder\"><div class=\"wp-block-getwid-section__background\" style=\"background-image:url('https:\/\/tikaz-voyaj.com\/wp-content\/uploads\/2021\/04\/location-gites-bouillante-guadeloupe-banner.jpg')\"><div class=\"wp-block-getwid-section__background-image-wrapper\"><img data-recalc-dims=\"1\" decoding=\"async\" class=\"wp-block-getwid-section__background-image\" src=\"https:\/\/i0.wp.com\/tikaz-voyaj.com\/wp-content\/uploads\/2021\/04\/location-gites-bouillante-guadeloupe-banner.jpg?w=892&#038;ssl=1\" alt=\"location-gites-bouillante-guadeloupe-banner\"\/><\/div><\/div><div class=\"wp-block-getwid-section__foreground\" style=\"opacity:0.3;background-color:#000000\"><\/div><\/div><div class=\"wp-block-getwid-section__content\"><div class=\"wp-block-getwid-section__inner-content\">\n<h2 class=\"has-text-align-center has-white-color has-text-color wp-block-heading\">Casas rurales en Guadeloupe<\/h2>\n<\/div><\/div><\/div><\/div><\/div>\n\n<div class=\"wp-block-getwid-section alignwide alignwide\"><div class=\"wp-block-getwid-section__wrapper\"><div class=\"wp-block-getwid-section__inner-wrapper\"><div class=\"wp-block-getwid-section__background-holder\"><div class=\"wp-block-getwid-section__background\"><\/div><div class=\"wp-block-getwid-section__foreground\"><\/div><\/div><div class=\"wp-block-getwid-section__content\"><div class=\"wp-block-getwid-section__inner-content\">\n<h2 class=\"wp-block-heading\">Alquiler de temporada en Guadeloupe en Bouillante : TiKaz a Voyaj<\/h2>\n\n\n\n<p>Tikaz a Voyaj es un alquiler de vacaciones en Guadalupe conocido por ser un verdadero remanso de paz. Encaramadas en las alturas de Bouillante, estas casas rurales de Guadeloupe se componen de 4 <a href=\"https:\/\/tikaz-voyaj.com\/bungalows-bouillante\/\">bungalows<\/a>, una sublime <a href=\"https:\/\/tikaz-voyaj.com\/villa-karukera\/\">villa<\/a> y un encantador estudio. Desde cada terraza o desde la piscina de abajo, tendr\u00e1 una vista impresionante del Mar Caribe.<\/p>\n\n\n\n<p>Cerca de todos los servicios y comercios de todo tipo, nuestro alojamiento de temporada combina la tranquilidad que necesita para pasar unas buenas vacaciones con todo el confort que necesita.<\/p>\n\n\n\n<figure class=\"wp-block-gallery has-nested-images columns-3 is-cropped wp-block-gallery-1 is-layout-flex wp-block-gallery-is-layout-flex\">\n<figure class=\"wp-block-image size-large\"><img data-recalc-dims=\"1\" loading=\"lazy\" decoding=\"async\" width=\"892\" height=\"892\" src=\"https:\/\/i0.wp.com\/tikaz-voyaj.com\/wp-content\/uploads\/2021\/04\/location-villa-bouillante-tikaz-voyaj.jpg?resize=892%2C892&#038;ssl=1\" alt=\"location-villa-bouillante-tikaz-voyaj\" class=\"wp-image-1349\" srcset=\"https:\/\/i0.wp.com\/tikaz-voyaj.com\/wp-content\/uploads\/2021\/04\/location-villa-bouillante-tikaz-voyaj.jpg?w=900&amp;ssl=1 900w, https:\/\/i0.wp.com\/tikaz-voyaj.com\/wp-content\/uploads\/2021\/04\/location-villa-bouillante-tikaz-voyaj.jpg?resize=300%2C300&amp;ssl=1 300w, https:\/\/i0.wp.com\/tikaz-voyaj.com\/wp-content\/uploads\/2021\/04\/location-villa-bouillante-tikaz-voyaj.jpg?resize=100%2C100&amp;ssl=1 100w, https:\/\/i0.wp.com\/tikaz-voyaj.com\/wp-content\/uploads\/2021\/04\/location-villa-bouillante-tikaz-voyaj.jpg?resize=600%2C600&amp;ssl=1 600w, https:\/\/i0.wp.com\/tikaz-voyaj.com\/wp-content\/uploads\/2021\/04\/location-villa-bouillante-tikaz-voyaj.jpg?resize=150%2C150&amp;ssl=1 150w, https:\/\/i0.wp.com\/tikaz-voyaj.com\/wp-content\/uploads\/2021\/04\/location-villa-bouillante-tikaz-voyaj.jpg?resize=768%2C768&amp;ssl=1 768w, https:\/\/i0.wp.com\/tikaz-voyaj.com\/wp-content\/uploads\/2021\/04\/location-villa-bouillante-tikaz-voyaj.jpg?resize=892%2C892&amp;ssl=1 892w\" sizes=\"(max-width: 892px) 100vw, 892px\" \/><\/figure>\n\n\n\n<figure class=\"wp-block-image size-large\"><img data-recalc-dims=\"1\" loading=\"lazy\" decoding=\"async\" width=\"700\" height=\"700\" src=\"https:\/\/i0.wp.com\/tikaz-voyaj.com\/wp-content\/uploads\/2021\/04\/location-gite-bouillante-bungalow-tikaz-voyaj.jpg?resize=700%2C700&#038;ssl=1\" alt=\"location-gite-bouillante-bungalow-tikaz-voyaj\" class=\"wp-image-1350\" srcset=\"https:\/\/i0.wp.com\/tikaz-voyaj.com\/wp-content\/uploads\/2021\/04\/location-gite-bouillante-bungalow-tikaz-voyaj.jpg?w=700&amp;ssl=1 700w, https:\/\/i0.wp.com\/tikaz-voyaj.com\/wp-content\/uploads\/2021\/04\/location-gite-bouillante-bungalow-tikaz-voyaj.jpg?resize=300%2C300&amp;ssl=1 300w, https:\/\/i0.wp.com\/tikaz-voyaj.com\/wp-content\/uploads\/2021\/04\/location-gite-bouillante-bungalow-tikaz-voyaj.jpg?resize=100%2C100&amp;ssl=1 100w, https:\/\/i0.wp.com\/tikaz-voyaj.com\/wp-content\/uploads\/2021\/04\/location-gite-bouillante-bungalow-tikaz-voyaj.jpg?resize=600%2C600&amp;ssl=1 600w, https:\/\/i0.wp.com\/tikaz-voyaj.com\/wp-content\/uploads\/2021\/04\/location-gite-bouillante-bungalow-tikaz-voyaj.jpg?resize=150%2C150&amp;ssl=1 150w\" sizes=\"(max-width: 700px) 100vw, 700px\" \/><\/figure>\n\n\n\n<figure class=\"wp-block-image size-large\"><img data-recalc-dims=\"1\" loading=\"lazy\" decoding=\"async\" width=\"700\" height=\"700\" src=\"https:\/\/i0.wp.com\/tikaz-voyaj.com\/wp-content\/uploads\/2021\/04\/location-gite-bouillante-bungalow-piscine.jpg?resize=700%2C700&#038;ssl=1\" alt=\"location-gite-bouillante-bungalow-piscine\" class=\"wp-image-1351\" srcset=\"https:\/\/i0.wp.com\/tikaz-voyaj.com\/wp-content\/uploads\/2021\/04\/location-gite-bouillante-bungalow-piscine.jpg?w=700&amp;ssl=1 700w, https:\/\/i0.wp.com\/tikaz-voyaj.com\/wp-content\/uploads\/2021\/04\/location-gite-bouillante-bungalow-piscine.jpg?resize=300%2C300&amp;ssl=1 300w, https:\/\/i0.wp.com\/tikaz-voyaj.com\/wp-content\/uploads\/2021\/04\/location-gite-bouillante-bungalow-piscine.jpg?resize=100%2C100&amp;ssl=1 100w, https:\/\/i0.wp.com\/tikaz-voyaj.com\/wp-content\/uploads\/2021\/04\/location-gite-bouillante-bungalow-piscine.jpg?resize=600%2C600&amp;ssl=1 600w, https:\/\/i0.wp.com\/tikaz-voyaj.com\/wp-content\/uploads\/2021\/04\/location-gite-bouillante-bungalow-piscine.jpg?resize=150%2C150&amp;ssl=1 150w\" sizes=\"(max-width: 700px) 100vw, 700px\" \/><\/figure>\n\n\n\n<figure class=\"wp-block-image size-large\"><img data-recalc-dims=\"1\" loading=\"lazy\" decoding=\"async\" width=\"700\" height=\"700\" src=\"https:\/\/i0.wp.com\/tikaz-voyaj.com\/wp-content\/uploads\/2021\/04\/location-saisonniere-bouillante-gite-vue.jpg?resize=700%2C700&#038;ssl=1\" alt=\"location-saisonniere-bouillante-gite-vue\" class=\"wp-image-1352\" srcset=\"https:\/\/i0.wp.com\/tikaz-voyaj.com\/wp-content\/uploads\/2021\/04\/location-saisonniere-bouillante-gite-vue.jpg?w=700&amp;ssl=1 700w, https:\/\/i0.wp.com\/tikaz-voyaj.com\/wp-content\/uploads\/2021\/04\/location-saisonniere-bouillante-gite-vue.jpg?resize=300%2C300&amp;ssl=1 300w, https:\/\/i0.wp.com\/tikaz-voyaj.com\/wp-content\/uploads\/2021\/04\/location-saisonniere-bouillante-gite-vue.jpg?resize=100%2C100&amp;ssl=1 100w, https:\/\/i0.wp.com\/tikaz-voyaj.com\/wp-content\/uploads\/2021\/04\/location-saisonniere-bouillante-gite-vue.jpg?resize=600%2C600&amp;ssl=1 600w, https:\/\/i0.wp.com\/tikaz-voyaj.com\/wp-content\/uploads\/2021\/04\/location-saisonniere-bouillante-gite-vue.jpg?resize=150%2C150&amp;ssl=1 150w\" sizes=\"(max-width: 700px) 100vw, 700px\" \/><\/figure>\n\n\n\n<figure class=\"wp-block-image size-large\"><img data-recalc-dims=\"1\" loading=\"lazy\" decoding=\"async\" width=\"700\" height=\"700\" src=\"https:\/\/i0.wp.com\/tikaz-voyaj.com\/wp-content\/uploads\/2021\/04\/location-gite-guadeloupe-tikaz-voyaj-01.jpg?resize=700%2C700&#038;ssl=1\" alt=\"location-gite-guadeloupe-tikaz-voyaj-01\" class=\"wp-image-1360\" srcset=\"https:\/\/i0.wp.com\/tikaz-voyaj.com\/wp-content\/uploads\/2021\/04\/location-gite-guadeloupe-tikaz-voyaj-01.jpg?w=700&amp;ssl=1 700w, https:\/\/i0.wp.com\/tikaz-voyaj.com\/wp-content\/uploads\/2021\/04\/location-gite-guadeloupe-tikaz-voyaj-01.jpg?resize=300%2C300&amp;ssl=1 300w, https:\/\/i0.wp.com\/tikaz-voyaj.com\/wp-content\/uploads\/2021\/04\/location-gite-guadeloupe-tikaz-voyaj-01.jpg?resize=100%2C100&amp;ssl=1 100w, https:\/\/i0.wp.com\/tikaz-voyaj.com\/wp-content\/uploads\/2021\/04\/location-gite-guadeloupe-tikaz-voyaj-01.jpg?resize=600%2C600&amp;ssl=1 600w, https:\/\/i0.wp.com\/tikaz-voyaj.com\/wp-content\/uploads\/2021\/04\/location-gite-guadeloupe-tikaz-voyaj-01.jpg?resize=150%2C150&amp;ssl=1 150w\" sizes=\"(max-width: 700px) 100vw, 700px\" \/><\/figure>\n\n\n\n<figure class=\"wp-block-image size-large\"><img data-recalc-dims=\"1\" loading=\"lazy\" decoding=\"async\" width=\"600\" height=\"800\" src=\"https:\/\/i0.wp.com\/tikaz-voyaj.com\/wp-content\/uploads\/2021\/04\/location-saisonniere-guadeloupe-tikaz-voyaj-01.jpg?resize=600%2C800&#038;ssl=1\" alt=\"location-saisonniere-guadeloupe-tikaz-voyaj-01\" class=\"wp-image-1411\" srcset=\"https:\/\/i0.wp.com\/tikaz-voyaj.com\/wp-content\/uploads\/2021\/04\/location-saisonniere-guadeloupe-tikaz-voyaj-01.jpg?w=600&amp;ssl=1 600w, https:\/\/i0.wp.com\/tikaz-voyaj.com\/wp-content\/uploads\/2021\/04\/location-saisonniere-guadeloupe-tikaz-voyaj-01.jpg?resize=225%2C300&amp;ssl=1 225w\" sizes=\"(max-width: 600px) 100vw, 600px\" \/><\/figure>\n<\/figure>\n\n\n\n<p>TiKaz a Voyaj es:<\/p>\n\n\n\n<ul class=\"wp-block-list\" id=\"block-6b980310-1ff6-4d67-9de1-3d6d9f03b01d\"><li>4 bungalows que pueden alojar hasta 4 o 5 personas cada uno<\/li><li>1 chalet con 4 camas<\/li><li>1 estudio<\/li><li>1 gran piscina, rodeada de una bonita cubierta de madera y sus tumbonas<\/li><li>1 lavander\u00eda con 1 lavadora y sus comodidades<\/li><\/ul>\n\n\n\n<h2 class=\"wp-block-heading\">Un equipo de entusiastas a su servicio<\/h2>\n\n\n\n<p>Nuestro equipo conoce perfectamente la zona de Bouillante, y m\u00e1s globalmente, la Basse-Terre. As\u00ed, le dar\u00e1n los mejores consejos y lugares para visitar en la zona: La Reserva Cousteau, las cascadas, las excursiones en el Parque Nacional de Guadalupe, las destiler\u00edas que hay que visitar y las playas que no hay que perderse&#8230; \u00a1sin olvidar los buenos restaurantes y las buenas ofertas!<\/p>\n\n\n\n<p>\u00bfEl plus de las casas rurales de Tikaz a Voyaj? Las diversas asociaciones con proveedores de servicios locales le permiten tener acceso a las mejores actividades, especialmente para el <a href=\"https:\/\/tikaz-voyaj.com\/prestations-plongees\/\">buceo<\/a>. Adem\u00e1s, no dude en pedirnos consejo para sus comidas: los restaurantes con los que trabajamos ofrecen tarifas especiales. El deseo de un restaurante, un masaje, una escapada&#8230; As\u00ed que no dude en decirnos lo que quiere, no dudaremos en darle nuestras recomendaciones.<\/p>\n\n\n\n<h2 class=\"wp-block-heading\">Un alojamiento en Bouillante, como ning\u00fan otro<\/h2>\n\n\n\n<p>Apasionados por el buceo, Tikaz a Voyaj le ofrece vacaciones de buceo. El centro de buceo Plaisir Plong\u00e9e Karuk\u00e9ra (PPK Plong\u00e9e) le acoge cada d\u00eda para descubrir el entorno \u00fanico de la Reserva Cousteau.<\/p>\n\n\n\n<p>El alojamiento est\u00e1 situado en Bouillante, junto a la playa de Malendure, que es el coraz\u00f3n del Parque Nacional Marino de Guadalupe. Es el <a href=\"https:\/\/tikaz-voyaj.com\/sites-plongee-guadeloupe\/\">lugar de buceo<\/a> m\u00e1s popular con sus arrecifes de coral y pecios por descubrir. De d\u00eda o de noche, las salidas son siempre un placer. Ya sea para una primera inmersi\u00f3n, exploraciones o para aprobar una certificaci\u00f3n de buceo, preg\u00fantanos y te guiaremos.<\/p>\n<\/div><\/div><\/div><\/div><\/div>\n","protected":false},"excerpt":{"rendered":"","protected":false},"author":1,"featured_media":0,"parent":0,"menu_order":0,"comment_status":"closed","ping_status":"closed","template":"","meta":{"inline_featured_image":false,"footnotes":""},"class_list":["post-5375","page","type-page","status-publish","hentry"],"yoast_head":"<!-- This site is optimized with the Yoast SEO plugin v25.6 - https:\/\/yoast.com\/wordpress\/plugins\/seo\/ -->\n<title>Alquileres de vacaciones en Guadeloupe - TiKa a Voyaj<\/title>\n<meta name=\"description\" content=\"Para sus vacaciones en Guadeloupe, elija Alquiler de temporada y seleccione el bungalow o chalet de su elecci\u00f3n en Tikaz a Voyaj\" \/>\n<meta name=\"robots\" content=\"index, follow, max-snippet:-1, max-image-preview:large, max-video-preview:-1\" \/>\n<link rel=\"canonical\" href=\"https:\/\/tikaz-voyaj.com\/es\/alquiler-por-temporada-guadeloupe\/\" \/>\n<meta property=\"og:locale\" content=\"es_ES\" \/>\n<meta property=\"og:type\" content=\"article\" \/>\n<meta property=\"og:title\" content=\"Alquileres de vacaciones en Guadeloupe - TiKa a Voyaj\" \/>\n<meta property=\"og:description\" content=\"Para sus vacaciones en Guadeloupe, elija Alquiler de temporada y seleccione el bungalow o chalet de su elecci\u00f3n en Tikaz a Voyaj\" \/>\n<meta property=\"og:url\" content=\"https:\/\/tikaz-voyaj.com\/es\/alquiler-por-temporada-guadeloupe\/\" \/>\n<meta property=\"og:site_name\" content=\"TiKaz a Voyaj\" \/>\n<meta property=\"article:modified_time\" content=\"2023-05-30T13:47:03+00:00\" \/>\n<meta property=\"og:image\" content=\"https:\/\/tikaz-voyaj.com\/wp-content\/uploads\/2021\/04\/location-gites-bouillante-guadeloupe-banner.jpg\" \/>\n<meta name=\"twitter:card\" content=\"summary_large_image\" \/>\n<meta name=\"twitter:label1\" content=\"Tiempo de lectura\" \/>\n\t<meta name=\"twitter:data1\" content=\"2 minutos\" \/>\n<script type=\"application\/ld+json\" class=\"yoast-schema-graph\">{\"@context\":\"https:\/\/schema.org\",\"@graph\":[{\"@type\":\"WebPage\",\"@id\":\"https:\/\/tikaz-voyaj.com\/es\/alquiler-por-temporada-guadeloupe\/\",\"url\":\"https:\/\/tikaz-voyaj.com\/es\/alquiler-por-temporada-guadeloupe\/\",\"name\":\"Alquileres de vacaciones en Guadeloupe - TiKa a Voyaj\",\"isPartOf\":{\"@id\":\"https:\/\/tikaz-voyaj.com\/es\/#website\"},\"primaryImageOfPage\":{\"@id\":\"https:\/\/tikaz-voyaj.com\/es\/alquiler-por-temporada-guadeloupe\/#primaryimage\"},\"image\":{\"@id\":\"https:\/\/tikaz-voyaj.com\/es\/alquiler-por-temporada-guadeloupe\/#primaryimage\"},\"thumbnailUrl\":\"https:\/\/tikaz-voyaj.com\/wp-content\/uploads\/2021\/04\/location-gites-bouillante-guadeloupe-banner.jpg\",\"datePublished\":\"2021-04-04T00:54:11+00:00\",\"dateModified\":\"2023-05-30T13:47:03+00:00\",\"description\":\"Para sus vacaciones en Guadeloupe, elija Alquiler de temporada y seleccione el bungalow o chalet de su elecci\u00f3n en Tikaz a Voyaj\",\"breadcrumb\":{\"@id\":\"https:\/\/tikaz-voyaj.com\/es\/alquiler-por-temporada-guadeloupe\/#breadcrumb\"},\"inLanguage\":\"es\",\"potentialAction\":[{\"@type\":\"ReadAction\",\"target\":[\"https:\/\/tikaz-voyaj.com\/es\/alquiler-por-temporada-guadeloupe\/\"]}]},{\"@type\":\"ImageObject\",\"inLanguage\":\"es\",\"@id\":\"https:\/\/tikaz-voyaj.com\/es\/alquiler-por-temporada-guadeloupe\/#primaryimage\",\"url\":\"https:\/\/tikaz-voyaj.com\/wp-content\/uploads\/2021\/04\/location-gites-bouillante-guadeloupe-banner.jpg\",\"contentUrl\":\"https:\/\/tikaz-voyaj.com\/wp-content\/uploads\/2021\/04\/location-gites-bouillante-guadeloupe-banner.jpg\"},{\"@type\":\"BreadcrumbList\",\"@id\":\"https:\/\/tikaz-voyaj.com\/es\/alquiler-por-temporada-guadeloupe\/#breadcrumb\",\"itemListElement\":[{\"@type\":\"ListItem\",\"position\":1,\"name\":\"Accueil\",\"item\":\"https:\/\/tikaz-voyaj.com\/es\/\"},{\"@type\":\"ListItem\",\"position\":2,\"name\":\"Alquiler por temporada Guadeloupe\"}]},{\"@type\":\"WebSite\",\"@id\":\"https:\/\/tikaz-voyaj.com\/es\/#website\",\"url\":\"https:\/\/tikaz-voyaj.com\/es\/\",\"name\":\"TiKaz a Voyaj\",\"description\":\"\",\"potentialAction\":[{\"@type\":\"SearchAction\",\"target\":{\"@type\":\"EntryPoint\",\"urlTemplate\":\"https:\/\/tikaz-voyaj.com\/es\/?s={search_term_string}\"},\"query-input\":{\"@type\":\"PropertyValueSpecification\",\"valueRequired\":true,\"valueName\":\"search_term_string\"}}],\"inLanguage\":\"es\"}]}<\/script>\n<!-- \/ Yoast SEO plugin. -->","yoast_head_json":{"title":"Alquileres de vacaciones en Guadeloupe - TiKa a Voyaj","description":"Para sus vacaciones en Guadeloupe, elija Alquiler de temporada y seleccione el bungalow o chalet de su elecci\u00f3n en Tikaz a Voyaj","robots":{"index":"index","follow":"follow","max-snippet":"max-snippet:-1","max-image-preview":"max-image-preview:large","max-video-preview":"max-video-preview:-1"},"canonical":"https:\/\/tikaz-voyaj.com\/es\/alquiler-por-temporada-guadeloupe\/","og_locale":"es_ES","og_type":"article","og_title":"Alquileres de vacaciones en Guadeloupe - TiKa a Voyaj","og_description":"Para sus vacaciones en Guadeloupe, elija Alquiler de temporada y seleccione el bungalow o chalet de su elecci\u00f3n en Tikaz a Voyaj","og_url":"https:\/\/tikaz-voyaj.com\/es\/alquiler-por-temporada-guadeloupe\/","og_site_name":"TiKaz a Voyaj","article_modified_time":"2023-05-30T13:47:03+00:00","og_image":[{"url":"https:\/\/tikaz-voyaj.com\/wp-content\/uploads\/2021\/04\/location-gites-bouillante-guadeloupe-banner.jpg","type":"","width":"","height":""}],"twitter_card":"summary_large_image","twitter_misc":{"Tiempo de lectura":"2 minutos"},"schema":{"@context":"https:\/\/schema.org","@graph":[{"@type":"WebPage","@id":"https:\/\/tikaz-voyaj.com\/es\/alquiler-por-temporada-guadeloupe\/","url":"https:\/\/tikaz-voyaj.com\/es\/alquiler-por-temporada-guadeloupe\/","name":"Alquileres de vacaciones en Guadeloupe - TiKa a Voyaj","isPartOf":{"@id":"https:\/\/tikaz-voyaj.com\/es\/#website"},"primaryImageOfPage":{"@id":"https:\/\/tikaz-voyaj.com\/es\/alquiler-por-temporada-guadeloupe\/#primaryimage"},"image":{"@id":"https:\/\/tikaz-voyaj.com\/es\/alquiler-por-temporada-guadeloupe\/#primaryimage"},"thumbnailUrl":"https:\/\/tikaz-voyaj.com\/wp-content\/uploads\/2021\/04\/location-gites-bouillante-guadeloupe-banner.jpg","datePublished":"2021-04-04T00:54:11+00:00","dateModified":"2023-05-30T13:47:03+00:00","description":"Para sus vacaciones en Guadeloupe, elija Alquiler de temporada y seleccione el bungalow o chalet de su elecci\u00f3n en Tikaz a Voyaj","breadcrumb":{"@id":"https:\/\/tikaz-voyaj.com\/es\/alquiler-por-temporada-guadeloupe\/#breadcrumb"},"inLanguage":"es","potentialAction":[{"@type":"ReadAction","target":["https:\/\/tikaz-voyaj.com\/es\/alquiler-por-temporada-guadeloupe\/"]}]},{"@type":"ImageObject","inLanguage":"es","@id":"https:\/\/tikaz-voyaj.com\/es\/alquiler-por-temporada-guadeloupe\/#primaryimage","url":"https:\/\/tikaz-voyaj.com\/wp-content\/uploads\/2021\/04\/location-gites-bouillante-guadeloupe-banner.jpg","contentUrl":"https:\/\/tikaz-voyaj.com\/wp-content\/uploads\/2021\/04\/location-gites-bouillante-guadeloupe-banner.jpg"},{"@type":"BreadcrumbList","@id":"https:\/\/tikaz-voyaj.com\/es\/alquiler-por-temporada-guadeloupe\/#breadcrumb","itemListElement":[{"@type":"ListItem","position":1,"name":"Accueil","item":"https:\/\/tikaz-voyaj.com\/es\/"},{"@type":"ListItem","position":2,"name":"Alquiler por temporada Guadeloupe"}]},{"@type":"WebSite","@id":"https:\/\/tikaz-voyaj.com\/es\/#website","url":"https:\/\/tikaz-voyaj.com\/es\/","name":"TiKaz a Voyaj","description":"","potentialAction":[{"@type":"SearchAction","target":{"@type":"EntryPoint","urlTemplate":"https:\/\/tikaz-voyaj.com\/es\/?s={search_term_string}"},"query-input":{"@type":"PropertyValueSpecification","valueRequired":true,"valueName":"search_term_string"}}],"inLanguage":"es"}]}},"jetpack_sharing_enabled":true,"_links":{"self":[{"href":"https:\/\/tikaz-voyaj.com\/es\/wp-json\/wp\/v2\/pages\/5375"}],"collection":[{"href":"https:\/\/tikaz-voyaj.com\/es\/wp-json\/wp\/v2\/pages"}],"about":[{"href":"https:\/\/tikaz-voyaj.com\/es\/wp-json\/wp\/v2\/types\/page"}],"author":[{"embeddable":true,"href":"https:\/\/tikaz-voyaj.com\/es\/wp-json\/wp\/v2\/users\/1"}],"replies":[{"embeddable":true,"href":"https:\/\/tikaz-voyaj.com\/es\/wp-json\/wp\/v2\/comments?post=5375"}],"version-history":[{"count":1,"href":"https:\/\/tikaz-voyaj.com\/es\/wp-json\/wp\/v2\/pages\/5375\/revisions"}],"predecessor-version":[{"id":5376,"href":"https:\/\/tikaz-voyaj.com\/es\/wp-json\/wp\/v2\/pages\/5375\/revisions\/5376"}],"wp:attachment":[{"href":"https:\/\/tikaz-voyaj.com\/es\/wp-json\/wp\/v2\/media?parent=5375"}],"curies":[{"name":"wp","href":"https:\/\/api.w.org\/{rel}","templated":true}]}}