{"id":6223,"date":"2021-04-04T00:54:11","date_gmt":"2021-04-04T00:54:11","guid":{"rendered":"https:\/\/tikaz-voyaj.com\/seasonal-rental-guadeloupe\/"},"modified":"2023-06-01T15:47:45","modified_gmt":"2023-06-01T15:47:45","slug":"seasonal-rental-guadeloupe","status":"publish","type":"page","link":"https:\/\/tikaz-voyaj.com\/en\/seasonal-rental-guadeloupe\/","title":{"rendered":"Seasonal rental Guadeloupe"},"content":{"rendered":"\n<div class=\"wp-block-getwid-section alignfull getwid-section-content-full-width\"><div class=\"wp-block-getwid-section__wrapper\" style=\"padding-top:150px;padding-bottom:150px\"><div class=\"wp-block-getwid-section__inner-wrapper\"><div class=\"wp-block-getwid-section__background-holder\"><div class=\"wp-block-getwid-section__background\" style=\"background-image:url('https:\/\/tikaz-voyaj.com\/wp-content\/uploads\/2021\/04\/location-gites-bouillante-guadeloupe-banner.jpg')\"><div class=\"wp-block-getwid-section__background-image-wrapper\"><img data-recalc-dims=\"1\" decoding=\"async\" class=\"wp-block-getwid-section__background-image\" src=\"https:\/\/i0.wp.com\/tikaz-voyaj.com\/wp-content\/uploads\/2021\/04\/location-gites-bouillante-guadeloupe-banner.jpg?w=892&#038;ssl=1\" alt=\"location-gites-bouillante-guadeloupe-banner\"\/><\/div><\/div><div class=\"wp-block-getwid-section__foreground\" style=\"opacity:0.3;background-color:#000000\"><\/div><\/div><div class=\"wp-block-getwid-section__content\"><div class=\"wp-block-getwid-section__inner-content\">\n<h2 class=\"has-text-align-center has-white-color has-text-color wp-block-heading\">Rental cottage in Guadeloupe<\/h2>\n<\/div><\/div><\/div><\/div><\/div>\n\n<div class=\"wp-block-getwid-section alignwide alignwide\"><div class=\"wp-block-getwid-section__wrapper\"><div class=\"wp-block-getwid-section__inner-wrapper\"><div class=\"wp-block-getwid-section__background-holder\"><div class=\"wp-block-getwid-section__background\"><\/div><div class=\"wp-block-getwid-section__foreground\"><\/div><\/div><div class=\"wp-block-getwid-section__content\"><div class=\"wp-block-getwid-section__inner-content\">\n<h2 class=\"wp-block-heading\">Seasonal rental in Guadeloupe at Bouillante : TiKaz a Voyaj<\/h2>\n\n\n\n<p>Tikaz a Voyaj is a holiday rental in Guadeloupe known for being a real haven of peace. Perched in the heights of Bouillante, these Guadeloupe cottages are composed of 4 <a href=\"https:\/\/tikaz-voyaj.com\/bungalows-bouillante\/\">bungalows<\/a>, a <a href=\"https:\/\/tikaz-voyaj.com\/villa-karukera\/\">sublime<\/a> villa and a charming studio. From each terrace or from the pool below, you will have a breathtaking view of the Caribbean Sea.<\/p>\n\n\n\n<p>Close to all amenities and shops of all kinds, our seasonal accommodation combines the peace and quiet you need for a successful holiday with all the comfort you require.<\/p>\n\n\n\n<figure class=\"wp-block-gallery has-nested-images columns-3 is-cropped wp-block-gallery-1 is-layout-flex wp-block-gallery-is-layout-flex\">\n<figure class=\"wp-block-image size-large\"><img data-recalc-dims=\"1\" loading=\"lazy\" decoding=\"async\" width=\"892\" height=\"892\" src=\"https:\/\/i0.wp.com\/tikaz-voyaj.com\/wp-content\/uploads\/2021\/04\/location-villa-bouillante-tikaz-voyaj.jpg?resize=892%2C892&#038;ssl=1\" alt=\"rental-villa-bouillante-tikaz-voyaj\" class=\"wp-image-1349\" srcset=\"https:\/\/i0.wp.com\/tikaz-voyaj.com\/wp-content\/uploads\/2021\/04\/location-villa-bouillante-tikaz-voyaj.jpg?w=900&amp;ssl=1 900w, https:\/\/i0.wp.com\/tikaz-voyaj.com\/wp-content\/uploads\/2021\/04\/location-villa-bouillante-tikaz-voyaj.jpg?resize=300%2C300&amp;ssl=1 300w, https:\/\/i0.wp.com\/tikaz-voyaj.com\/wp-content\/uploads\/2021\/04\/location-villa-bouillante-tikaz-voyaj.jpg?resize=100%2C100&amp;ssl=1 100w, https:\/\/i0.wp.com\/tikaz-voyaj.com\/wp-content\/uploads\/2021\/04\/location-villa-bouillante-tikaz-voyaj.jpg?resize=600%2C600&amp;ssl=1 600w, https:\/\/i0.wp.com\/tikaz-voyaj.com\/wp-content\/uploads\/2021\/04\/location-villa-bouillante-tikaz-voyaj.jpg?resize=150%2C150&amp;ssl=1 150w, https:\/\/i0.wp.com\/tikaz-voyaj.com\/wp-content\/uploads\/2021\/04\/location-villa-bouillante-tikaz-voyaj.jpg?resize=768%2C768&amp;ssl=1 768w, https:\/\/i0.wp.com\/tikaz-voyaj.com\/wp-content\/uploads\/2021\/04\/location-villa-bouillante-tikaz-voyaj.jpg?resize=892%2C892&amp;ssl=1 892w\" sizes=\"(max-width: 892px) 100vw, 892px\" \/><\/figure>\n\n\n\n<figure class=\"wp-block-image size-large\"><img data-recalc-dims=\"1\" loading=\"lazy\" decoding=\"async\" width=\"700\" height=\"700\" src=\"https:\/\/i0.wp.com\/tikaz-voyaj.com\/wp-content\/uploads\/2021\/04\/location-gite-bouillante-bungalow-tikaz-voyaj.jpg?resize=700%2C700&#038;ssl=1\" alt=\"location-gite-bouillante-bungalow-tikaz-voyaj\" class=\"wp-image-1350\" srcset=\"https:\/\/i0.wp.com\/tikaz-voyaj.com\/wp-content\/uploads\/2021\/04\/location-gite-bouillante-bungalow-tikaz-voyaj.jpg?w=700&amp;ssl=1 700w, https:\/\/i0.wp.com\/tikaz-voyaj.com\/wp-content\/uploads\/2021\/04\/location-gite-bouillante-bungalow-tikaz-voyaj.jpg?resize=300%2C300&amp;ssl=1 300w, https:\/\/i0.wp.com\/tikaz-voyaj.com\/wp-content\/uploads\/2021\/04\/location-gite-bouillante-bungalow-tikaz-voyaj.jpg?resize=100%2C100&amp;ssl=1 100w, https:\/\/i0.wp.com\/tikaz-voyaj.com\/wp-content\/uploads\/2021\/04\/location-gite-bouillante-bungalow-tikaz-voyaj.jpg?resize=600%2C600&amp;ssl=1 600w, https:\/\/i0.wp.com\/tikaz-voyaj.com\/wp-content\/uploads\/2021\/04\/location-gite-bouillante-bungalow-tikaz-voyaj.jpg?resize=150%2C150&amp;ssl=1 150w\" sizes=\"(max-width: 700px) 100vw, 700px\" \/><\/figure>\n\n\n\n<figure class=\"wp-block-image size-large\"><img data-recalc-dims=\"1\" loading=\"lazy\" decoding=\"async\" width=\"700\" height=\"700\" src=\"https:\/\/i0.wp.com\/tikaz-voyaj.com\/wp-content\/uploads\/2021\/04\/location-gite-bouillante-bungalow-piscine.jpg?resize=700%2C700&#038;ssl=1\" alt=\"rental-gite-bouillante-bungalow-swimming-pool\" class=\"wp-image-1351\" srcset=\"https:\/\/i0.wp.com\/tikaz-voyaj.com\/wp-content\/uploads\/2021\/04\/location-gite-bouillante-bungalow-piscine.jpg?w=700&amp;ssl=1 700w, https:\/\/i0.wp.com\/tikaz-voyaj.com\/wp-content\/uploads\/2021\/04\/location-gite-bouillante-bungalow-piscine.jpg?resize=300%2C300&amp;ssl=1 300w, https:\/\/i0.wp.com\/tikaz-voyaj.com\/wp-content\/uploads\/2021\/04\/location-gite-bouillante-bungalow-piscine.jpg?resize=100%2C100&amp;ssl=1 100w, https:\/\/i0.wp.com\/tikaz-voyaj.com\/wp-content\/uploads\/2021\/04\/location-gite-bouillante-bungalow-piscine.jpg?resize=600%2C600&amp;ssl=1 600w, https:\/\/i0.wp.com\/tikaz-voyaj.com\/wp-content\/uploads\/2021\/04\/location-gite-bouillante-bungalow-piscine.jpg?resize=150%2C150&amp;ssl=1 150w\" sizes=\"(max-width: 700px) 100vw, 700px\" \/><\/figure>\n\n\n\n<figure class=\"wp-block-image size-large\"><img data-recalc-dims=\"1\" loading=\"lazy\" decoding=\"async\" width=\"700\" height=\"700\" src=\"https:\/\/i0.wp.com\/tikaz-voyaj.com\/wp-content\/uploads\/2021\/04\/location-saisonniere-bouillante-gite-vue.jpg?resize=700%2C700&#038;ssl=1\" alt=\"seasonal-rental-boiling-view\" class=\"wp-image-1352\" srcset=\"https:\/\/i0.wp.com\/tikaz-voyaj.com\/wp-content\/uploads\/2021\/04\/location-saisonniere-bouillante-gite-vue.jpg?w=700&amp;ssl=1 700w, https:\/\/i0.wp.com\/tikaz-voyaj.com\/wp-content\/uploads\/2021\/04\/location-saisonniere-bouillante-gite-vue.jpg?resize=300%2C300&amp;ssl=1 300w, https:\/\/i0.wp.com\/tikaz-voyaj.com\/wp-content\/uploads\/2021\/04\/location-saisonniere-bouillante-gite-vue.jpg?resize=100%2C100&amp;ssl=1 100w, https:\/\/i0.wp.com\/tikaz-voyaj.com\/wp-content\/uploads\/2021\/04\/location-saisonniere-bouillante-gite-vue.jpg?resize=600%2C600&amp;ssl=1 600w, https:\/\/i0.wp.com\/tikaz-voyaj.com\/wp-content\/uploads\/2021\/04\/location-saisonniere-bouillante-gite-vue.jpg?resize=150%2C150&amp;ssl=1 150w\" sizes=\"(max-width: 700px) 100vw, 700px\" \/><\/figure>\n\n\n\n<figure class=\"wp-block-image size-large\"><img data-recalc-dims=\"1\" loading=\"lazy\" decoding=\"async\" width=\"700\" height=\"700\" src=\"https:\/\/i0.wp.com\/tikaz-voyaj.com\/wp-content\/uploads\/2021\/04\/location-gite-guadeloupe-tikaz-voyaj-01.jpg?resize=700%2C700&#038;ssl=1\" alt=\"location-gite-guadeloupe-tikaz-voyaj-01\" class=\"wp-image-1360\" srcset=\"https:\/\/i0.wp.com\/tikaz-voyaj.com\/wp-content\/uploads\/2021\/04\/location-gite-guadeloupe-tikaz-voyaj-01.jpg?w=700&amp;ssl=1 700w, https:\/\/i0.wp.com\/tikaz-voyaj.com\/wp-content\/uploads\/2021\/04\/location-gite-guadeloupe-tikaz-voyaj-01.jpg?resize=300%2C300&amp;ssl=1 300w, https:\/\/i0.wp.com\/tikaz-voyaj.com\/wp-content\/uploads\/2021\/04\/location-gite-guadeloupe-tikaz-voyaj-01.jpg?resize=100%2C100&amp;ssl=1 100w, https:\/\/i0.wp.com\/tikaz-voyaj.com\/wp-content\/uploads\/2021\/04\/location-gite-guadeloupe-tikaz-voyaj-01.jpg?resize=600%2C600&amp;ssl=1 600w, https:\/\/i0.wp.com\/tikaz-voyaj.com\/wp-content\/uploads\/2021\/04\/location-gite-guadeloupe-tikaz-voyaj-01.jpg?resize=150%2C150&amp;ssl=1 150w\" sizes=\"(max-width: 700px) 100vw, 700px\" \/><\/figure>\n\n\n\n<figure class=\"wp-block-image size-large\"><img data-recalc-dims=\"1\" loading=\"lazy\" decoding=\"async\" width=\"600\" height=\"800\" src=\"https:\/\/i0.wp.com\/tikaz-voyaj.com\/wp-content\/uploads\/2021\/04\/location-saisonniere-guadeloupe-tikaz-voyaj-01.jpg?resize=600%2C800&#038;ssl=1\" alt=\"seasonal-rental-guadeloupe-tikaz-voyaj-01\" class=\"wp-image-1411\" srcset=\"https:\/\/i0.wp.com\/tikaz-voyaj.com\/wp-content\/uploads\/2021\/04\/location-saisonniere-guadeloupe-tikaz-voyaj-01.jpg?w=600&amp;ssl=1 600w, https:\/\/i0.wp.com\/tikaz-voyaj.com\/wp-content\/uploads\/2021\/04\/location-saisonniere-guadeloupe-tikaz-voyaj-01.jpg?resize=225%2C300&amp;ssl=1 225w\" sizes=\"(max-width: 600px) 100vw, 600px\" \/><\/figure>\n<\/figure>\n\n\n\n<p>TiKaz a Voyaj offers:<\/p>\n\n\n\n<ul class=\"wp-block-list\" id=\"block-6b980310-1ff6-4d67-9de1-3d6d9f03b01d\"><li>4 bungalows that can accommodate up to 4 to 5 people each<\/li><li>1 villa with 4 beds<\/li><li>1 studio<\/li><li>1 large swimming pool, surrounded by a nice wooden deck and its deckchairs<\/li><li>1 laundry space with 1 washing machine and its amenities<\/li><\/ul>\n\n\n\n<h2 class=\"wp-block-heading\">A team of enthusiasts at your service<\/h2>\n\n\n\n<p>Our team knows perfectly the area of Bouillante, and more globally, the Basse-Terre. Thus, they will give you the best advice on places to visit in the area: The Cousteau Reserve, the waterfalls, the hikes in the Guadeloupe National Park, the distilleries to visit, and the beaches not to be missed&#8230; without forgetting the good restaurants and the good deals!<\/p>\n\n\n\n<p>The plus of Tikaz a Voyaj&#8217;s gites? The various partnerships with local service providers allow you to have access to the best activities, especially for <a href=\"https:\/\/tikaz-voyaj.com\/prestations-plongees\/\">scuba diving<\/a>. Moreover, do not hesitate to ask us for advice for your meals: the restaurants we work with, offer special rates. A desire for a restaurant, a massage, an escape&#8230;! So, let us know what you want, we will be happy to give you our recommendations.<\/p>\n\n\n\n<h2 class=\"wp-block-heading\">An accommodation in Bouillante, like no other<\/h2>\n\n\n\n<p>Passionate about diving, Tikaz a Voyaj offers you diving holidays. The diving centre Plaisir Plong\u00e9e Karuk\u00e9ra (PPK Plong\u00e9e) welcomes you every day to discover the unique environment of the Cousteau Reserve.<\/p>\n\n\n\n<p>The lodge is located in Bouillante, next to the Malendure beach which is the heart of the Guadeloupe National Marine Park. It is the most popular <a href=\"https:\/\/tikaz-voyaj.com\/sites-plongee-guadeloupe\/\">diving spot<\/a> with its coral reefs and wrecks to discover. Day or night, the outings are always a treat. Whether it&#8217;s for a first dive, explorations, or to pass a diving certification, ask us and we will guide you.<\/p>\n<\/div><\/div><\/div><\/div><\/div>\n","protected":false},"excerpt":{"rendered":"","protected":false},"author":1,"featured_media":0,"parent":0,"menu_order":0,"comment_status":"closed","ping_status":"closed","template":"","meta":{"inline_featured_image":false,"footnotes":""},"class_list":["post-6223","page","type-page","status-publish","hentry"],"yoast_head":"<!-- This site is optimized with the Yoast SEO plugin v25.6 - https:\/\/yoast.com\/wordpress\/plugins\/seo\/ -->\n<title>Guadeloupe Holiday Rentals with TiKaz a Voyaj<\/title>\n<meta name=\"description\" content=\"For your holidays in Guadeloupe, Choose Seasonal Rental and select the bungalow or villa of your choice at Tikaz a Voyaj\" \/>\n<meta name=\"robots\" content=\"index, follow, max-snippet:-1, max-image-preview:large, max-video-preview:-1\" \/>\n<link rel=\"canonical\" href=\"https:\/\/tikaz-voyaj.com\/en\/seasonal-rental-guadeloupe\/\" \/>\n<meta property=\"og:locale\" content=\"en_US\" \/>\n<meta property=\"og:type\" content=\"article\" \/>\n<meta property=\"og:title\" content=\"Guadeloupe Holiday Rentals with TiKaz a Voyaj\" \/>\n<meta property=\"og:description\" content=\"For your holidays in Guadeloupe, Choose Seasonal Rental and select the bungalow or villa of your choice at Tikaz a Voyaj\" \/>\n<meta property=\"og:url\" content=\"https:\/\/tikaz-voyaj.com\/en\/seasonal-rental-guadeloupe\/\" \/>\n<meta property=\"og:site_name\" content=\"TiKaz a Voyaj\" \/>\n<meta property=\"article:modified_time\" content=\"2023-06-01T15:47:45+00:00\" \/>\n<meta property=\"og:image\" content=\"https:\/\/tikaz-voyaj.com\/wp-content\/uploads\/2021\/04\/location-gites-bouillante-guadeloupe-banner.jpg\" \/>\n<meta name=\"twitter:card\" content=\"summary_large_image\" \/>\n<meta name=\"twitter:label1\" content=\"Est. reading time\" \/>\n\t<meta name=\"twitter:data1\" content=\"2 minutes\" \/>\n<script type=\"application\/ld+json\" class=\"yoast-schema-graph\">{\"@context\":\"https:\/\/schema.org\",\"@graph\":[{\"@type\":\"WebPage\",\"@id\":\"https:\/\/tikaz-voyaj.com\/en\/seasonal-rental-guadeloupe\/\",\"url\":\"https:\/\/tikaz-voyaj.com\/en\/seasonal-rental-guadeloupe\/\",\"name\":\"Guadeloupe Holiday Rentals with TiKaz a Voyaj\",\"isPartOf\":{\"@id\":\"https:\/\/tikaz-voyaj.com\/en\/#website\"},\"primaryImageOfPage\":{\"@id\":\"https:\/\/tikaz-voyaj.com\/en\/seasonal-rental-guadeloupe\/#primaryimage\"},\"image\":{\"@id\":\"https:\/\/tikaz-voyaj.com\/en\/seasonal-rental-guadeloupe\/#primaryimage\"},\"thumbnailUrl\":\"https:\/\/tikaz-voyaj.com\/wp-content\/uploads\/2021\/04\/location-gites-bouillante-guadeloupe-banner.jpg\",\"datePublished\":\"2021-04-04T00:54:11+00:00\",\"dateModified\":\"2023-06-01T15:47:45+00:00\",\"description\":\"For your holidays in Guadeloupe, Choose Seasonal Rental and select the bungalow or villa of your choice at Tikaz a Voyaj\",\"breadcrumb\":{\"@id\":\"https:\/\/tikaz-voyaj.com\/en\/seasonal-rental-guadeloupe\/#breadcrumb\"},\"inLanguage\":\"en-US\",\"potentialAction\":[{\"@type\":\"ReadAction\",\"target\":[\"https:\/\/tikaz-voyaj.com\/en\/seasonal-rental-guadeloupe\/\"]}]},{\"@type\":\"ImageObject\",\"inLanguage\":\"en-US\",\"@id\":\"https:\/\/tikaz-voyaj.com\/en\/seasonal-rental-guadeloupe\/#primaryimage\",\"url\":\"https:\/\/tikaz-voyaj.com\/wp-content\/uploads\/2021\/04\/location-gites-bouillante-guadeloupe-banner.jpg\",\"contentUrl\":\"https:\/\/tikaz-voyaj.com\/wp-content\/uploads\/2021\/04\/location-gites-bouillante-guadeloupe-banner.jpg\"},{\"@type\":\"BreadcrumbList\",\"@id\":\"https:\/\/tikaz-voyaj.com\/en\/seasonal-rental-guadeloupe\/#breadcrumb\",\"itemListElement\":[{\"@type\":\"ListItem\",\"position\":1,\"name\":\"Accueil\",\"item\":\"https:\/\/tikaz-voyaj.com\/en\/\"},{\"@type\":\"ListItem\",\"position\":2,\"name\":\"Seasonal rental Guadeloupe\"}]},{\"@type\":\"WebSite\",\"@id\":\"https:\/\/tikaz-voyaj.com\/en\/#website\",\"url\":\"https:\/\/tikaz-voyaj.com\/en\/\",\"name\":\"TiKaz a Voyaj\",\"description\":\"\",\"potentialAction\":[{\"@type\":\"SearchAction\",\"target\":{\"@type\":\"EntryPoint\",\"urlTemplate\":\"https:\/\/tikaz-voyaj.com\/en\/?s={search_term_string}\"},\"query-input\":{\"@type\":\"PropertyValueSpecification\",\"valueRequired\":true,\"valueName\":\"search_term_string\"}}],\"inLanguage\":\"en-US\"}]}<\/script>\n<!-- \/ Yoast SEO plugin. -->","yoast_head_json":{"title":"Guadeloupe Holiday Rentals with TiKaz a Voyaj","description":"For your holidays in Guadeloupe, Choose Seasonal Rental and select the bungalow or villa of your choice at Tikaz a Voyaj","robots":{"index":"index","follow":"follow","max-snippet":"max-snippet:-1","max-image-preview":"max-image-preview:large","max-video-preview":"max-video-preview:-1"},"canonical":"https:\/\/tikaz-voyaj.com\/en\/seasonal-rental-guadeloupe\/","og_locale":"en_US","og_type":"article","og_title":"Guadeloupe Holiday Rentals with TiKaz a Voyaj","og_description":"For your holidays in Guadeloupe, Choose Seasonal Rental and select the bungalow or villa of your choice at Tikaz a Voyaj","og_url":"https:\/\/tikaz-voyaj.com\/en\/seasonal-rental-guadeloupe\/","og_site_name":"TiKaz a Voyaj","article_modified_time":"2023-06-01T15:47:45+00:00","og_image":[{"url":"https:\/\/tikaz-voyaj.com\/wp-content\/uploads\/2021\/04\/location-gites-bouillante-guadeloupe-banner.jpg","type":"","width":"","height":""}],"twitter_card":"summary_large_image","twitter_misc":{"Est. reading time":"2 minutes"},"schema":{"@context":"https:\/\/schema.org","@graph":[{"@type":"WebPage","@id":"https:\/\/tikaz-voyaj.com\/en\/seasonal-rental-guadeloupe\/","url":"https:\/\/tikaz-voyaj.com\/en\/seasonal-rental-guadeloupe\/","name":"Guadeloupe Holiday Rentals with TiKaz a Voyaj","isPartOf":{"@id":"https:\/\/tikaz-voyaj.com\/en\/#website"},"primaryImageOfPage":{"@id":"https:\/\/tikaz-voyaj.com\/en\/seasonal-rental-guadeloupe\/#primaryimage"},"image":{"@id":"https:\/\/tikaz-voyaj.com\/en\/seasonal-rental-guadeloupe\/#primaryimage"},"thumbnailUrl":"https:\/\/tikaz-voyaj.com\/wp-content\/uploads\/2021\/04\/location-gites-bouillante-guadeloupe-banner.jpg","datePublished":"2021-04-04T00:54:11+00:00","dateModified":"2023-06-01T15:47:45+00:00","description":"For your holidays in Guadeloupe, Choose Seasonal Rental and select the bungalow or villa of your choice at Tikaz a Voyaj","breadcrumb":{"@id":"https:\/\/tikaz-voyaj.com\/en\/seasonal-rental-guadeloupe\/#breadcrumb"},"inLanguage":"en-US","potentialAction":[{"@type":"ReadAction","target":["https:\/\/tikaz-voyaj.com\/en\/seasonal-rental-guadeloupe\/"]}]},{"@type":"ImageObject","inLanguage":"en-US","@id":"https:\/\/tikaz-voyaj.com\/en\/seasonal-rental-guadeloupe\/#primaryimage","url":"https:\/\/tikaz-voyaj.com\/wp-content\/uploads\/2021\/04\/location-gites-bouillante-guadeloupe-banner.jpg","contentUrl":"https:\/\/tikaz-voyaj.com\/wp-content\/uploads\/2021\/04\/location-gites-bouillante-guadeloupe-banner.jpg"},{"@type":"BreadcrumbList","@id":"https:\/\/tikaz-voyaj.com\/en\/seasonal-rental-guadeloupe\/#breadcrumb","itemListElement":[{"@type":"ListItem","position":1,"name":"Accueil","item":"https:\/\/tikaz-voyaj.com\/en\/"},{"@type":"ListItem","position":2,"name":"Seasonal rental Guadeloupe"}]},{"@type":"WebSite","@id":"https:\/\/tikaz-voyaj.com\/en\/#website","url":"https:\/\/tikaz-voyaj.com\/en\/","name":"TiKaz a Voyaj","description":"","potentialAction":[{"@type":"SearchAction","target":{"@type":"EntryPoint","urlTemplate":"https:\/\/tikaz-voyaj.com\/en\/?s={search_term_string}"},"query-input":{"@type":"PropertyValueSpecification","valueRequired":true,"valueName":"search_term_string"}}],"inLanguage":"en-US"}]}},"jetpack_sharing_enabled":true,"_links":{"self":[{"href":"https:\/\/tikaz-voyaj.com\/en\/wp-json\/wp\/v2\/pages\/6223"}],"collection":[{"href":"https:\/\/tikaz-voyaj.com\/en\/wp-json\/wp\/v2\/pages"}],"about":[{"href":"https:\/\/tikaz-voyaj.com\/en\/wp-json\/wp\/v2\/types\/page"}],"author":[{"embeddable":true,"href":"https:\/\/tikaz-voyaj.com\/en\/wp-json\/wp\/v2\/users\/1"}],"replies":[{"embeddable":true,"href":"https:\/\/tikaz-voyaj.com\/en\/wp-json\/wp\/v2\/comments?post=6223"}],"version-history":[{"count":1,"href":"https:\/\/tikaz-voyaj.com\/en\/wp-json\/wp\/v2\/pages\/6223\/revisions"}],"predecessor-version":[{"id":6224,"href":"https:\/\/tikaz-voyaj.com\/en\/wp-json\/wp\/v2\/pages\/6223\/revisions\/6224"}],"wp:attachment":[{"href":"https:\/\/tikaz-voyaj.com\/en\/wp-json\/wp\/v2\/media?parent=6223"}],"curies":[{"name":"wp","href":"https:\/\/api.w.org\/{rel}","templated":true}]}}