{"id":6333,"date":"2019-08-20T12:10:13","date_gmt":"2019-08-20T12:10:13","guid":{"rendered":"https:\/\/tikaz-voyaj.com\/kontakte\/"},"modified":"2023-06-02T16:48:58","modified_gmt":"2023-06-02T16:48:58","slug":"kontakte","status":"publish","type":"page","link":"https:\/\/tikaz-voyaj.com\/de\/kontakte\/","title":{"rendered":"Kontakte"},"content":{"rendered":"\n<div class=\"wp-block-columns has-2-columns ptop-125 is-layout-flex wp-container-core-columns-is-layout-1 wp-block-columns-is-layout-flex\">\n<div class=\"wp-block-column is-layout-flow wp-block-column-is-layout-flow\">\n<div class=\"wp-block-getwid-advanced-heading\" style=\"margin-bottom:30px\"><h2 class=\"wp-block-getwid-advanced-heading__content\">Kontaktieren Sie das Team von Tikaz a Voyaj<\/h2><\/div>\n\n\n\n<p>Haben Sie eine Frage zu unseren Unterk\u00fcnften? Wir freuen uns, Ihnen zu antworten.<\/p>\n\n\n\n<p>Sie sind eine Gruppe von Tauchern und m\u00f6chten ein Angebot f\u00fcr einen Tauchurlaub bei Tikaz a Voyaj? Schreiben Sie uns ohne Verz\u00f6gerung.<\/p>\n\n\n\n<div style=\"height:20px\" aria-hidden=\"true\" class=\"wp-block-spacer\"><\/div>\n\n\n\n<div class=\"wp-block-getwid-advanced-heading has-custom-font-size\" style=\"font-size:14px;margin-bottom:0px\"><span class=\"wp-block-getwid-advanced-heading__content\">Anschrift<\/span><\/div>\n\n\n\n<div class=\"wp-block-getwid-advanced-heading has-custom-font-size\" style=\"font-size:normal\"><span class=\"wp-block-getwid-advanced-heading__content has-text-color has-arsenic-color\" style=\"font-weight:500\">12 Lot. Acajou Royal, Route de Poirier<br>97125 Bouillante &#8211; GUADELOUPE<\/span><\/div>\n\n\n\n<div class=\"wp-block-getwid-advanced-heading has-custom-font-size\" style=\"font-size:14px;margin-bottom:0px\"><span class=\"wp-block-getwid-advanced-heading__content\">Telefon<\/span><\/div>\n\n\n\n<div class=\"wp-block-getwid-advanced-heading has-custom-font-size\" style=\"font-size:normal\"><span class=\"wp-block-getwid-advanced-heading__content has-text-color has-arsenic-color\" style=\"font-weight:500\"> <a href=\"tel:19544566789\"> +590 <\/a><a href=\"https:\/\/www.google.com\/search?q=ppk+plong%C3%A9e+guadeloupe&#038;oq=ppk+plong&#038;aqs=chrome.0.69i59j69i57j35i39j0j69i60l3.1664j0j7&#038;sourceid=chrome&#038;ie=UTF-8#\">05 90 98 82 43<\/a><\/span><\/div>\n\n\n\n<div class=\"wp-block-getwid-advanced-heading has-custom-font-size\" style=\"font-size:14px;margin-bottom:0px\"><span class=\"wp-block-getwid-advanced-heading__content\">E-Mail<\/span><\/div>\n\n\n\n<div class=\"wp-block-getwid-advanced-heading has-custom-font-size\" style=\"font-size:normal\"><span class=\"wp-block-getwid-advanced-heading__content has-text-color has-arsenic-color\" style=\"font-weight:500\"><a href=\"mailto:hello@booklium.com\">tikaz.voyaj@gmail.com<\/a> <\/span><\/div>\n<\/div>\n\n\n\n<div class=\"wp-block-column is-layout-flow wp-block-column-is-layout-flow\">\n<div class=\"wp-block-getwid-section is-style-with-shadow\"><div class=\"wp-block-getwid-section__wrapper getwid-padding-top-medium getwid-padding-bottom-medium getwid-padding-left-medium getwid-padding-right-medium\"><div class=\"wp-block-getwid-section__inner-wrapper\"><div class=\"wp-block-getwid-section__background-holder\"><div class=\"wp-block-getwid-section__background has-background has-white-background-color\"><\/div><div class=\"wp-block-getwid-section__foreground\"><\/div><\/div><div class=\"wp-block-getwid-section__content\"><div class=\"wp-block-getwid-section__inner-content\">        <div class=\"wp-block-getwid-contact-form\" >\n            <form class='wp-block-getwid-contact-form__form'>\n    \n        <p class='wp-block-getwid-field-name'>\n\t    <label\n        for='name-69fddd3452e4c'\n        class='wp-block-getwid-field-name__label'\n    >Votre nom *<\/label>\n\t    <input id='name-69fddd3452e4c' type='text' name='name'            placeholder='Entrez votre nom'             required=''\n            \/>\n<\/p>\n\n\n        <p class='wp-block-getwid-field-email'>\n\t    <label\n\t\tfor='email-69fddd3452f2e'\n        class='wp-block-getwid-field-email__label'\n    >Votre Email *<\/label>\n\t    <input id='email-69fddd3452f2e' type='email' name='email'             placeholder='Entrez votre email'             required=''    \/>\n<\/p>\n\n\n        <p class='wp-block-getwid-field-textarea'>\n\t    <label\n\t\tfor='message-69fddd3452fe5'\n        class='wp-block-getwid-field-textarea__label'\n    >Message<\/label>\n\t    <textarea\n\t\tid='message-69fddd3452fe5' rows='5' name='message'            placeholder='Ecrire votre essage'            required=''\n            ><\/textarea>\n<\/p>\n\n\n    <input name='subject' \t\ttype='hidden'\n\t\/>\n\n\t<p class='wp-block-getwid-contact-form__result'><\/p>\n\n\t<div class='wp-block-getwid-contact-form__submit'>\n\t\t<div class='wp-block-button'>\n\t\t\t<button\n\t\t\t\ttype='submit'\n\t\t\t\tclass='wp-block-button__link '\t\t\t\t\tstyle=''\t\t\t>Envoyer<\/button>\n\t\t<\/div>\n\n\t<\/div>\n<\/form>\n        <\/div><\/div><\/div><\/div><\/div><\/div>\n<\/div>\n<\/div>\n\n<div style=\"height:20px\" aria-hidden=\"true\" class=\"wp-block-spacer\"><\/div>\n\n<pre class=\"wp-block-preformatted\"><iframe src=\"https:\/\/www.google.com\/maps\/embed?pb=!1m18!1m12!1m3!1d245192.5086066241!2d-61.79064187228774!3d16.213603534496436!2m3!1f0!2f0!3f0!3m2!1i1024!2i768!4f13.1!3m3!1m2!1s0x8c13677931b26b67%3A0x7f00057409e1c652!2sTi%20Kaz%20a%20Voyaj!5e0!3m2!1sfr!2sfr!4v1617477248863!5m2!1sfr!2sfr\" width=\"600\" height=\"450\" style=\"border:0;\" allowfullscreen=\"\" loading=\"lazy\"><\/iframe><\/pre>\n","protected":false},"excerpt":{"rendered":"<p>Wenn Sie Fragen zu den Unterk\u00fcnften haben, k\u00f6nnen Sie sich direkt an uns wenden. Wir freuen uns sehr, dass Sie sich f\u00fcr uns entschieden haben und werden alle Ihre Fragen beantworten.<\/p>\n","protected":false},"author":1,"featured_media":0,"parent":0,"menu_order":0,"comment_status":"closed","ping_status":"closed","template":"template-canvas-page.php","meta":{"inline_featured_image":false,"footnotes":""},"class_list":["post-6333","page","type-page","status-publish","hentry"],"yoast_head":"<!-- This site is optimized with the Yoast SEO plugin v25.6 - https:\/\/yoast.com\/wordpress\/plugins\/seo\/ -->\n<title>Kontakte - TiKaz a Voyaj<\/title>\n<meta name=\"robots\" content=\"index, follow, max-snippet:-1, max-image-preview:large, max-video-preview:-1\" \/>\n<link rel=\"canonical\" href=\"https:\/\/tikaz-voyaj.com\/de\/kontakte\/\" \/>\n<meta property=\"og:locale\" content=\"de_DE\" \/>\n<meta property=\"og:type\" content=\"article\" \/>\n<meta property=\"og:title\" content=\"Kontakte - TiKaz a Voyaj\" \/>\n<meta property=\"og:description\" content=\"Wenn Sie Fragen zu den Unterk\u00fcnften haben, k\u00f6nnen Sie sich direkt an uns wenden. Wir freuen uns sehr, dass Sie sich f\u00fcr uns entschieden haben und werden alle Ihre Fragen beantworten.\" \/>\n<meta property=\"og:url\" content=\"https:\/\/tikaz-voyaj.com\/de\/kontakte\/\" \/>\n<meta property=\"og:site_name\" content=\"TiKaz a Voyaj\" \/>\n<meta property=\"article:modified_time\" content=\"2023-06-02T16:48:58+00:00\" \/>\n<meta name=\"twitter:card\" content=\"summary_large_image\" \/>\n<script type=\"application\/ld+json\" class=\"yoast-schema-graph\">{\"@context\":\"https:\/\/schema.org\",\"@graph\":[{\"@type\":\"WebPage\",\"@id\":\"https:\/\/tikaz-voyaj.com\/de\/kontakte\/\",\"url\":\"https:\/\/tikaz-voyaj.com\/de\/kontakte\/\",\"name\":\"Kontakte - TiKaz a Voyaj\",\"isPartOf\":{\"@id\":\"https:\/\/tikaz-voyaj.com\/de\/#website\"},\"datePublished\":\"2019-08-20T12:10:13+00:00\",\"dateModified\":\"2023-06-02T16:48:58+00:00\",\"breadcrumb\":{\"@id\":\"https:\/\/tikaz-voyaj.com\/de\/kontakte\/#breadcrumb\"},\"inLanguage\":\"de\",\"potentialAction\":[{\"@type\":\"ReadAction\",\"target\":[\"https:\/\/tikaz-voyaj.com\/de\/kontakte\/\"]}]},{\"@type\":\"BreadcrumbList\",\"@id\":\"https:\/\/tikaz-voyaj.com\/de\/kontakte\/#breadcrumb\",\"itemListElement\":[{\"@type\":\"ListItem\",\"position\":1,\"name\":\"Accueil\",\"item\":\"https:\/\/tikaz-voyaj.com\/de\/ferienvermietung-in-guadeloupe-tika-a-voyaj\/\"},{\"@type\":\"ListItem\",\"position\":2,\"name\":\"Kontakte\"}]},{\"@type\":\"WebSite\",\"@id\":\"https:\/\/tikaz-voyaj.com\/de\/#website\",\"url\":\"https:\/\/tikaz-voyaj.com\/de\/\",\"name\":\"TiKaz a Voyaj\",\"description\":\"\",\"potentialAction\":[{\"@type\":\"SearchAction\",\"target\":{\"@type\":\"EntryPoint\",\"urlTemplate\":\"https:\/\/tikaz-voyaj.com\/de\/?s={search_term_string}\"},\"query-input\":{\"@type\":\"PropertyValueSpecification\",\"valueRequired\":true,\"valueName\":\"search_term_string\"}}],\"inLanguage\":\"de\"}]}<\/script>\n<!-- \/ Yoast SEO plugin. -->","yoast_head_json":{"title":"Kontakte - TiKaz a Voyaj","robots":{"index":"index","follow":"follow","max-snippet":"max-snippet:-1","max-image-preview":"max-image-preview:large","max-video-preview":"max-video-preview:-1"},"canonical":"https:\/\/tikaz-voyaj.com\/de\/kontakte\/","og_locale":"de_DE","og_type":"article","og_title":"Kontakte - TiKaz a Voyaj","og_description":"Wenn Sie Fragen zu den Unterk\u00fcnften haben, k\u00f6nnen Sie sich direkt an uns wenden. Wir freuen uns sehr, dass Sie sich f\u00fcr uns entschieden haben und werden alle Ihre Fragen beantworten.","og_url":"https:\/\/tikaz-voyaj.com\/de\/kontakte\/","og_site_name":"TiKaz a Voyaj","article_modified_time":"2023-06-02T16:48:58+00:00","twitter_card":"summary_large_image","schema":{"@context":"https:\/\/schema.org","@graph":[{"@type":"WebPage","@id":"https:\/\/tikaz-voyaj.com\/de\/kontakte\/","url":"https:\/\/tikaz-voyaj.com\/de\/kontakte\/","name":"Kontakte - TiKaz a Voyaj","isPartOf":{"@id":"https:\/\/tikaz-voyaj.com\/de\/#website"},"datePublished":"2019-08-20T12:10:13+00:00","dateModified":"2023-06-02T16:48:58+00:00","breadcrumb":{"@id":"https:\/\/tikaz-voyaj.com\/de\/kontakte\/#breadcrumb"},"inLanguage":"de","potentialAction":[{"@type":"ReadAction","target":["https:\/\/tikaz-voyaj.com\/de\/kontakte\/"]}]},{"@type":"BreadcrumbList","@id":"https:\/\/tikaz-voyaj.com\/de\/kontakte\/#breadcrumb","itemListElement":[{"@type":"ListItem","position":1,"name":"Accueil","item":"https:\/\/tikaz-voyaj.com\/de\/ferienvermietung-in-guadeloupe-tika-a-voyaj\/"},{"@type":"ListItem","position":2,"name":"Kontakte"}]},{"@type":"WebSite","@id":"https:\/\/tikaz-voyaj.com\/de\/#website","url":"https:\/\/tikaz-voyaj.com\/de\/","name":"TiKaz a Voyaj","description":"","potentialAction":[{"@type":"SearchAction","target":{"@type":"EntryPoint","urlTemplate":"https:\/\/tikaz-voyaj.com\/de\/?s={search_term_string}"},"query-input":{"@type":"PropertyValueSpecification","valueRequired":true,"valueName":"search_term_string"}}],"inLanguage":"de"}]}},"jetpack_sharing_enabled":true,"_links":{"self":[{"href":"https:\/\/tikaz-voyaj.com\/de\/wp-json\/wp\/v2\/pages\/6333"}],"collection":[{"href":"https:\/\/tikaz-voyaj.com\/de\/wp-json\/wp\/v2\/pages"}],"about":[{"href":"https:\/\/tikaz-voyaj.com\/de\/wp-json\/wp\/v2\/types\/page"}],"author":[{"embeddable":true,"href":"https:\/\/tikaz-voyaj.com\/de\/wp-json\/wp\/v2\/users\/1"}],"replies":[{"embeddable":true,"href":"https:\/\/tikaz-voyaj.com\/de\/wp-json\/wp\/v2\/comments?post=6333"}],"version-history":[{"count":1,"href":"https:\/\/tikaz-voyaj.com\/de\/wp-json\/wp\/v2\/pages\/6333\/revisions"}],"predecessor-version":[{"id":6334,"href":"https:\/\/tikaz-voyaj.com\/de\/wp-json\/wp\/v2\/pages\/6333\/revisions\/6334"}],"wp:attachment":[{"href":"https:\/\/tikaz-voyaj.com\/de\/wp-json\/wp\/v2\/media?parent=6333"}],"curies":[{"name":"wp","href":"https:\/\/api.w.org\/{rel}","templated":true}]}}