{"id":6331,"date":"2021-06-06T14:22:11","date_gmt":"2021-06-06T14:22:11","guid":{"rendered":"https:\/\/tikaz-voyaj.com\/tauchurlaub-auf-guadeloupe\/"},"modified":"2023-06-02T16:48:58","modified_gmt":"2023-06-02T16:48:58","slug":"tauchurlaub-auf-guadeloupe","status":"publish","type":"page","link":"https:\/\/tikaz-voyaj.com\/de\/tauchurlaub-auf-guadeloupe\/","title":{"rendered":"Tauchurlaub auf Guadeloupe"},"content":{"rendered":"\n<div class=\"wp-block-getwid-section alignfull\" style=\"margin-bottom:82px\"><div class=\"wp-block-getwid-section__wrapper\" style=\"padding-top:141px;padding-bottom:152px\"><div class=\"wp-block-getwid-section__inner-wrapper\"><div class=\"wp-block-getwid-section__background-holder\"><div class=\"wp-block-getwid-section__background\" style=\"background-image:url('https:\/\/tikaz-voyaj.com\/wp-content\/uploads\/2021\/06\/plongee-ppk-tikaz-voyaj-bouillante-16.jpeg')\"><div class=\"wp-block-getwid-section__background-image-wrapper\"><img data-recalc-dims=\"1\" decoding=\"async\" class=\"wp-block-getwid-section__background-image\" src=\"https:\/\/i0.wp.com\/tikaz-voyaj.com\/wp-content\/uploads\/2021\/06\/plongee-ppk-tikaz-voyaj-bouillante-16.jpeg?w=892&#038;ssl=1\" alt=\"plongee-ppk-tikaz-voyaj-bouillante-16\"\/><\/div><\/div><div class=\"wp-block-getwid-section__foreground\"><\/div><\/div><div class=\"wp-block-getwid-section__content\"><div class=\"wp-block-getwid-section__inner-content\">\n<h2 class=\"has-text-align-center wp-block-heading\"><mark style=\"background-color:rgba(0, 0, 0, 0)\" class=\"has-inline-color has-white-color\">Gruppen-Tauchreise nach Guadeloupe<\/mark><\/h2>\n<\/div><\/div><\/div><\/div><\/div>\n\n<div class=\"wp-block-getwid-section alignwide alignwide\"><div class=\"wp-block-getwid-section__wrapper\"><div class=\"wp-block-getwid-section__inner-wrapper\"><div class=\"wp-block-getwid-section__background-holder\"><div class=\"wp-block-getwid-section__background\"><\/div><div class=\"wp-block-getwid-section__foreground\"><\/div><\/div><div class=\"wp-block-getwid-section__content\"><div class=\"wp-block-getwid-section__inner-content\">\n<h2 class=\"wp-block-heading\">Tauchurlaub auf Guadeloupe mit TiKaz a Voyaj<\/h2>\n\n\n\n<p>TiKaz a Voyaj bietet Ihnen dank des PPK-Tauchclubs Tauchaufenthalte an. Ob All Inclusive oder Halbpension oder nur ein Tauchpaket, um ein Zertifikat \u00fcber ein paar Tage zu machen, w\u00e4hlen Sie, was Ihnen gef\u00e4llt.<\/p>\n\n\n\n<p>Dieses Angebot eignet sich f\u00fcr Gruppen ab 8 Personen.<\/p>\n\n\n\n<p>Ti Kaz bietet Ihnen dank seiner verschiedenen Partner die folgenden Arrangements an.<\/p>\n\n\n\n<h3 class=\"wp-block-heading\">Tauchurlaub All Inclusive<\/h3>\n\n\n\n<p>Sie brauchen sich um nichts zu k\u00fcmmern. Buchen Sie, und wir k\u00fcmmern uns um den Rest. Wir hei\u00dfen Tauchgruppen ab 8 Personen willkommen und Unterkunft, Mahlzeiten, Mietwagen und Tauchg\u00e4nge sind im Paket inbegriffen. Im Einzelnen beinhaltet ein All-Inclusive-Aufenthalt bei TiKaz a Voyaj Folgendes:<\/p>\n\n\n\n<ul class=\"wp-block-list\"><li>Die Miete eines oder mehrerer <a href=\"https:\/\/tikaz-voyaj.com\/de\/bungalows-guadeloupe\/\">Bungalows<\/a> und\/oder der <a href=\"https:\/\/tikaz-voyaj.com\/de\/vermietung-villa-guadeloupe\/\">Villa Karukera<\/a>.<\/li><li>Das Fr\u00fchst\u00fcck und das Abendessen in einem unserer Partnerrestaurants.<\/li><li>Die Anmietung eines Autos am Flughafen<\/li><li>Die Tauchausr\u00fcstung<\/li><li>2 plong\u00e9es par jour 2 Tauchg\u00e4nge pro Tag ODER eine Ausbildung.OU une formation<\/li><\/ul>\n\n\n\n<figure class=\"wp-block-embed is-type-video is-provider-youtube wp-block-embed-youtube wp-embed-aspect-16-9 wp-has-aspect-ratio\"><div class=\"wp-block-embed__wrapper\">\n<iframe loading=\"lazy\" title=\"PPK Plong\u00e9e Guadeloupe - R\u00e9serve Cousteau\" width=\"892\" height=\"502\" src=\"https:\/\/www.youtube.com\/embed\/qqa2WVY2-8U?feature=oembed\" frameborder=\"0\" allow=\"accelerometer; autoplay; clipboard-write; encrypted-media; gyroscope; picture-in-picture; web-share\" allowfullscreen><\/iframe>\n<\/div><figcaption>Tauchen Sie mit PPK Plong\u00e9e im Cousteau-Reservat!<\/figcaption><\/figure>\n\n\n\n<h3 class=\"wp-block-heading\">Tauchaufenthalt mit Halbpension<\/h3>\n\n\n\n<p>Der Tauchaufenthalt mit Halbpension ist fast genauso wie das vorherige Paket, au\u00dfer dass das Abendessen nicht inbegriffen ist. Sie erhalten jedoch die Kontakte zu unseren Partnerrestaurants, die Ihnen attraktive Preise anbieten, wenn Sie von uns kommen. Zusammenfassend l\u00e4sst sich sagen, dass die Halbpensionspauschale Folgendes beinhaltet:<\/p>\n\n\n\n<ul class=\"wp-block-list\"><li>Die Miete einer oder mehrerer unserer Unterk\u00fcnfte (Bungalows und\/oder Villa).<\/li><li>Das Fr\u00fchst\u00fcck<\/li><li>Die Anmietung des Autos am Flughafen.<\/li><li>Die Tauchausr\u00fcstung<\/li><li>2 plong\u00e9es par jour 2 Tauchg\u00e4nge pro Tag ODER eine Ausbildung.OU une formation<\/li><\/ul>\n\n\n\n<h3 class=\"wp-block-heading\">Tauchaufenthalt ohne Mahlzeiten<\/h3>\n\n\n\n<p>Hier haben Sie mehr Flexibilit\u00e4t bei den Mahlzeiten. Sie m\u00f6chten alle Restaurants der Insel kennenlernen oder sich ganz einfach in der K\u00fcchenzeile auf Ihrer Terrasse mit Blick auf das Meer selbst etwas zubereiten? Dann brauchen Sie die Pauschale mit den Mahlzeiten nicht zu buchen. Hier sind sie in dieser Pauschale enthalten Diese Pauschale enth\u00e4lt:<\/p>\n\n\n\n<ul class=\"wp-block-list\"><li>Die Miete der Unterk\u00fcnfte der Unterkunft.<\/li><li>Die Miete des Autos<\/li><li>Die Tauchausr\u00fcstung<\/li><li>2 Tauchg\u00e4nge pro Tag.<\/li><\/ul>\n\n\n\n<h3 class=\"wp-block-heading\">Warum sollten Sie sich f\u00fcr einen Tauchurlaub bei TiKaz a Voyaj entscheiden?<\/h3>\n\n\n\n<p>Mit einem 1-w\u00f6chigen Tauchurlaub in Bouillante haben Sie Zeit, entweder die sch\u00f6nsten Tauchpl\u00e4tze des Cousteau-Reservats zu entdecken oder die f\u00fcr Sie passenden Zertifizierungen zu machen und alles vor Ort zu haben. Sie m\u00fcssen sich um nichts k\u00fcmmern und die Ausfl\u00fcge werden ma\u00dfgeschneidert f\u00fcr Ihre Gruppe organisiert. TiKaz a Voyaj ist nur 5 Minuten von PPK entfernt, und in Bezug auf Restaurants befindet sich alles in der N\u00e4he.<\/p>\n\n\n\n<p>Dank der verschiedenen Gruppenpakete, die wir anbieten, sparen Sie bei den Tauchg\u00e4ngen und der Unterkunft.<\/p>\n\n\n\n<p>Trotzdem haben Sie gen\u00fcgend Zeit, den Rest der Insel zu erkunden. Die Tauchg\u00e4nge finden in der Regel vormittags statt, sodass die Nachmittage frei sind, um zu wandern, Wasserf\u00e4lle zu entdecken und die wundersch\u00f6nen paradiesischen Str\u00e4nde von Guadeloupe zu erkunden.<\/p>\n<\/div><\/div><\/div><\/div><\/div>\n\n<p><\/p>\n","protected":false},"excerpt":{"rendered":"","protected":false},"author":1,"featured_media":0,"parent":0,"menu_order":0,"comment_status":"closed","ping_status":"closed","template":"","meta":{"inline_featured_image":false,"footnotes":""},"class_list":["post-6331","page","type-page","status-publish","hentry"],"yoast_head":"<!-- This site is optimized with the Yoast SEO plugin v25.6 - https:\/\/yoast.com\/wordpress\/plugins\/seo\/ -->\n<title>Tauchurlaub auf Guadeloupe - TiKaz a Voyaj<\/title>\n<meta name=\"robots\" content=\"index, follow, max-snippet:-1, max-image-preview:large, max-video-preview:-1\" \/>\n<link rel=\"canonical\" href=\"https:\/\/tikaz-voyaj.com\/de\/tauchurlaub-auf-guadeloupe\/\" \/>\n<meta property=\"og:locale\" content=\"de_DE\" \/>\n<meta property=\"og:type\" content=\"article\" \/>\n<meta property=\"og:title\" content=\"Tauchurlaub auf Guadeloupe - TiKaz a Voyaj\" \/>\n<meta property=\"og:url\" content=\"https:\/\/tikaz-voyaj.com\/de\/tauchurlaub-auf-guadeloupe\/\" \/>\n<meta property=\"og:site_name\" content=\"TiKaz a Voyaj\" \/>\n<meta property=\"article:modified_time\" content=\"2023-06-02T16:48:58+00:00\" \/>\n<meta property=\"og:image\" content=\"https:\/\/tikaz-voyaj.com\/wp-content\/uploads\/2021\/06\/plongee-ppk-tikaz-voyaj-bouillante-16.jpeg\" \/>\n<meta name=\"twitter:card\" content=\"summary_large_image\" \/>\n<meta name=\"twitter:label1\" content=\"Gesch\u00e4tzte Lesezeit\" \/>\n\t<meta name=\"twitter:data1\" content=\"2\u00a0Minuten\" \/>\n<script type=\"application\/ld+json\" class=\"yoast-schema-graph\">{\"@context\":\"https:\/\/schema.org\",\"@graph\":[{\"@type\":\"WebPage\",\"@id\":\"https:\/\/tikaz-voyaj.com\/de\/tauchurlaub-auf-guadeloupe\/\",\"url\":\"https:\/\/tikaz-voyaj.com\/de\/tauchurlaub-auf-guadeloupe\/\",\"name\":\"Tauchurlaub auf Guadeloupe - TiKaz a Voyaj\",\"isPartOf\":{\"@id\":\"https:\/\/tikaz-voyaj.com\/de\/#website\"},\"primaryImageOfPage\":{\"@id\":\"https:\/\/tikaz-voyaj.com\/de\/tauchurlaub-auf-guadeloupe\/#primaryimage\"},\"image\":{\"@id\":\"https:\/\/tikaz-voyaj.com\/de\/tauchurlaub-auf-guadeloupe\/#primaryimage\"},\"thumbnailUrl\":\"https:\/\/tikaz-voyaj.com\/wp-content\/uploads\/2021\/06\/plongee-ppk-tikaz-voyaj-bouillante-16.jpeg\",\"datePublished\":\"2021-06-06T14:22:11+00:00\",\"dateModified\":\"2023-06-02T16:48:58+00:00\",\"breadcrumb\":{\"@id\":\"https:\/\/tikaz-voyaj.com\/de\/tauchurlaub-auf-guadeloupe\/#breadcrumb\"},\"inLanguage\":\"de\",\"potentialAction\":[{\"@type\":\"ReadAction\",\"target\":[\"https:\/\/tikaz-voyaj.com\/de\/tauchurlaub-auf-guadeloupe\/\"]}]},{\"@type\":\"ImageObject\",\"inLanguage\":\"de\",\"@id\":\"https:\/\/tikaz-voyaj.com\/de\/tauchurlaub-auf-guadeloupe\/#primaryimage\",\"url\":\"https:\/\/tikaz-voyaj.com\/wp-content\/uploads\/2021\/06\/plongee-ppk-tikaz-voyaj-bouillante-16.jpeg\",\"contentUrl\":\"https:\/\/tikaz-voyaj.com\/wp-content\/uploads\/2021\/06\/plongee-ppk-tikaz-voyaj-bouillante-16.jpeg\"},{\"@type\":\"BreadcrumbList\",\"@id\":\"https:\/\/tikaz-voyaj.com\/de\/tauchurlaub-auf-guadeloupe\/#breadcrumb\",\"itemListElement\":[{\"@type\":\"ListItem\",\"position\":1,\"name\":\"Accueil\",\"item\":\"https:\/\/tikaz-voyaj.com\/de\/ferienvermietung-in-guadeloupe-tika-a-voyaj\/\"},{\"@type\":\"ListItem\",\"position\":2,\"name\":\"Tauchurlaub auf Guadeloupe\"}]},{\"@type\":\"WebSite\",\"@id\":\"https:\/\/tikaz-voyaj.com\/de\/#website\",\"url\":\"https:\/\/tikaz-voyaj.com\/de\/\",\"name\":\"TiKaz a Voyaj\",\"description\":\"\",\"potentialAction\":[{\"@type\":\"SearchAction\",\"target\":{\"@type\":\"EntryPoint\",\"urlTemplate\":\"https:\/\/tikaz-voyaj.com\/de\/?s={search_term_string}\"},\"query-input\":{\"@type\":\"PropertyValueSpecification\",\"valueRequired\":true,\"valueName\":\"search_term_string\"}}],\"inLanguage\":\"de\"}]}<\/script>\n<!-- \/ Yoast SEO plugin. -->","yoast_head_json":{"title":"Tauchurlaub auf Guadeloupe - TiKaz a Voyaj","robots":{"index":"index","follow":"follow","max-snippet":"max-snippet:-1","max-image-preview":"max-image-preview:large","max-video-preview":"max-video-preview:-1"},"canonical":"https:\/\/tikaz-voyaj.com\/de\/tauchurlaub-auf-guadeloupe\/","og_locale":"de_DE","og_type":"article","og_title":"Tauchurlaub auf Guadeloupe - TiKaz a Voyaj","og_url":"https:\/\/tikaz-voyaj.com\/de\/tauchurlaub-auf-guadeloupe\/","og_site_name":"TiKaz a Voyaj","article_modified_time":"2023-06-02T16:48:58+00:00","og_image":[{"url":"https:\/\/tikaz-voyaj.com\/wp-content\/uploads\/2021\/06\/plongee-ppk-tikaz-voyaj-bouillante-16.jpeg","type":"","width":"","height":""}],"twitter_card":"summary_large_image","twitter_misc":{"Gesch\u00e4tzte Lesezeit":"2\u00a0Minuten"},"schema":{"@context":"https:\/\/schema.org","@graph":[{"@type":"WebPage","@id":"https:\/\/tikaz-voyaj.com\/de\/tauchurlaub-auf-guadeloupe\/","url":"https:\/\/tikaz-voyaj.com\/de\/tauchurlaub-auf-guadeloupe\/","name":"Tauchurlaub auf Guadeloupe - TiKaz a Voyaj","isPartOf":{"@id":"https:\/\/tikaz-voyaj.com\/de\/#website"},"primaryImageOfPage":{"@id":"https:\/\/tikaz-voyaj.com\/de\/tauchurlaub-auf-guadeloupe\/#primaryimage"},"image":{"@id":"https:\/\/tikaz-voyaj.com\/de\/tauchurlaub-auf-guadeloupe\/#primaryimage"},"thumbnailUrl":"https:\/\/tikaz-voyaj.com\/wp-content\/uploads\/2021\/06\/plongee-ppk-tikaz-voyaj-bouillante-16.jpeg","datePublished":"2021-06-06T14:22:11+00:00","dateModified":"2023-06-02T16:48:58+00:00","breadcrumb":{"@id":"https:\/\/tikaz-voyaj.com\/de\/tauchurlaub-auf-guadeloupe\/#breadcrumb"},"inLanguage":"de","potentialAction":[{"@type":"ReadAction","target":["https:\/\/tikaz-voyaj.com\/de\/tauchurlaub-auf-guadeloupe\/"]}]},{"@type":"ImageObject","inLanguage":"de","@id":"https:\/\/tikaz-voyaj.com\/de\/tauchurlaub-auf-guadeloupe\/#primaryimage","url":"https:\/\/tikaz-voyaj.com\/wp-content\/uploads\/2021\/06\/plongee-ppk-tikaz-voyaj-bouillante-16.jpeg","contentUrl":"https:\/\/tikaz-voyaj.com\/wp-content\/uploads\/2021\/06\/plongee-ppk-tikaz-voyaj-bouillante-16.jpeg"},{"@type":"BreadcrumbList","@id":"https:\/\/tikaz-voyaj.com\/de\/tauchurlaub-auf-guadeloupe\/#breadcrumb","itemListElement":[{"@type":"ListItem","position":1,"name":"Accueil","item":"https:\/\/tikaz-voyaj.com\/de\/ferienvermietung-in-guadeloupe-tika-a-voyaj\/"},{"@type":"ListItem","position":2,"name":"Tauchurlaub auf Guadeloupe"}]},{"@type":"WebSite","@id":"https:\/\/tikaz-voyaj.com\/de\/#website","url":"https:\/\/tikaz-voyaj.com\/de\/","name":"TiKaz a Voyaj","description":"","potentialAction":[{"@type":"SearchAction","target":{"@type":"EntryPoint","urlTemplate":"https:\/\/tikaz-voyaj.com\/de\/?s={search_term_string}"},"query-input":{"@type":"PropertyValueSpecification","valueRequired":true,"valueName":"search_term_string"}}],"inLanguage":"de"}]}},"jetpack_sharing_enabled":true,"_links":{"self":[{"href":"https:\/\/tikaz-voyaj.com\/de\/wp-json\/wp\/v2\/pages\/6331"}],"collection":[{"href":"https:\/\/tikaz-voyaj.com\/de\/wp-json\/wp\/v2\/pages"}],"about":[{"href":"https:\/\/tikaz-voyaj.com\/de\/wp-json\/wp\/v2\/types\/page"}],"author":[{"embeddable":true,"href":"https:\/\/tikaz-voyaj.com\/de\/wp-json\/wp\/v2\/users\/1"}],"replies":[{"embeddable":true,"href":"https:\/\/tikaz-voyaj.com\/de\/wp-json\/wp\/v2\/comments?post=6331"}],"version-history":[{"count":1,"href":"https:\/\/tikaz-voyaj.com\/de\/wp-json\/wp\/v2\/pages\/6331\/revisions"}],"predecessor-version":[{"id":6332,"href":"https:\/\/tikaz-voyaj.com\/de\/wp-json\/wp\/v2\/pages\/6331\/revisions\/6332"}],"wp:attachment":[{"href":"https:\/\/tikaz-voyaj.com\/de\/wp-json\/wp\/v2\/media?parent=6331"}],"curies":[{"name":"wp","href":"https:\/\/api.w.org\/{rel}","templated":true}]}}