{"id":6327,"date":"2022-04-25T10:27:38","date_gmt":"2022-04-25T10:27:38","guid":{"rendered":"https:\/\/tikaz-voyaj.com\/studio-urlaub-guadeloupe\/"},"modified":"2023-06-02T16:24:28","modified_gmt":"2023-06-02T16:24:28","slug":"studio-urlaub-guadeloupe","status":"publish","type":"page","link":"https:\/\/tikaz-voyaj.com\/de\/studio-urlaub-guadeloupe\/","title":{"rendered":"Studio Urlaub Guadeloupe"},"content":{"rendered":"\n<div class=\"wp-block-getwid-section alignfull getwid-section-content-full-width\"><div class=\"wp-block-getwid-section__wrapper\" style=\"padding-top:125px;padding-bottom:125px\"><div class=\"wp-block-getwid-section__inner-wrapper\"><div class=\"wp-block-getwid-section__background-holder\"><div class=\"wp-block-getwid-section__background\" style=\"background-image:url('https:\/\/tikaz-voyaj.com\/wp-content\/uploads\/2022\/04\/studio-tikaz-voyaj-location-saisonniere-guadeloupe-une.jpg')\"><div class=\"wp-block-getwid-section__background-image-wrapper\"><img data-recalc-dims=\"1\" decoding=\"async\" class=\"wp-block-getwid-section__background-image\" src=\"https:\/\/i0.wp.com\/tikaz-voyaj.com\/wp-content\/uploads\/2022\/04\/studio-tikaz-voyaj-location-saisonniere-guadeloupe-une.jpg?w=892&#038;ssl=1\" alt=\"studio-tikaz-voyaj-location-saisonniere-guadeloupe-une\"\/><\/div><\/div><div class=\"wp-block-getwid-section__foreground\" style=\"opacity:0.3;background-color:#000000\"><\/div><\/div><div class=\"wp-block-getwid-section__content\"><div class=\"wp-block-getwid-section__inner-content\">\n<h2 class=\"has-text-align-center has-white-color has-text-color wp-block-heading\">Vermietung Studio Bouillante<\/h2>\n<\/div><\/div><\/div><\/div><\/div>\n\n<div class=\"wp-block-getwid-section alignwide alignwide\"><div class=\"wp-block-getwid-section__wrapper\"><div class=\"wp-block-getwid-section__inner-wrapper\"><div class=\"wp-block-getwid-section__background-holder\"><div class=\"wp-block-getwid-section__background\"><\/div><div class=\"wp-block-getwid-section__foreground\"><\/div><\/div><div class=\"wp-block-getwid-section__content\"><div class=\"wp-block-getwid-section__inner-content\">\n<h2 class=\"wp-block-heading\">TiKaz A Voyaj: ein Studio mit Pool<\/h2>\n\n\n\n<p>TiKaz a Voyaj bietet Ihnen ein Studio voller Charme zur Ferienvermietung in Bouillante, auf Guadeloupe, an. Angelegt und optimiert f\u00fcr eine volle Autonomie, wird es Ihnen durch seinen Charme, seinen Komfort, die Ruhe der Umgebung und die von Tikaz a Voyaj angebotenen Ausblicke gefallen. 19,2 m2 pures Gl\u00fcck. Perfekt f\u00fcr einen Aufenthalt allein oder zu zweit.<\/p>\n<\/div><\/div><\/div><\/div><\/div>\n\n<div class=\"wp-block-getwid-section alignwide alignwide\"><div class=\"wp-block-getwid-section__wrapper\"><div class=\"wp-block-getwid-section__inner-wrapper\"><div class=\"wp-block-getwid-section__background-holder\"><div class=\"wp-block-getwid-section__background\"><\/div><div class=\"wp-block-getwid-section__foreground\"><\/div><\/div><div class=\"wp-block-getwid-section__content\"><div class=\"wp-block-getwid-section__inner-content\">\n<p>Das Studio ist ausgestattet mit: <\/p>\n\n\n\n<ul class=\"wp-block-list\"><li>Ein Doppelbett.<\/li><li>Ein Badezimmer mit WC.<\/li><li>Eine ausgestattete K\u00fcchenzeile<\/li><\/ul>\n\n\n\n<p>Am Ende des Tages k\u00f6nnen Sie sich am Pool mit Blick auf den Sonnenuntergang treffen. Gibt es etwas Romantischeres und Erholsameres?<\/p>\n\n\n\n<figure class=\"wp-block-gallery has-nested-images columns-7 is-cropped wp-block-gallery-1 is-layout-flex wp-block-gallery-is-layout-flex\">\n<figure class=\"wp-block-image size-large\"><a href=\"https:\/\/i0.wp.com\/tikaz-voyaj.com\/wp-content\/uploads\/2022\/04\/studio-tikaz-voyaj-location-saisonniere-guadeloupe-entree-1024x768.jpg?ssl=1\"><img data-recalc-dims=\"1\" loading=\"lazy\" decoding=\"async\" width=\"892\" height=\"669\" src=\"https:\/\/i0.wp.com\/tikaz-voyaj.com\/wp-content\/uploads\/2022\/04\/studio-tikaz-voyaj-location-saisonniere-guadeloupe-entree-1024x768.jpg?resize=892%2C669&#038;ssl=1\" alt=\"studio-tikaz-voyaj-saisonale-vermietung-guadeloupe-entree\" class=\"wp-image-2639\" srcset=\"https:\/\/i0.wp.com\/tikaz-voyaj.com\/wp-content\/uploads\/2022\/04\/studio-tikaz-voyaj-location-saisonniere-guadeloupe-entree.jpg?resize=1024%2C768&amp;ssl=1 1024w, https:\/\/i0.wp.com\/tikaz-voyaj.com\/wp-content\/uploads\/2022\/04\/studio-tikaz-voyaj-location-saisonniere-guadeloupe-entree.jpg?resize=300%2C225&amp;ssl=1 300w, https:\/\/i0.wp.com\/tikaz-voyaj.com\/wp-content\/uploads\/2022\/04\/studio-tikaz-voyaj-location-saisonniere-guadeloupe-entree.jpg?resize=768%2C576&amp;ssl=1 768w, https:\/\/i0.wp.com\/tikaz-voyaj.com\/wp-content\/uploads\/2022\/04\/studio-tikaz-voyaj-location-saisonniere-guadeloupe-entree.jpg?resize=892%2C669&amp;ssl=1 892w, https:\/\/i0.wp.com\/tikaz-voyaj.com\/wp-content\/uploads\/2022\/04\/studio-tikaz-voyaj-location-saisonniere-guadeloupe-entree.jpg?w=1200&amp;ssl=1 1200w\" sizes=\"(max-width: 892px) 100vw, 892px\" \/><\/a><\/figure>\n\n\n\n<figure class=\"wp-block-image size-large\"><a href=\"https:\/\/i0.wp.com\/tikaz-voyaj.com\/wp-content\/uploads\/2022\/04\/studio-tikaz-voyaj-location-saisonniere-guadeloupe-chambre-1024x768.jpg?ssl=1\"><img data-recalc-dims=\"1\" loading=\"lazy\" decoding=\"async\" width=\"892\" height=\"669\" src=\"https:\/\/i0.wp.com\/tikaz-voyaj.com\/wp-content\/uploads\/2022\/04\/studio-tikaz-voyaj-location-saisonniere-guadeloupe-chambre.jpg?resize=892%2C669&#038;ssl=1\" alt=\"studio-tikaz-voyaj-saisonale-vermietung-guadeloupe-zimmer\" class=\"wp-image-2635\" srcset=\"https:\/\/i0.wp.com\/tikaz-voyaj.com\/wp-content\/uploads\/2022\/04\/studio-tikaz-voyaj-location-saisonniere-guadeloupe-chambre.jpg?resize=1024%2C768&amp;ssl=1 1024w, https:\/\/i0.wp.com\/tikaz-voyaj.com\/wp-content\/uploads\/2022\/04\/studio-tikaz-voyaj-location-saisonniere-guadeloupe-chambre.jpg?resize=300%2C225&amp;ssl=1 300w, https:\/\/i0.wp.com\/tikaz-voyaj.com\/wp-content\/uploads\/2022\/04\/studio-tikaz-voyaj-location-saisonniere-guadeloupe-chambre.jpg?resize=768%2C576&amp;ssl=1 768w, https:\/\/i0.wp.com\/tikaz-voyaj.com\/wp-content\/uploads\/2022\/04\/studio-tikaz-voyaj-location-saisonniere-guadeloupe-chambre.jpg?resize=892%2C669&amp;ssl=1 892w, https:\/\/i0.wp.com\/tikaz-voyaj.com\/wp-content\/uploads\/2022\/04\/studio-tikaz-voyaj-location-saisonniere-guadeloupe-chambre.jpg?w=1200&amp;ssl=1 1200w\" sizes=\"(max-width: 892px) 100vw, 892px\" \/><\/a><\/figure>\n\n\n\n<figure class=\"wp-block-image size-large\"><a href=\"https:\/\/i0.wp.com\/tikaz-voyaj.com\/wp-content\/uploads\/2022\/04\/studio-bouillante-tikaz-voyaj-vue-terrasse-1024x768.jpg?ssl=1\"><img data-recalc-dims=\"1\" loading=\"lazy\" decoding=\"async\" width=\"892\" height=\"669\" src=\"https:\/\/i0.wp.com\/tikaz-voyaj.com\/wp-content\/uploads\/2022\/04\/studio-bouillante-tikaz-voyaj-vue-terrasse.jpg?resize=892%2C669&#038;ssl=1\" alt=\"studio-bouillante-tikaz-voyaj-blick-auf-die-terrasse\" class=\"wp-image-2631\" srcset=\"https:\/\/i0.wp.com\/tikaz-voyaj.com\/wp-content\/uploads\/2022\/04\/studio-bouillante-tikaz-voyaj-vue-terrasse.jpg?resize=1024%2C768&amp;ssl=1 1024w, https:\/\/i0.wp.com\/tikaz-voyaj.com\/wp-content\/uploads\/2022\/04\/studio-bouillante-tikaz-voyaj-vue-terrasse.jpg?resize=300%2C225&amp;ssl=1 300w, https:\/\/i0.wp.com\/tikaz-voyaj.com\/wp-content\/uploads\/2022\/04\/studio-bouillante-tikaz-voyaj-vue-terrasse.jpg?resize=768%2C576&amp;ssl=1 768w, https:\/\/i0.wp.com\/tikaz-voyaj.com\/wp-content\/uploads\/2022\/04\/studio-bouillante-tikaz-voyaj-vue-terrasse.jpg?resize=892%2C669&amp;ssl=1 892w, https:\/\/i0.wp.com\/tikaz-voyaj.com\/wp-content\/uploads\/2022\/04\/studio-bouillante-tikaz-voyaj-vue-terrasse.jpg?w=1200&amp;ssl=1 1200w\" sizes=\"(max-width: 892px) 100vw, 892px\" \/><\/a><\/figure>\n\n\n\n<figure class=\"wp-block-image size-large\"><a href=\"https:\/\/i0.wp.com\/tikaz-voyaj.com\/wp-content\/uploads\/2022\/04\/studio-bouillante-tikaz-voyaj-cuisine-1024x768.jpg?ssl=1\"><img data-recalc-dims=\"1\" loading=\"lazy\" decoding=\"async\" width=\"892\" height=\"669\" src=\"https:\/\/i0.wp.com\/tikaz-voyaj.com\/wp-content\/uploads\/2022\/04\/studio-bouillante-tikaz-voyaj-cuisine.jpg?resize=892%2C669&#038;ssl=1\" alt=\"studio-bouillante-tikaz-voyaj-kueche\" class=\"wp-image-2627\" srcset=\"https:\/\/i0.wp.com\/tikaz-voyaj.com\/wp-content\/uploads\/2022\/04\/studio-bouillante-tikaz-voyaj-cuisine.jpg?resize=1024%2C768&amp;ssl=1 1024w, https:\/\/i0.wp.com\/tikaz-voyaj.com\/wp-content\/uploads\/2022\/04\/studio-bouillante-tikaz-voyaj-cuisine.jpg?resize=300%2C225&amp;ssl=1 300w, https:\/\/i0.wp.com\/tikaz-voyaj.com\/wp-content\/uploads\/2022\/04\/studio-bouillante-tikaz-voyaj-cuisine.jpg?resize=768%2C576&amp;ssl=1 768w, https:\/\/i0.wp.com\/tikaz-voyaj.com\/wp-content\/uploads\/2022\/04\/studio-bouillante-tikaz-voyaj-cuisine.jpg?resize=892%2C669&amp;ssl=1 892w, https:\/\/i0.wp.com\/tikaz-voyaj.com\/wp-content\/uploads\/2022\/04\/studio-bouillante-tikaz-voyaj-cuisine.jpg?w=1200&amp;ssl=1 1200w\" sizes=\"(max-width: 892px) 100vw, 892px\" \/><\/a><\/figure>\n\n\n\n<figure class=\"wp-block-image size-large\"><a href=\"https:\/\/i0.wp.com\/tikaz-voyaj.com\/wp-content\/uploads\/2022\/04\/location-studio-bouillante-guadeloupe-cuisine-01-1024x768.jpg?ssl=1\"><img data-recalc-dims=\"1\" loading=\"lazy\" decoding=\"async\" width=\"892\" height=\"669\" src=\"https:\/\/i0.wp.com\/tikaz-voyaj.com\/wp-content\/uploads\/2022\/04\/location-studio-bouillante-guadeloupe-cuisine-01.jpg?resize=892%2C669&#038;ssl=1\" alt=\"vermietung-studio-bouillante-guadeloupe-kueche-01\" class=\"wp-image-2623\" srcset=\"https:\/\/i0.wp.com\/tikaz-voyaj.com\/wp-content\/uploads\/2022\/04\/location-studio-bouillante-guadeloupe-cuisine-01.jpg?resize=1024%2C768&amp;ssl=1 1024w, https:\/\/i0.wp.com\/tikaz-voyaj.com\/wp-content\/uploads\/2022\/04\/location-studio-bouillante-guadeloupe-cuisine-01.jpg?resize=300%2C225&amp;ssl=1 300w, https:\/\/i0.wp.com\/tikaz-voyaj.com\/wp-content\/uploads\/2022\/04\/location-studio-bouillante-guadeloupe-cuisine-01.jpg?resize=768%2C576&amp;ssl=1 768w, https:\/\/i0.wp.com\/tikaz-voyaj.com\/wp-content\/uploads\/2022\/04\/location-studio-bouillante-guadeloupe-cuisine-01.jpg?resize=892%2C669&amp;ssl=1 892w, https:\/\/i0.wp.com\/tikaz-voyaj.com\/wp-content\/uploads\/2022\/04\/location-studio-bouillante-guadeloupe-cuisine-01.jpg?w=1200&amp;ssl=1 1200w\" sizes=\"(max-width: 892px) 100vw, 892px\" \/><\/a><\/figure>\n<\/figure>\n<\/div><\/div><\/div><\/div><\/div>\n\n<div class=\"wp-block-getwid-section alignwide alignwide\"><div class=\"wp-block-getwid-section__wrapper\"><div class=\"wp-block-getwid-section__inner-wrapper\"><div class=\"wp-block-getwid-section__background-holder\"><div class=\"wp-block-getwid-section__background\"><\/div><div class=\"wp-block-getwid-section__foreground\"><\/div><\/div><div class=\"wp-block-getwid-section__content\"><div class=\"wp-block-getwid-section__inner-content\">\n<h2 class=\"wp-block-heading\">Warum ein Studio in Bouillante mieten?<\/h2>\n\n\n\n<h3 class=\"wp-block-heading\">Ein kleiner Kokon mit Blick auf das Meer<\/h3>\n\n\n\n<p>Ein Studio f\u00fcr Ihren Urlaub auf Guadeloupe zu mieten bedeutet, sich einen kleinen Kokon zu g\u00f6nnen, in dem Sie eine angenehme Zeit allein oder zu zweit verbringen k\u00f6nnen. Es bedeutet auch, dass Sie viel Geld sparen k\u00f6nnen: weniger Fl\u00e4che, also weniger Kosten. Die Tatsache, dass Sie eine eigene K\u00fcche haben, bedeutet auch, dass Sie nicht f\u00fcr alle Mahlzeiten ins Restaurant gehen m\u00fcssen.<\/p>\n\n\n\n<p>Der Vorteil eines Studios ist, dass Sie unabh\u00e4ngig sind und nicht von einem &#8222;All-Inclusive&#8220;-Angebot abh\u00e4ngen, das von vielen Hotels angeboten wird.<\/p>\n\n\n\n<h3 class=\"wp-block-heading\">Ein idealer Urlaub in Basse-Terre<\/h3>\n\n\n\n<p>Das Studio befindet sich ganz in der N\u00e4he der \u00dcberquerungsstra\u00dfe, die in nur 30 Minuten nach Grande-Terre f\u00fchrt. Auch der Strand von Malendure und das ber\u00fchmte Cousteau-Reservat, das Sie beim Tauchen oder Schnorcheln entdecken k\u00f6nnen, liegen ganz in der N\u00e4he. Fragen Sie uns, wir geben Ihnen gerne Auskunft.<\/p>\n\n\n\n<p>Kontaktieren Sie das <a href=\"http:\/\/www.ppk-plongee-guadeloupe.com\/\">PPK-Tauchzentrum<\/a>, das nur 5 Autominuten entfernt am Strand von Malendure liegt. Sie werden von einem begeisterten Team empfangen, das Ihnen die Unterwasserwelt des Naturschutzgebiets n\u00e4her bringt.<\/p>\n\n\n\n<p>Nach einem anstrengenden Tauch- oder Wandertag werden Sie gerne ins Studio zur\u00fcckkehren und am Pool mit einem Cocktail in der Hand den Sonnenuntergang \u00fcber dem Karibischen Meer genie\u00dfen.<\/p>\n<\/div><\/div><\/div><\/div><\/div>\n","protected":false},"excerpt":{"rendered":"","protected":false},"author":1,"featured_media":0,"parent":0,"menu_order":0,"comment_status":"closed","ping_status":"closed","template":"","meta":{"inline_featured_image":false,"footnotes":""},"class_list":["post-6327","page","type-page","status-publish","hentry"],"yoast_head":"<!-- This site is optimized with the Yoast SEO plugin v25.6 - https:\/\/yoast.com\/wordpress\/plugins\/seo\/ -->\n<title>Vermietung Studiowohnung Bouillante - Guadeloupe - TiKaz a Voyaj<\/title>\n<meta name=\"description\" content=\"Vermietung Studiowohnung Guadeloupe. Saisonale Unterkunft in Bouillante. Pool, Sonnenuntergang, Terrasse, Ausgestattete K\u00fcche, Hoher Komfort\" \/>\n<meta name=\"robots\" content=\"index, follow, max-snippet:-1, max-image-preview:large, max-video-preview:-1\" \/>\n<link rel=\"canonical\" href=\"https:\/\/tikaz-voyaj.com\/de\/studio-urlaub-guadeloupe\/\" \/>\n<meta property=\"og:locale\" content=\"de_DE\" \/>\n<meta property=\"og:type\" content=\"article\" \/>\n<meta property=\"og:title\" content=\"Vermietung Studiowohnung Bouillante - Guadeloupe - TiKaz a Voyaj\" \/>\n<meta property=\"og:description\" content=\"Vermietung Studiowohnung Guadeloupe. Saisonale Unterkunft in Bouillante. Pool, Sonnenuntergang, Terrasse, Ausgestattete K\u00fcche, Hoher Komfort\" \/>\n<meta property=\"og:url\" content=\"https:\/\/tikaz-voyaj.com\/de\/studio-urlaub-guadeloupe\/\" \/>\n<meta property=\"og:site_name\" content=\"TiKaz a Voyaj\" \/>\n<meta property=\"article:modified_time\" content=\"2023-06-02T16:24:28+00:00\" \/>\n<meta property=\"og:image\" content=\"https:\/\/tikaz-voyaj.com\/wp-content\/uploads\/2022\/04\/studio-tikaz-voyaj-location-saisonniere-guadeloupe-une.jpg\" \/>\n<meta name=\"twitter:card\" content=\"summary_large_image\" \/>\n<meta name=\"twitter:label1\" content=\"Gesch\u00e4tzte Lesezeit\" \/>\n\t<meta name=\"twitter:data1\" content=\"2\u00a0Minuten\" \/>\n<script type=\"application\/ld+json\" class=\"yoast-schema-graph\">{\"@context\":\"https:\/\/schema.org\",\"@graph\":[{\"@type\":\"WebPage\",\"@id\":\"https:\/\/tikaz-voyaj.com\/de\/studio-urlaub-guadeloupe\/\",\"url\":\"https:\/\/tikaz-voyaj.com\/de\/studio-urlaub-guadeloupe\/\",\"name\":\"Vermietung Studiowohnung Bouillante - Guadeloupe - TiKaz a Voyaj\",\"isPartOf\":{\"@id\":\"https:\/\/tikaz-voyaj.com\/de\/#website\"},\"primaryImageOfPage\":{\"@id\":\"https:\/\/tikaz-voyaj.com\/de\/studio-urlaub-guadeloupe\/#primaryimage\"},\"image\":{\"@id\":\"https:\/\/tikaz-voyaj.com\/de\/studio-urlaub-guadeloupe\/#primaryimage\"},\"thumbnailUrl\":\"https:\/\/tikaz-voyaj.com\/wp-content\/uploads\/2022\/04\/studio-tikaz-voyaj-location-saisonniere-guadeloupe-une.jpg\",\"datePublished\":\"2022-04-25T10:27:38+00:00\",\"dateModified\":\"2023-06-02T16:24:28+00:00\",\"description\":\"Vermietung Studiowohnung Guadeloupe. Saisonale Unterkunft in Bouillante. Pool, Sonnenuntergang, Terrasse, Ausgestattete K\u00fcche, Hoher Komfort\",\"breadcrumb\":{\"@id\":\"https:\/\/tikaz-voyaj.com\/de\/studio-urlaub-guadeloupe\/#breadcrumb\"},\"inLanguage\":\"de\",\"potentialAction\":[{\"@type\":\"ReadAction\",\"target\":[\"https:\/\/tikaz-voyaj.com\/de\/studio-urlaub-guadeloupe\/\"]}]},{\"@type\":\"ImageObject\",\"inLanguage\":\"de\",\"@id\":\"https:\/\/tikaz-voyaj.com\/de\/studio-urlaub-guadeloupe\/#primaryimage\",\"url\":\"https:\/\/tikaz-voyaj.com\/wp-content\/uploads\/2022\/04\/studio-tikaz-voyaj-location-saisonniere-guadeloupe-une.jpg\",\"contentUrl\":\"https:\/\/tikaz-voyaj.com\/wp-content\/uploads\/2022\/04\/studio-tikaz-voyaj-location-saisonniere-guadeloupe-une.jpg\"},{\"@type\":\"BreadcrumbList\",\"@id\":\"https:\/\/tikaz-voyaj.com\/de\/studio-urlaub-guadeloupe\/#breadcrumb\",\"itemListElement\":[{\"@type\":\"ListItem\",\"position\":1,\"name\":\"Accueil\",\"item\":\"https:\/\/tikaz-voyaj.com\/de\/ferienvermietung-in-guadeloupe-tika-a-voyaj\/\"},{\"@type\":\"ListItem\",\"position\":2,\"name\":\"Studio Urlaub Guadeloupe\"}]},{\"@type\":\"WebSite\",\"@id\":\"https:\/\/tikaz-voyaj.com\/de\/#website\",\"url\":\"https:\/\/tikaz-voyaj.com\/de\/\",\"name\":\"TiKaz a Voyaj\",\"description\":\"\",\"potentialAction\":[{\"@type\":\"SearchAction\",\"target\":{\"@type\":\"EntryPoint\",\"urlTemplate\":\"https:\/\/tikaz-voyaj.com\/de\/?s={search_term_string}\"},\"query-input\":{\"@type\":\"PropertyValueSpecification\",\"valueRequired\":true,\"valueName\":\"search_term_string\"}}],\"inLanguage\":\"de\"}]}<\/script>\n<!-- \/ Yoast SEO plugin. -->","yoast_head_json":{"title":"Vermietung Studiowohnung Bouillante - Guadeloupe - TiKaz a Voyaj","description":"Vermietung Studiowohnung Guadeloupe. Saisonale Unterkunft in Bouillante. Pool, Sonnenuntergang, Terrasse, Ausgestattete K\u00fcche, Hoher Komfort","robots":{"index":"index","follow":"follow","max-snippet":"max-snippet:-1","max-image-preview":"max-image-preview:large","max-video-preview":"max-video-preview:-1"},"canonical":"https:\/\/tikaz-voyaj.com\/de\/studio-urlaub-guadeloupe\/","og_locale":"de_DE","og_type":"article","og_title":"Vermietung Studiowohnung Bouillante - Guadeloupe - TiKaz a Voyaj","og_description":"Vermietung Studiowohnung Guadeloupe. Saisonale Unterkunft in Bouillante. Pool, Sonnenuntergang, Terrasse, Ausgestattete K\u00fcche, Hoher Komfort","og_url":"https:\/\/tikaz-voyaj.com\/de\/studio-urlaub-guadeloupe\/","og_site_name":"TiKaz a Voyaj","article_modified_time":"2023-06-02T16:24:28+00:00","og_image":[{"url":"https:\/\/tikaz-voyaj.com\/wp-content\/uploads\/2022\/04\/studio-tikaz-voyaj-location-saisonniere-guadeloupe-une.jpg","type":"","width":"","height":""}],"twitter_card":"summary_large_image","twitter_misc":{"Gesch\u00e4tzte Lesezeit":"2\u00a0Minuten"},"schema":{"@context":"https:\/\/schema.org","@graph":[{"@type":"WebPage","@id":"https:\/\/tikaz-voyaj.com\/de\/studio-urlaub-guadeloupe\/","url":"https:\/\/tikaz-voyaj.com\/de\/studio-urlaub-guadeloupe\/","name":"Vermietung Studiowohnung Bouillante - Guadeloupe - TiKaz a Voyaj","isPartOf":{"@id":"https:\/\/tikaz-voyaj.com\/de\/#website"},"primaryImageOfPage":{"@id":"https:\/\/tikaz-voyaj.com\/de\/studio-urlaub-guadeloupe\/#primaryimage"},"image":{"@id":"https:\/\/tikaz-voyaj.com\/de\/studio-urlaub-guadeloupe\/#primaryimage"},"thumbnailUrl":"https:\/\/tikaz-voyaj.com\/wp-content\/uploads\/2022\/04\/studio-tikaz-voyaj-location-saisonniere-guadeloupe-une.jpg","datePublished":"2022-04-25T10:27:38+00:00","dateModified":"2023-06-02T16:24:28+00:00","description":"Vermietung Studiowohnung Guadeloupe. Saisonale Unterkunft in Bouillante. Pool, Sonnenuntergang, Terrasse, Ausgestattete K\u00fcche, Hoher Komfort","breadcrumb":{"@id":"https:\/\/tikaz-voyaj.com\/de\/studio-urlaub-guadeloupe\/#breadcrumb"},"inLanguage":"de","potentialAction":[{"@type":"ReadAction","target":["https:\/\/tikaz-voyaj.com\/de\/studio-urlaub-guadeloupe\/"]}]},{"@type":"ImageObject","inLanguage":"de","@id":"https:\/\/tikaz-voyaj.com\/de\/studio-urlaub-guadeloupe\/#primaryimage","url":"https:\/\/tikaz-voyaj.com\/wp-content\/uploads\/2022\/04\/studio-tikaz-voyaj-location-saisonniere-guadeloupe-une.jpg","contentUrl":"https:\/\/tikaz-voyaj.com\/wp-content\/uploads\/2022\/04\/studio-tikaz-voyaj-location-saisonniere-guadeloupe-une.jpg"},{"@type":"BreadcrumbList","@id":"https:\/\/tikaz-voyaj.com\/de\/studio-urlaub-guadeloupe\/#breadcrumb","itemListElement":[{"@type":"ListItem","position":1,"name":"Accueil","item":"https:\/\/tikaz-voyaj.com\/de\/ferienvermietung-in-guadeloupe-tika-a-voyaj\/"},{"@type":"ListItem","position":2,"name":"Studio Urlaub Guadeloupe"}]},{"@type":"WebSite","@id":"https:\/\/tikaz-voyaj.com\/de\/#website","url":"https:\/\/tikaz-voyaj.com\/de\/","name":"TiKaz a Voyaj","description":"","potentialAction":[{"@type":"SearchAction","target":{"@type":"EntryPoint","urlTemplate":"https:\/\/tikaz-voyaj.com\/de\/?s={search_term_string}"},"query-input":{"@type":"PropertyValueSpecification","valueRequired":true,"valueName":"search_term_string"}}],"inLanguage":"de"}]}},"jetpack_sharing_enabled":true,"_links":{"self":[{"href":"https:\/\/tikaz-voyaj.com\/de\/wp-json\/wp\/v2\/pages\/6327"}],"collection":[{"href":"https:\/\/tikaz-voyaj.com\/de\/wp-json\/wp\/v2\/pages"}],"about":[{"href":"https:\/\/tikaz-voyaj.com\/de\/wp-json\/wp\/v2\/types\/page"}],"author":[{"embeddable":true,"href":"https:\/\/tikaz-voyaj.com\/de\/wp-json\/wp\/v2\/users\/1"}],"replies":[{"embeddable":true,"href":"https:\/\/tikaz-voyaj.com\/de\/wp-json\/wp\/v2\/comments?post=6327"}],"version-history":[{"count":1,"href":"https:\/\/tikaz-voyaj.com\/de\/wp-json\/wp\/v2\/pages\/6327\/revisions"}],"predecessor-version":[{"id":6328,"href":"https:\/\/tikaz-voyaj.com\/de\/wp-json\/wp\/v2\/pages\/6327\/revisions\/6328"}],"wp:attachment":[{"href":"https:\/\/tikaz-voyaj.com\/de\/wp-json\/wp\/v2\/media?parent=6327"}],"curies":[{"name":"wp","href":"https:\/\/api.w.org\/{rel}","templated":true}]}}