{"id":6325,"date":"2021-04-03T21:19:18","date_gmt":"2021-04-03T21:19:18","guid":{"rendered":"https:\/\/tikaz-voyaj.com\/angebote-tauchen\/"},"modified":"2023-06-02T17:03:26","modified_gmt":"2023-06-02T17:03:26","slug":"angebote-tauchen","status":"publish","type":"page","link":"https:\/\/tikaz-voyaj.com\/de\/angebote-tauchen\/","title":{"rendered":"Angebote Tauchen"},"content":{"rendered":"\n<div class=\"wp-block-getwid-section alignfull getwid-section-content-full-width\"><div class=\"wp-block-getwid-section__wrapper\" style=\"padding-top:125px;padding-bottom:125px\"><div class=\"wp-block-getwid-section__inner-wrapper\"><div class=\"wp-block-getwid-section__background-holder\"><div class=\"wp-block-getwid-section__background\" style=\"background-image:url('https:\/\/tikaz-voyaj.com\/wp-content\/uploads\/2021\/04\/prestations-plongee-ppk-tikaz-voyaj.jpg')\"><div class=\"wp-block-getwid-section__background-image-wrapper\"><img data-recalc-dims=\"1\" decoding=\"async\" class=\"wp-block-getwid-section__background-image\" src=\"https:\/\/i0.wp.com\/tikaz-voyaj.com\/wp-content\/uploads\/2021\/04\/prestations-plongee-ppk-tikaz-voyaj.jpg?w=892&#038;ssl=1\" alt=\"prestations-plongee-ppk-tikaz-voyaj\"\/><\/div><\/div><div class=\"wp-block-getwid-section__foreground\" style=\"opacity:0.3;background-color:#000000\"><\/div><\/div><div class=\"wp-block-getwid-section__content\"><div class=\"wp-block-getwid-section__inner-content\">\n<h2 class=\"has-text-align-center has-white-color has-text-color wp-block-heading\">Tauchleistungen<\/h2>\n<\/div><\/div><\/div><\/div><\/div>\n\n<div class=\"wp-block-getwid-section alignwide alignwide\"><div class=\"wp-block-getwid-section__wrapper\"><div class=\"wp-block-getwid-section__inner-wrapper\"><div class=\"wp-block-getwid-section__background-holder\"><div class=\"wp-block-getwid-section__background\"><\/div><div class=\"wp-block-getwid-section__foreground\"><\/div><\/div><div class=\"wp-block-getwid-section__content\"><div class=\"wp-block-getwid-section__inner-content\">\n<h2 class=\"wp-block-heading\">Die Leistungen des Ger\u00e4tetauchens mit PPK Plong\u00e9e<\/h2>\n\n\n\n<p><a href=\"http:\/\/www.ppk-plongee-guadeloupe.com\/\" target=\"_blank\" rel=\"noreferrer noopener\">PPK Plong\u00e9e<\/a> ist eine renommierte Tauchschule in Bouillante, die aus einem Team von Profis und Enthusiasten besteht. Das PPK-Tauchzentrum bietet Ihnen t\u00e4glich verschiedene Tauchangebote f\u00fcr alle Niveaus an. <\/p>\n<\/div><\/div><\/div><\/div><\/div>\n\n<div class=\"wp-block-media-text alignwide is-stacked-on-mobile is-image-fill has-white-lilac-background-color has-background\" style=\"grid-template-columns:42% auto\"><figure class=\"wp-block-media-text__media\" style=\"background-image:url(https:\/\/tikaz-voyaj.com\/wp-content\/uploads\/2021\/04\/prestations-plongee-ppk-guadeloupe-tikaz-voyaj.jpeg);background-position:50% 50%\"><img data-recalc-dims=\"1\" loading=\"lazy\" decoding=\"async\" width=\"550\" height=\"412\" src=\"https:\/\/i0.wp.com\/tikaz-voyaj.com\/wp-content\/uploads\/2021\/04\/prestations-plongee-ppk-guadeloupe-tikaz-voyaj.jpeg?resize=550%2C412&#038;ssl=1\" alt=\"Meeresschildkr\u00f6te Cousteau-Reservat\" class=\"wp-image-1397 size-full\" srcset=\"https:\/\/i0.wp.com\/tikaz-voyaj.com\/wp-content\/uploads\/2021\/04\/prestations-plongee-ppk-guadeloupe-tikaz-voyaj.jpeg?w=550&amp;ssl=1 550w, https:\/\/i0.wp.com\/tikaz-voyaj.com\/wp-content\/uploads\/2021\/04\/prestations-plongee-ppk-guadeloupe-tikaz-voyaj.jpeg?resize=300%2C225&amp;ssl=1 300w\" sizes=\"(max-width: 550px) 100vw, 550px\" \/><\/figure><div class=\"wp-block-media-text__content\">\n<h2 class=\"wp-block-heading\">Schnuppertauchen und Erkundungstauchen<\/h2>\n\n\n\n<p>Das Tauchzentrum PPK bietet Ihnen Tauchg\u00e4nge f\u00fcr alle Niveaus an. Sie haben noch nie Ger\u00e4tetauchen getestet? Dann sind Sie hier genau richtig, um es auszuprobieren. Die Tauchbedingungen im Cousteau-Reservat sind immer gut. Sie werden nicht tief tauchen und trotzdem Hunderte von Fischen und Korallen sehen. Das einzige Risiko, das Sie eingehen, ist, dass Sie es lieben und es immer wieder tun. <\/p>\n<\/div><\/div>\n\n<div class=\"wp-block-media-text alignwide has-media-on-the-right is-stacked-on-mobile is-image-fill has-white-smoke-background-color has-background\" style=\"grid-template-columns:auto 34%\"><figure class=\"wp-block-media-text__media\" style=\"background-image:url(https:\/\/tikaz-voyaj.com\/wp-content\/uploads\/2021\/04\/prestation-exploration-ppk-plongee-epave-franjack.jpg);background-position:50% 50%\"><img data-recalc-dims=\"1\" loading=\"lazy\" decoding=\"async\" width=\"800\" height=\"1000\" src=\"https:\/\/i0.wp.com\/tikaz-voyaj.com\/wp-content\/uploads\/2021\/04\/prestation-exploration-ppk-plongee-epave-franjack.jpg?resize=800%2C1000&#038;ssl=1\" alt=\"leistung-exploration-ppk-tauchen-epave-franjack\" class=\"wp-image-1399 size-full\" srcset=\"https:\/\/i0.wp.com\/tikaz-voyaj.com\/wp-content\/uploads\/2021\/04\/prestation-exploration-ppk-plongee-epave-franjack.jpg?w=800&amp;ssl=1 800w, https:\/\/i0.wp.com\/tikaz-voyaj.com\/wp-content\/uploads\/2021\/04\/prestation-exploration-ppk-plongee-epave-franjack.jpg?resize=600%2C750&amp;ssl=1 600w, https:\/\/i0.wp.com\/tikaz-voyaj.com\/wp-content\/uploads\/2021\/04\/prestation-exploration-ppk-plongee-epave-franjack.jpg?resize=240%2C300&amp;ssl=1 240w, https:\/\/i0.wp.com\/tikaz-voyaj.com\/wp-content\/uploads\/2021\/04\/prestation-exploration-ppk-plongee-epave-franjack.jpg?resize=768%2C960&amp;ssl=1 768w\" sizes=\"(max-width: 800px) 100vw, 800px\" \/><\/figure><div class=\"wp-block-media-text__content\">\n<p>F\u00fcr diejenigen, die einen <a href=\"https:\/\/tikaz-voyaj.com\/sites-plongee-guadeloupe\/\">Tauchschein haben<\/a>, gibt es zahlreiche Tauchpl\u00e4tze f\u00fcr jedes Niveau und jeden Geschmack. Ob Sie also flach oder bis zu 60 m tief, an Wracks oder Steilw\u00e4nden tauchen, Sie werden auf jeden Fall f\u00fcndig.<\/p>\n\n\n\n<p>Das Team bietet auch Nachttauchg\u00e4nge am Wrack der Franjack oder an der Kaye an. Wenn Sie das noch nie gemacht haben, tun Sie es! Ein reines Wunder.<\/p>\n\n\n\n<p>Das Plus von PPK: Die Ausr\u00fcstung ist bereits auf dem Boot, sodass Sie nichts mit sich herumtragen m\u00fcssen.<\/p>\n\n\n\n<p>W\u00e4hlen Sie \u00e0 la carte, was Sie m\u00f6chten: eine Schnuppertour, einen oder mehrere Tauchg\u00e4nge oder eine Schnorcheltour f\u00fcr den Anfang? Es gibt alles.<\/p>\n<\/div><\/div>\n\n<div class=\"wp-block-getwid-section alignwide alignwide\"><div class=\"wp-block-getwid-section__wrapper\"><div class=\"wp-block-getwid-section__inner-wrapper\"><div class=\"wp-block-getwid-section__background-holder\"><div class=\"wp-block-getwid-section__background\"><\/div><div class=\"wp-block-getwid-section__foreground\"><\/div><\/div><div class=\"wp-block-getwid-section__content\"><div class=\"wp-block-getwid-section__inner-content\">\n<h2 class=\"wp-block-heading\">Die Tauchausbildungen<\/h2>\n\n\n\n<p>\u00dcbrigens sind alle Tauchlehrer des Clubs brevetiert und k\u00f6nnen Ihnen Ihre Zertifizierungen abnehmen. Ob Kinder oder Erwachsene, jeder hat seine eigene Ausbildung.<\/p>\n\n\n\n<div class=\"wp-block-getwid-toggle has-icon-left\">\n<div class=\"wp-block-getwid-toggle__row\"><div class=\"wp-block-getwid-toggle__header-wrapper\"><h3 class=\"wp-block-getwid-toggle__header\"><a href=\"#\"><span class=\"wp-block-getwid-toggle__header-title\">Formations de Plong\u00e9e pour les Enfants<\/span><span class=\"wp-block-getwid-toggle__icon is-active\"><i class=\"fas fa-angle-right\"><\/i><\/span><span class=\"wp-block-getwid-toggle__icon is-passive\"><i class=\"fas fa-minus\"><\/i><\/span><\/a><\/h3><\/div><div class=\"wp-block-getwid-toggle__content-wrapper\"><div class=\"wp-block-getwid-toggle__content\">\n<p>Ihr Kind ist 8 Jahre alt oder \u00e4lter? Bieten Sie ihm eine Ausbildung zum &#8222;Jungtaucher&#8220; mit Tauchger\u00e4t in drei Stufen an: <\/p>\n\n\n\n<ul class=\"wp-block-list\"><li>Bronze-Taucher<\/li><li>Silber-Taucher<\/li><li>Taucher Gold<\/li><\/ul>\n\n\n\n<p>Kinder ben\u00f6tigen nat\u00fcrlich eine Einverst\u00e4ndniserkl\u00e4rung der Eltern f\u00fcr den Schnupperkurs und ein \u00e4rztliches Attest f\u00fcr die Ausbildung.<\/p>\n\n\n\n<p>Kontaktieren Sie uns, um die Tauchg\u00e4nge Ihres Kindes zu buchen.<\/p>\n\n\n\n<div class=\"wp-block-buttons is-layout-flex wp-block-buttons-is-layout-flex\">\n<div class=\"wp-block-button\"><a class=\"wp-block-button__link\" href=\"https:\/\/tikaz-voyaj.com\/de\/kontakte\/\">KONTAKT<\/a><\/div>\n<\/div>\n<\/div><\/div><\/div>\n\n\n\n<div class=\"wp-block-getwid-toggle__row\"><div class=\"wp-block-getwid-toggle__header-wrapper\"><h3 class=\"wp-block-getwid-toggle__header\"><a href=\"#\"><span class=\"wp-block-getwid-toggle__header-title\">Formations de Plong\u00e9e pour les Adolescents &amp; Adultes<\/span><span class=\"wp-block-getwid-toggle__icon is-active\"><i class=\"fas fa-angle-right\"><\/i><\/span><span class=\"wp-block-getwid-toggle__icon is-passive\"><i class=\"fas fa-minus\"><\/i><\/span><\/a><\/h3><\/div><div class=\"wp-block-getwid-toggle__content-wrapper\"><div class=\"wp-block-getwid-toggle__content\">\n<p id=\"block-66fbad01-2905-45f0-b818-3500e4291120\"><br\/>Teenager ab 14 Jahren k\u00f6nnen ihren Taucherschein des Levels 1 (PE20) machen, der dem Niveau entspricht, das es ihnen erlaubt, begleitete Tauchg\u00e4nge bis zu einer Tiefe von 20 Metern zu machen.<\/p>\n\n\n\n<p id=\"block-ae5c11e3-1149-4bc6-b915-899711dd6161\">Ab 16 Jahren kann Ihr Teenager das Taucherbrevet Niveau 2 (PA20 + PE40) ablegen. Mit diesem Niveau kann er bis zu einer Tiefe von 20 m selbstst\u00e4ndig tauchen (nur wenn er vollj\u00e4hrig ist) und bis 40 m unter Anleitung tauchen.<\/p>\n\n\n\n<p id=\"block-d81ddfdc-4613-4538-b655-43fdd82bacb8\">Ab 18 Jahren k\u00f6nnen Sie das Taucherbrevet Stufe 3 (PA60) erwerben, mit dem Sie selbstst\u00e4ndig bis zu einer Tiefe von 60 m tauchen k\u00f6nnen.<\/p>\n\n\n\n<p>Kontaktieren Sie uns, um Ihre Ausbildung zu buchen.<\/p>\n\n\n\n<div class=\"wp-block-buttons is-layout-flex wp-block-buttons-is-layout-flex\">\n<div class=\"wp-block-button\"><a class=\"wp-block-button__link\" href=\"https:\/\/tikaz-voyaj.com\/de\/kontakte\/\">KONTAKT<\/a><\/div>\n<\/div>\n<\/div><\/div><\/div>\n\n\n\n<div class=\"wp-block-getwid-toggle__row\"><div class=\"wp-block-getwid-toggle__header-wrapper\"><h3 class=\"wp-block-getwid-toggle__header\"><a href=\"#\"><span class=\"wp-block-getwid-toggle__header-title\">Les Aptitudes<\/span><span class=\"wp-block-getwid-toggle__icon is-active\"><i class=\"fas fa-angle-right\"><\/i><\/span><span class=\"wp-block-getwid-toggle__icon is-passive\"><i class=\"fas fa-minus\"><\/i><\/span><\/a><\/h3><\/div><div class=\"wp-block-getwid-toggle__content-wrapper\"><div class=\"wp-block-getwid-toggle__content\">\n<p>Das Sportgesetzbuch hat auch F\u00e4higkeiten eingef\u00fchrt, damit Taucher unter Anleitung oder selbstst\u00e4ndig von 0 bis 20 m oder von 0 bis 40 m tauchen k\u00f6nnen. So bietet Ihnen PPK Plong\u00e9e Guadeloupe unter den bestehenden Tauchangeboten die M\u00f6glichkeit, folgende Fertigkeiten zu erwerben:<\/p>\n\n\n\n<ul class=\"wp-block-list\"><li>F\u00e4higkeit &#8222;Gerahmter Taucher 12 m (PE12)&#8220;<\/li><li>Qualifikation &#8220; Betreuter Taucher 40 m (PE40)<\/li><li>Qualifikation &#8220; Selbstst\u00e4ndiger Taucher 20 m (PA20)<\/li><li>Qualifikation &#8220; Selbstst\u00e4ndiger Taucher 40 m (PA40).<\/li><\/ul>\n\n\n\n<p>Unsere Tauchlehrer sind auch als &#8222;SSI-Instruktoren&#8220; zertifiziert und bieten Ihnen SSI-Ausbildungen und -Zertifizierungen an.<\/p>\n\n\n\n<p>Kontaktieren Sie uns, um Ihre Bef\u00e4higung zu buchen.<\/p>\n\n\n\n<div class=\"wp-block-buttons is-layout-flex wp-block-buttons-is-layout-flex\">\n<div class=\"wp-block-button\"><a class=\"wp-block-button__link\" href=\"https:\/\/tikaz-voyaj.com\/de\/kontakte\/\">KONTAKT<\/a><\/div>\n<\/div>\n<\/div><\/div><\/div>\n<\/div>\n\n\n\n<div class=\"wp-block-getwid-section\"><div class=\"wp-block-getwid-section__wrapper\"><div class=\"wp-block-getwid-section__inner-wrapper\"><div class=\"wp-block-getwid-section__background-holder\"><div class=\"wp-block-getwid-section__background\"><\/div><div class=\"wp-block-getwid-section__foreground\"><\/div><\/div><div class=\"wp-block-getwid-section__content\"><div class=\"wp-block-getwid-section__inner-content\">\n<h2 class=\"wp-block-heading\">Bedingungen f\u00fcr das Tauchen mit Tauchger\u00e4t<\/h2>\n\n\n\n<p>Bei Erkundungstauchg\u00e4ngen wird kein \u00e4rztliches Attest verlangt. F\u00fcr die Erwachsenenausbildung hingegen ben\u00f6tigen Sie ein \u00e4rztliches Tauglichkeitszeugnis, das Ihnen von Ihrem Hausarzt ausgestellt werden kann.<\/p>\n\n\n\n<p>Beachten Sie, dass bei Minderj\u00e4hrigen dieses \u00e4rztliche Zeugnis von einem FFESSM-Arzt, einem Hyperbarmediziner oder einem Sportmediziner ausgestellt werden muss.<\/p>\n\n\n\n<div class=\"wp-block-buttons is-layout-flex wp-block-buttons-is-layout-flex\">\n<div class=\"wp-block-button\"><a class=\"wp-block-button__link\" href=\"http:\/\/www.ppk-plongee-guadeloupe.com\/\" rel=\"http:\/\/www.ppk-plongee-guadeloupe.com\/\">MEHR ZU PPK TAUCHEN<\/a><\/div>\n<\/div>\n<\/div><\/div><\/div><\/div><\/div>\n<\/div><\/div><\/div><\/div><\/div>\n\n<p><\/p>\n","protected":false},"excerpt":{"rendered":"<p>Schnuppertauchen und Erkundungstauchen Das Tauchzentrum PPK bietet Ihnen Tauchg\u00e4nge f\u00fcr alle Niveaus an. Sie haben noch nie Ger\u00e4tetauchen getestet? Dann sind Sie hier genau richtig, um es auszuprobieren. Die Tauchbedingungen im Cousteau-Reservat sind immer gut. Sie werden nicht tief tauchen und trotzdem Hunderte von Fischen und Korallen sehen. Das einzige Risiko, das Sie eingehen, ist, [&hellip;]<\/p>\n","protected":false},"author":1,"featured_media":0,"parent":0,"menu_order":0,"comment_status":"closed","ping_status":"closed","template":"","meta":{"inline_featured_image":false,"footnotes":""},"class_list":["post-6325","page","type-page","status-publish","hentry"],"yoast_head":"<!-- This site is optimized with the Yoast SEO plugin v25.6 - https:\/\/yoast.com\/wordpress\/plugins\/seo\/ -->\n<title>Angebote Tauchen - Erkundungen und Ausbildungen | TiKaz a Voyaj<\/title>\n<meta name=\"description\" content=\"Entdecken Sie die Tauchangebote des Partners von TiKaz a Voyaj: der Club PPK Plong\u00e9e dans la R\u00e9serve Cousteau.\" \/>\n<meta name=\"robots\" content=\"index, follow, max-snippet:-1, max-image-preview:large, max-video-preview:-1\" \/>\n<link rel=\"canonical\" href=\"https:\/\/tikaz-voyaj.com\/de\/angebote-tauchen\/\" \/>\n<meta property=\"og:locale\" content=\"de_DE\" \/>\n<meta property=\"og:type\" content=\"article\" \/>\n<meta property=\"og:title\" content=\"Angebote Tauchen - Erkundungen und Ausbildungen | TiKaz a Voyaj\" \/>\n<meta property=\"og:description\" content=\"Entdecken Sie die Tauchangebote des Partners von TiKaz a Voyaj: der Club PPK Plong\u00e9e dans la R\u00e9serve Cousteau.\" \/>\n<meta property=\"og:url\" content=\"https:\/\/tikaz-voyaj.com\/de\/angebote-tauchen\/\" \/>\n<meta property=\"og:site_name\" content=\"TiKaz a Voyaj\" \/>\n<meta property=\"article:modified_time\" content=\"2023-06-02T17:03:26+00:00\" \/>\n<meta property=\"og:image\" content=\"https:\/\/tikaz-voyaj.com\/wp-content\/uploads\/2021\/04\/prestations-plongee-ppk-tikaz-voyaj.jpg\" \/>\n<meta name=\"twitter:card\" content=\"summary_large_image\" \/>\n<meta name=\"twitter:label1\" content=\"Gesch\u00e4tzte Lesezeit\" \/>\n\t<meta name=\"twitter:data1\" content=\"3\u00a0Minuten\" \/>\n<script type=\"application\/ld+json\" class=\"yoast-schema-graph\">{\"@context\":\"https:\/\/schema.org\",\"@graph\":[{\"@type\":\"WebPage\",\"@id\":\"https:\/\/tikaz-voyaj.com\/de\/angebote-tauchen\/\",\"url\":\"https:\/\/tikaz-voyaj.com\/de\/angebote-tauchen\/\",\"name\":\"Angebote Tauchen - Erkundungen und Ausbildungen | TiKaz a Voyaj\",\"isPartOf\":{\"@id\":\"https:\/\/tikaz-voyaj.com\/de\/#website\"},\"primaryImageOfPage\":{\"@id\":\"https:\/\/tikaz-voyaj.com\/de\/angebote-tauchen\/#primaryimage\"},\"image\":{\"@id\":\"https:\/\/tikaz-voyaj.com\/de\/angebote-tauchen\/#primaryimage\"},\"thumbnailUrl\":\"https:\/\/tikaz-voyaj.com\/wp-content\/uploads\/2021\/04\/prestations-plongee-ppk-tikaz-voyaj.jpg\",\"datePublished\":\"2021-04-03T21:19:18+00:00\",\"dateModified\":\"2023-06-02T17:03:26+00:00\",\"description\":\"Entdecken Sie die Tauchangebote des Partners von TiKaz a Voyaj: der Club PPK Plong\u00e9e dans la R\u00e9serve Cousteau.\",\"breadcrumb\":{\"@id\":\"https:\/\/tikaz-voyaj.com\/de\/angebote-tauchen\/#breadcrumb\"},\"inLanguage\":\"de\",\"potentialAction\":[{\"@type\":\"ReadAction\",\"target\":[\"https:\/\/tikaz-voyaj.com\/de\/angebote-tauchen\/\"]}]},{\"@type\":\"ImageObject\",\"inLanguage\":\"de\",\"@id\":\"https:\/\/tikaz-voyaj.com\/de\/angebote-tauchen\/#primaryimage\",\"url\":\"https:\/\/tikaz-voyaj.com\/wp-content\/uploads\/2021\/04\/prestations-plongee-ppk-tikaz-voyaj.jpg\",\"contentUrl\":\"https:\/\/tikaz-voyaj.com\/wp-content\/uploads\/2021\/04\/prestations-plongee-ppk-tikaz-voyaj.jpg\"},{\"@type\":\"BreadcrumbList\",\"@id\":\"https:\/\/tikaz-voyaj.com\/de\/angebote-tauchen\/#breadcrumb\",\"itemListElement\":[{\"@type\":\"ListItem\",\"position\":1,\"name\":\"Accueil\",\"item\":\"https:\/\/tikaz-voyaj.com\/de\/ferienvermietung-in-guadeloupe-tika-a-voyaj\/\"},{\"@type\":\"ListItem\",\"position\":2,\"name\":\"Angebote Tauchen\"}]},{\"@type\":\"WebSite\",\"@id\":\"https:\/\/tikaz-voyaj.com\/de\/#website\",\"url\":\"https:\/\/tikaz-voyaj.com\/de\/\",\"name\":\"TiKaz a Voyaj\",\"description\":\"\",\"potentialAction\":[{\"@type\":\"SearchAction\",\"target\":{\"@type\":\"EntryPoint\",\"urlTemplate\":\"https:\/\/tikaz-voyaj.com\/de\/?s={search_term_string}\"},\"query-input\":{\"@type\":\"PropertyValueSpecification\",\"valueRequired\":true,\"valueName\":\"search_term_string\"}}],\"inLanguage\":\"de\"}]}<\/script>\n<!-- \/ Yoast SEO plugin. -->","yoast_head_json":{"title":"Angebote Tauchen - Erkundungen und Ausbildungen | TiKaz a Voyaj","description":"Entdecken Sie die Tauchangebote des Partners von TiKaz a Voyaj: der Club PPK Plong\u00e9e dans la R\u00e9serve Cousteau.","robots":{"index":"index","follow":"follow","max-snippet":"max-snippet:-1","max-image-preview":"max-image-preview:large","max-video-preview":"max-video-preview:-1"},"canonical":"https:\/\/tikaz-voyaj.com\/de\/angebote-tauchen\/","og_locale":"de_DE","og_type":"article","og_title":"Angebote Tauchen - Erkundungen und Ausbildungen | TiKaz a Voyaj","og_description":"Entdecken Sie die Tauchangebote des Partners von TiKaz a Voyaj: der Club PPK Plong\u00e9e dans la R\u00e9serve Cousteau.","og_url":"https:\/\/tikaz-voyaj.com\/de\/angebote-tauchen\/","og_site_name":"TiKaz a Voyaj","article_modified_time":"2023-06-02T17:03:26+00:00","og_image":[{"url":"https:\/\/tikaz-voyaj.com\/wp-content\/uploads\/2021\/04\/prestations-plongee-ppk-tikaz-voyaj.jpg","type":"","width":"","height":""}],"twitter_card":"summary_large_image","twitter_misc":{"Gesch\u00e4tzte Lesezeit":"3\u00a0Minuten"},"schema":{"@context":"https:\/\/schema.org","@graph":[{"@type":"WebPage","@id":"https:\/\/tikaz-voyaj.com\/de\/angebote-tauchen\/","url":"https:\/\/tikaz-voyaj.com\/de\/angebote-tauchen\/","name":"Angebote Tauchen - Erkundungen und Ausbildungen | TiKaz a Voyaj","isPartOf":{"@id":"https:\/\/tikaz-voyaj.com\/de\/#website"},"primaryImageOfPage":{"@id":"https:\/\/tikaz-voyaj.com\/de\/angebote-tauchen\/#primaryimage"},"image":{"@id":"https:\/\/tikaz-voyaj.com\/de\/angebote-tauchen\/#primaryimage"},"thumbnailUrl":"https:\/\/tikaz-voyaj.com\/wp-content\/uploads\/2021\/04\/prestations-plongee-ppk-tikaz-voyaj.jpg","datePublished":"2021-04-03T21:19:18+00:00","dateModified":"2023-06-02T17:03:26+00:00","description":"Entdecken Sie die Tauchangebote des Partners von TiKaz a Voyaj: der Club PPK Plong\u00e9e dans la R\u00e9serve Cousteau.","breadcrumb":{"@id":"https:\/\/tikaz-voyaj.com\/de\/angebote-tauchen\/#breadcrumb"},"inLanguage":"de","potentialAction":[{"@type":"ReadAction","target":["https:\/\/tikaz-voyaj.com\/de\/angebote-tauchen\/"]}]},{"@type":"ImageObject","inLanguage":"de","@id":"https:\/\/tikaz-voyaj.com\/de\/angebote-tauchen\/#primaryimage","url":"https:\/\/tikaz-voyaj.com\/wp-content\/uploads\/2021\/04\/prestations-plongee-ppk-tikaz-voyaj.jpg","contentUrl":"https:\/\/tikaz-voyaj.com\/wp-content\/uploads\/2021\/04\/prestations-plongee-ppk-tikaz-voyaj.jpg"},{"@type":"BreadcrumbList","@id":"https:\/\/tikaz-voyaj.com\/de\/angebote-tauchen\/#breadcrumb","itemListElement":[{"@type":"ListItem","position":1,"name":"Accueil","item":"https:\/\/tikaz-voyaj.com\/de\/ferienvermietung-in-guadeloupe-tika-a-voyaj\/"},{"@type":"ListItem","position":2,"name":"Angebote Tauchen"}]},{"@type":"WebSite","@id":"https:\/\/tikaz-voyaj.com\/de\/#website","url":"https:\/\/tikaz-voyaj.com\/de\/","name":"TiKaz a Voyaj","description":"","potentialAction":[{"@type":"SearchAction","target":{"@type":"EntryPoint","urlTemplate":"https:\/\/tikaz-voyaj.com\/de\/?s={search_term_string}"},"query-input":{"@type":"PropertyValueSpecification","valueRequired":true,"valueName":"search_term_string"}}],"inLanguage":"de"}]}},"jetpack_sharing_enabled":true,"_links":{"self":[{"href":"https:\/\/tikaz-voyaj.com\/de\/wp-json\/wp\/v2\/pages\/6325"}],"collection":[{"href":"https:\/\/tikaz-voyaj.com\/de\/wp-json\/wp\/v2\/pages"}],"about":[{"href":"https:\/\/tikaz-voyaj.com\/de\/wp-json\/wp\/v2\/types\/page"}],"author":[{"embeddable":true,"href":"https:\/\/tikaz-voyaj.com\/de\/wp-json\/wp\/v2\/users\/1"}],"replies":[{"embeddable":true,"href":"https:\/\/tikaz-voyaj.com\/de\/wp-json\/wp\/v2\/comments?post=6325"}],"version-history":[{"count":2,"href":"https:\/\/tikaz-voyaj.com\/de\/wp-json\/wp\/v2\/pages\/6325\/revisions"}],"predecessor-version":[{"id":6378,"href":"https:\/\/tikaz-voyaj.com\/de\/wp-json\/wp\/v2\/pages\/6325\/revisions\/6378"}],"wp:attachment":[{"href":"https:\/\/tikaz-voyaj.com\/de\/wp-json\/wp\/v2\/media?parent=6325"}],"curies":[{"name":"wp","href":"https:\/\/api.w.org\/{rel}","templated":true}]}}