{"id":6225,"date":"2021-04-04T00:54:11","date_gmt":"2021-04-04T00:54:11","guid":{"rendered":"https:\/\/tikaz-voyaj.com\/ferienhaeuser-in-guadeloupe\/"},"modified":"2023-06-01T16:15:08","modified_gmt":"2023-06-01T16:15:08","slug":"ferienhaeuser-in-guadeloupe","status":"publish","type":"page","link":"https:\/\/tikaz-voyaj.com\/de\/ferienhaeuser-in-guadeloupe\/","title":{"rendered":"Ferienh\u00e4user in Guadeloupe"},"content":{"rendered":"\n<div class=\"wp-block-getwid-section alignfull getwid-section-content-full-width\"><div class=\"wp-block-getwid-section__wrapper\" style=\"padding-top:150px;padding-bottom:150px\"><div class=\"wp-block-getwid-section__inner-wrapper\"><div class=\"wp-block-getwid-section__background-holder\"><div class=\"wp-block-getwid-section__background\" style=\"background-image:url('https:\/\/tikaz-voyaj.com\/wp-content\/uploads\/2021\/04\/location-gites-bouillante-guadeloupe-banner.jpg')\"><div class=\"wp-block-getwid-section__background-image-wrapper\"><img data-recalc-dims=\"1\" decoding=\"async\" class=\"wp-block-getwid-section__background-image\" src=\"https:\/\/i0.wp.com\/tikaz-voyaj.com\/wp-content\/uploads\/2021\/04\/location-gites-bouillante-guadeloupe-banner.jpg?w=892&#038;ssl=1\" alt=\"location-gites-bouillante-guadeloupe-banner\"\/><\/div><\/div><div class=\"wp-block-getwid-section__foreground\" style=\"opacity:0.3;background-color:#000000\"><\/div><\/div><div class=\"wp-block-getwid-section__content\"><div class=\"wp-block-getwid-section__inner-content\">\n<h2 class=\"has-text-align-center has-white-color has-text-color wp-block-heading\">Ferienh\u00e4user in Guadeloupe<\/h2>\n<\/div><\/div><\/div><\/div><\/div>\n\n<div class=\"wp-block-getwid-section alignwide alignwide\"><div class=\"wp-block-getwid-section__wrapper\"><div class=\"wp-block-getwid-section__inner-wrapper\"><div class=\"wp-block-getwid-section__background-holder\"><div class=\"wp-block-getwid-section__background\"><\/div><div class=\"wp-block-getwid-section__foreground\"><\/div><\/div><div class=\"wp-block-getwid-section__content\"><div class=\"wp-block-getwid-section__inner-content\">\n<h2 class=\"wp-block-heading\">Ferienvermietung in Guadeloupe in Bouillante : TiKaz a Voyaj<\/h2>\n\n\n\n<p>Tikaz a Voyaj ist eine Ferienunterkunft auf Guadeloupe, die daf\u00fcr bekannt ist, eine wahre Oase der Ruhe zu sein. Diese Ferienh\u00e4user auf Guadeloupe liegen in den Anh\u00f6hen von Bouillante und bestehen aus vier <a href=\"https:\/\/tikaz-voyaj.com\/bungalows-bouillante\/\">Bungalows<\/a>, einer erhabenen <a href=\"https:\/\/tikaz-voyaj.com\/villa-karukera\/\">Villa<\/a> und einem charmanten Studio. Von jeder Terrasse oder dem tiefer gelegenen Pool aus, haben Sie einen atemberaubenden Blick auf das Karibische Meer.<\/p>\n\n\n\n<p>In der N\u00e4he aller Annehmlichkeiten und Gesch\u00e4fte aller Art vereinen unsere saisonalen Unterk\u00fcnfte die Ruhe, die Sie f\u00fcr einen gelungenen Urlaub suchen, mit allen Annehmlichkeiten, die Sie ben\u00f6tigen.<\/p>\n\n\n\n<figure class=\"wp-block-gallery has-nested-images columns-3 is-cropped wp-block-gallery-1 is-layout-flex wp-block-gallery-is-layout-flex\">\n<figure class=\"wp-block-image size-large\"><img data-recalc-dims=\"1\" loading=\"lazy\" decoding=\"async\" width=\"892\" height=\"892\" src=\"https:\/\/i0.wp.com\/tikaz-voyaj.com\/wp-content\/uploads\/2021\/04\/location-villa-bouillante-tikaz-voyaj.jpg?resize=892%2C892&#038;ssl=1\" alt=\"vermietung-villa-bouillante-tikaz-voyaj\" class=\"wp-image-1349\" srcset=\"https:\/\/i0.wp.com\/tikaz-voyaj.com\/wp-content\/uploads\/2021\/04\/location-villa-bouillante-tikaz-voyaj.jpg?w=900&amp;ssl=1 900w, https:\/\/i0.wp.com\/tikaz-voyaj.com\/wp-content\/uploads\/2021\/04\/location-villa-bouillante-tikaz-voyaj.jpg?resize=300%2C300&amp;ssl=1 300w, https:\/\/i0.wp.com\/tikaz-voyaj.com\/wp-content\/uploads\/2021\/04\/location-villa-bouillante-tikaz-voyaj.jpg?resize=100%2C100&amp;ssl=1 100w, https:\/\/i0.wp.com\/tikaz-voyaj.com\/wp-content\/uploads\/2021\/04\/location-villa-bouillante-tikaz-voyaj.jpg?resize=600%2C600&amp;ssl=1 600w, https:\/\/i0.wp.com\/tikaz-voyaj.com\/wp-content\/uploads\/2021\/04\/location-villa-bouillante-tikaz-voyaj.jpg?resize=150%2C150&amp;ssl=1 150w, https:\/\/i0.wp.com\/tikaz-voyaj.com\/wp-content\/uploads\/2021\/04\/location-villa-bouillante-tikaz-voyaj.jpg?resize=768%2C768&amp;ssl=1 768w, https:\/\/i0.wp.com\/tikaz-voyaj.com\/wp-content\/uploads\/2021\/04\/location-villa-bouillante-tikaz-voyaj.jpg?resize=892%2C892&amp;ssl=1 892w\" sizes=\"(max-width: 892px) 100vw, 892px\" \/><\/figure>\n\n\n\n<figure class=\"wp-block-image size-large\"><img data-recalc-dims=\"1\" loading=\"lazy\" decoding=\"async\" width=\"700\" height=\"700\" src=\"https:\/\/i0.wp.com\/tikaz-voyaj.com\/wp-content\/uploads\/2021\/04\/location-gite-bouillante-bungalow-tikaz-voyaj.jpg?resize=700%2C700&#038;ssl=1\" alt=\"vermietung-gite-bouillante-bungalow-tikaz-voyaj\" class=\"wp-image-1350\" srcset=\"https:\/\/i0.wp.com\/tikaz-voyaj.com\/wp-content\/uploads\/2021\/04\/location-gite-bouillante-bungalow-tikaz-voyaj.jpg?w=700&amp;ssl=1 700w, https:\/\/i0.wp.com\/tikaz-voyaj.com\/wp-content\/uploads\/2021\/04\/location-gite-bouillante-bungalow-tikaz-voyaj.jpg?resize=300%2C300&amp;ssl=1 300w, https:\/\/i0.wp.com\/tikaz-voyaj.com\/wp-content\/uploads\/2021\/04\/location-gite-bouillante-bungalow-tikaz-voyaj.jpg?resize=100%2C100&amp;ssl=1 100w, https:\/\/i0.wp.com\/tikaz-voyaj.com\/wp-content\/uploads\/2021\/04\/location-gite-bouillante-bungalow-tikaz-voyaj.jpg?resize=600%2C600&amp;ssl=1 600w, https:\/\/i0.wp.com\/tikaz-voyaj.com\/wp-content\/uploads\/2021\/04\/location-gite-bouillante-bungalow-tikaz-voyaj.jpg?resize=150%2C150&amp;ssl=1 150w\" sizes=\"(max-width: 700px) 100vw, 700px\" \/><\/figure>\n\n\n\n<figure class=\"wp-block-image size-large\"><img data-recalc-dims=\"1\" loading=\"lazy\" decoding=\"async\" width=\"700\" height=\"700\" src=\"https:\/\/i0.wp.com\/tikaz-voyaj.com\/wp-content\/uploads\/2021\/04\/location-gite-bouillante-bungalow-piscine.jpg?resize=700%2C700&#038;ssl=1\" alt=\"vermietung-gite-bouillante-bungalow-schwimmbad\" class=\"wp-image-1351\" srcset=\"https:\/\/i0.wp.com\/tikaz-voyaj.com\/wp-content\/uploads\/2021\/04\/location-gite-bouillante-bungalow-piscine.jpg?w=700&amp;ssl=1 700w, https:\/\/i0.wp.com\/tikaz-voyaj.com\/wp-content\/uploads\/2021\/04\/location-gite-bouillante-bungalow-piscine.jpg?resize=300%2C300&amp;ssl=1 300w, https:\/\/i0.wp.com\/tikaz-voyaj.com\/wp-content\/uploads\/2021\/04\/location-gite-bouillante-bungalow-piscine.jpg?resize=100%2C100&amp;ssl=1 100w, https:\/\/i0.wp.com\/tikaz-voyaj.com\/wp-content\/uploads\/2021\/04\/location-gite-bouillante-bungalow-piscine.jpg?resize=600%2C600&amp;ssl=1 600w, https:\/\/i0.wp.com\/tikaz-voyaj.com\/wp-content\/uploads\/2021\/04\/location-gite-bouillante-bungalow-piscine.jpg?resize=150%2C150&amp;ssl=1 150w\" sizes=\"(max-width: 700px) 100vw, 700px\" \/><\/figure>\n\n\n\n<figure class=\"wp-block-image size-large\"><img data-recalc-dims=\"1\" loading=\"lazy\" decoding=\"async\" width=\"700\" height=\"700\" src=\"https:\/\/i0.wp.com\/tikaz-voyaj.com\/wp-content\/uploads\/2021\/04\/location-saisonniere-bouillante-gite-vue.jpg?resize=700%2C700&#038;ssl=1\" alt=\"saisonale-vermietung-bouillante-gite-vue\" class=\"wp-image-1352\" srcset=\"https:\/\/i0.wp.com\/tikaz-voyaj.com\/wp-content\/uploads\/2021\/04\/location-saisonniere-bouillante-gite-vue.jpg?w=700&amp;ssl=1 700w, https:\/\/i0.wp.com\/tikaz-voyaj.com\/wp-content\/uploads\/2021\/04\/location-saisonniere-bouillante-gite-vue.jpg?resize=300%2C300&amp;ssl=1 300w, https:\/\/i0.wp.com\/tikaz-voyaj.com\/wp-content\/uploads\/2021\/04\/location-saisonniere-bouillante-gite-vue.jpg?resize=100%2C100&amp;ssl=1 100w, https:\/\/i0.wp.com\/tikaz-voyaj.com\/wp-content\/uploads\/2021\/04\/location-saisonniere-bouillante-gite-vue.jpg?resize=600%2C600&amp;ssl=1 600w, https:\/\/i0.wp.com\/tikaz-voyaj.com\/wp-content\/uploads\/2021\/04\/location-saisonniere-bouillante-gite-vue.jpg?resize=150%2C150&amp;ssl=1 150w\" sizes=\"(max-width: 700px) 100vw, 700px\" \/><\/figure>\n\n\n\n<figure class=\"wp-block-image size-large\"><img data-recalc-dims=\"1\" loading=\"lazy\" decoding=\"async\" width=\"700\" height=\"700\" src=\"https:\/\/i0.wp.com\/tikaz-voyaj.com\/wp-content\/uploads\/2021\/04\/location-gite-guadeloupe-tikaz-voyaj-01.jpg?resize=700%2C700&#038;ssl=1\" alt=\"vermietung-gite-guadeloupe-tikaz-voyaj-01\" class=\"wp-image-1360\" srcset=\"https:\/\/i0.wp.com\/tikaz-voyaj.com\/wp-content\/uploads\/2021\/04\/location-gite-guadeloupe-tikaz-voyaj-01.jpg?w=700&amp;ssl=1 700w, https:\/\/i0.wp.com\/tikaz-voyaj.com\/wp-content\/uploads\/2021\/04\/location-gite-guadeloupe-tikaz-voyaj-01.jpg?resize=300%2C300&amp;ssl=1 300w, https:\/\/i0.wp.com\/tikaz-voyaj.com\/wp-content\/uploads\/2021\/04\/location-gite-guadeloupe-tikaz-voyaj-01.jpg?resize=100%2C100&amp;ssl=1 100w, https:\/\/i0.wp.com\/tikaz-voyaj.com\/wp-content\/uploads\/2021\/04\/location-gite-guadeloupe-tikaz-voyaj-01.jpg?resize=600%2C600&amp;ssl=1 600w, https:\/\/i0.wp.com\/tikaz-voyaj.com\/wp-content\/uploads\/2021\/04\/location-gite-guadeloupe-tikaz-voyaj-01.jpg?resize=150%2C150&amp;ssl=1 150w\" sizes=\"(max-width: 700px) 100vw, 700px\" \/><\/figure>\n\n\n\n<figure class=\"wp-block-image size-large\"><img data-recalc-dims=\"1\" loading=\"lazy\" decoding=\"async\" width=\"600\" height=\"800\" src=\"https:\/\/i0.wp.com\/tikaz-voyaj.com\/wp-content\/uploads\/2021\/04\/location-saisonniere-guadeloupe-tikaz-voyaj-01.jpg?resize=600%2C800&#038;ssl=1\" alt=\"vermietung-saison-guadeloupe-tikaz-voyaj-01\" class=\"wp-image-1411\" srcset=\"https:\/\/i0.wp.com\/tikaz-voyaj.com\/wp-content\/uploads\/2021\/04\/location-saisonniere-guadeloupe-tikaz-voyaj-01.jpg?w=600&amp;ssl=1 600w, https:\/\/i0.wp.com\/tikaz-voyaj.com\/wp-content\/uploads\/2021\/04\/location-saisonniere-guadeloupe-tikaz-voyaj-01.jpg?resize=225%2C300&amp;ssl=1 225w\" sizes=\"(max-width: 600px) 100vw, 600px\" \/><\/figure>\n<\/figure>\n\n\n\n<p>TiKaz a Voyaj besteht aus :<\/p>\n\n\n\n<ul class=\"wp-block-list\" id=\"block-6b980310-1ff6-4d67-9de1-3d6d9f03b01d\"><li>4 Bungalows, die jeweils bis zu 4 bis 5 Personen beherbergen k\u00f6nnen.<\/li><li>1 Villa mit 9 Schlafpl\u00e4tzen<\/li><li>1 Studio<\/li><li>1 gro\u00dfer Pool, umgeben von einem h\u00fcbschen Holzdeck und seinen Liegest\u00fchlen.<\/li><li>1 Waschraum mit 1 Waschmaschine und seinen Annehmlichkeiten.<\/li><\/ul>\n\n\n\n<h2 class=\"wp-block-heading\">Ein Team von Enthusiasten, das Ihnen zuh\u00f6rt<\/h2>\n\n\n\n<p>Unser Team kennt die Gegend um Bouillante und ganz allgemein die Region Basse-Terre sehr gut. So wird es Ihnen die besten Tipps und Orte in der Umgebung geben, die Sie besuchen sollten: Das Cousteau-Reservat, die Wasserf\u00e4lle, Wanderungen im Nationalpark von Guadeloupe, zu besichtigende Destillerien und Str\u00e4nde, die Sie nicht verpassen sollten&#8230; und nicht zu vergessen die guten Restaurants und Geheimtipps!<\/p>\n\n\n\n<p>Das Plus der Ferienh\u00e4user von Tikaz a Voyaj? Die verschiedenen Partnerschaften mit lokalen Anbietern erm\u00f6glichen Ihnen den Zugang zu den besten Aktivit\u00e4ten, insbesondere zum <a href=\"https:\/\/tikaz-voyaj.com\/prestations-plongees\/\">Tauchen<\/a>. Z\u00f6gern Sie nicht, uns nach Tipps f\u00fcr Ihre Mahlzeiten zu fragen: Die Restaurants, mit denen wir zusammenarbeiten, bieten Ihnen Sonderpreise an. Haben Sie Lust auf ein Restaurant, eine Massage, einen Ausflug&#8230;? Z\u00f6gern Sie also nicht, uns Ihre W\u00fcnsche mitzuteilen, wir werden nicht z\u00f6gern, Ihnen unsere Empfehlungen zukommen zu lassen.<\/p>\n\n\n\n<h2 class=\"wp-block-heading\">Eine Unterkunft in Bouillante, die nicht wie alle anderen ist<\/h2>\n\n\n\n<p>Als leidenschaftliche Taucher bietet Ihnen Tikaz a Voyaj Tauchaufenthalte an. Das Tauchzentrum Plaisir Plong\u00e9e Karuk\u00e9ra (PPK Plong\u00e9e) empf\u00e4ngt Sie jeden Tag, um die einzigartige Umgebung des Cousteau-Reservats zu entdecken.<\/p>\n\n\n\n<p>Die Unterkunft befindet sich in Bouillante, neben dem Strand von Malendure, der das Herz des Meeresnationalparks von Guadeloupe beherbergt. Es ist der beliebteste <a href=\"https:\/\/tikaz-voyaj.com\/sites-plongee-guadeloupe\/\">Tauchspot<\/a> zwischen seinen Korallenriffen, aber auch seinen Wracks, die es zu entdecken gilt. Ob Tag oder Nacht, die Ausfl\u00fcge sind immer ein Genuss. Egal, ob Sie einen Schnupperkurs, Erkundungstouren oder einen Tauchschein machen m\u00f6chten, fragen Sie uns und wir werden Sie f\u00fchren.<\/p>\n<\/div><\/div><\/div><\/div><\/div>\n","protected":false},"excerpt":{"rendered":"","protected":false},"author":1,"featured_media":0,"parent":0,"menu_order":0,"comment_status":"closed","ping_status":"closed","template":"","meta":{"inline_featured_image":false,"footnotes":""},"class_list":["post-6225","page","type-page","status-publish","hentry"],"yoast_head":"<!-- This site is optimized with the Yoast SEO plugin v25.6 - https:\/\/yoast.com\/wordpress\/plugins\/seo\/ -->\n<title>Ferienvermietung Guadeloupe mit TiKaz a Voyaj<\/title>\n<meta name=\"description\" content=\"F\u00fcr Ihren Urlaub in Guadeloupe, w\u00e4hlen Sie die saisonale Vermietung und w\u00e4hlen Sie den Bungalow oder die Villa Ihrer Wahl bei Tikaz a Voyaj\" \/>\n<meta name=\"robots\" content=\"index, follow, max-snippet:-1, max-image-preview:large, max-video-preview:-1\" \/>\n<link rel=\"canonical\" href=\"https:\/\/tikaz-voyaj.com\/de\/ferienhaeuser-in-guadeloupe\/\" \/>\n<meta property=\"og:locale\" content=\"de_DE\" \/>\n<meta property=\"og:type\" content=\"article\" \/>\n<meta property=\"og:title\" content=\"Ferienvermietung Guadeloupe mit TiKaz a Voyaj\" \/>\n<meta property=\"og:description\" content=\"F\u00fcr Ihren Urlaub in Guadeloupe, w\u00e4hlen Sie die saisonale Vermietung und w\u00e4hlen Sie den Bungalow oder die Villa Ihrer Wahl bei Tikaz a Voyaj\" \/>\n<meta property=\"og:url\" content=\"https:\/\/tikaz-voyaj.com\/de\/ferienhaeuser-in-guadeloupe\/\" \/>\n<meta property=\"og:site_name\" content=\"TiKaz a Voyaj\" \/>\n<meta property=\"article:modified_time\" content=\"2023-06-01T16:15:08+00:00\" \/>\n<meta property=\"og:image\" content=\"https:\/\/tikaz-voyaj.com\/wp-content\/uploads\/2021\/04\/location-gites-bouillante-guadeloupe-banner.jpg\" \/>\n<meta name=\"twitter:card\" content=\"summary_large_image\" \/>\n<meta name=\"twitter:label1\" content=\"Gesch\u00e4tzte Lesezeit\" \/>\n\t<meta name=\"twitter:data1\" content=\"2\u00a0Minuten\" \/>\n<script type=\"application\/ld+json\" class=\"yoast-schema-graph\">{\"@context\":\"https:\/\/schema.org\",\"@graph\":[{\"@type\":\"WebPage\",\"@id\":\"https:\/\/tikaz-voyaj.com\/de\/ferienhaeuser-in-guadeloupe\/\",\"url\":\"https:\/\/tikaz-voyaj.com\/de\/ferienhaeuser-in-guadeloupe\/\",\"name\":\"Ferienvermietung Guadeloupe mit TiKaz a Voyaj\",\"isPartOf\":{\"@id\":\"https:\/\/tikaz-voyaj.com\/de\/#website\"},\"primaryImageOfPage\":{\"@id\":\"https:\/\/tikaz-voyaj.com\/de\/ferienhaeuser-in-guadeloupe\/#primaryimage\"},\"image\":{\"@id\":\"https:\/\/tikaz-voyaj.com\/de\/ferienhaeuser-in-guadeloupe\/#primaryimage\"},\"thumbnailUrl\":\"https:\/\/tikaz-voyaj.com\/wp-content\/uploads\/2021\/04\/location-gites-bouillante-guadeloupe-banner.jpg\",\"datePublished\":\"2021-04-04T00:54:11+00:00\",\"dateModified\":\"2023-06-01T16:15:08+00:00\",\"description\":\"F\u00fcr Ihren Urlaub in Guadeloupe, w\u00e4hlen Sie die saisonale Vermietung und w\u00e4hlen Sie den Bungalow oder die Villa Ihrer Wahl bei Tikaz a Voyaj\",\"breadcrumb\":{\"@id\":\"https:\/\/tikaz-voyaj.com\/de\/ferienhaeuser-in-guadeloupe\/#breadcrumb\"},\"inLanguage\":\"de\",\"potentialAction\":[{\"@type\":\"ReadAction\",\"target\":[\"https:\/\/tikaz-voyaj.com\/de\/ferienhaeuser-in-guadeloupe\/\"]}]},{\"@type\":\"ImageObject\",\"inLanguage\":\"de\",\"@id\":\"https:\/\/tikaz-voyaj.com\/de\/ferienhaeuser-in-guadeloupe\/#primaryimage\",\"url\":\"https:\/\/tikaz-voyaj.com\/wp-content\/uploads\/2021\/04\/location-gites-bouillante-guadeloupe-banner.jpg\",\"contentUrl\":\"https:\/\/tikaz-voyaj.com\/wp-content\/uploads\/2021\/04\/location-gites-bouillante-guadeloupe-banner.jpg\"},{\"@type\":\"BreadcrumbList\",\"@id\":\"https:\/\/tikaz-voyaj.com\/de\/ferienhaeuser-in-guadeloupe\/#breadcrumb\",\"itemListElement\":[{\"@type\":\"ListItem\",\"position\":1,\"name\":\"Accueil\",\"item\":\"https:\/\/tikaz-voyaj.com\/de\/ferienvermietung-in-guadeloupe-tika-a-voyaj\/\"},{\"@type\":\"ListItem\",\"position\":2,\"name\":\"Ferienh\u00e4user in Guadeloupe\"}]},{\"@type\":\"WebSite\",\"@id\":\"https:\/\/tikaz-voyaj.com\/de\/#website\",\"url\":\"https:\/\/tikaz-voyaj.com\/de\/\",\"name\":\"TiKaz a Voyaj\",\"description\":\"\",\"potentialAction\":[{\"@type\":\"SearchAction\",\"target\":{\"@type\":\"EntryPoint\",\"urlTemplate\":\"https:\/\/tikaz-voyaj.com\/de\/?s={search_term_string}\"},\"query-input\":{\"@type\":\"PropertyValueSpecification\",\"valueRequired\":true,\"valueName\":\"search_term_string\"}}],\"inLanguage\":\"de\"}]}<\/script>\n<!-- \/ Yoast SEO plugin. -->","yoast_head_json":{"title":"Ferienvermietung Guadeloupe mit TiKaz a Voyaj","description":"F\u00fcr Ihren Urlaub in Guadeloupe, w\u00e4hlen Sie die saisonale Vermietung und w\u00e4hlen Sie den Bungalow oder die Villa Ihrer Wahl bei Tikaz a Voyaj","robots":{"index":"index","follow":"follow","max-snippet":"max-snippet:-1","max-image-preview":"max-image-preview:large","max-video-preview":"max-video-preview:-1"},"canonical":"https:\/\/tikaz-voyaj.com\/de\/ferienhaeuser-in-guadeloupe\/","og_locale":"de_DE","og_type":"article","og_title":"Ferienvermietung Guadeloupe mit TiKaz a Voyaj","og_description":"F\u00fcr Ihren Urlaub in Guadeloupe, w\u00e4hlen Sie die saisonale Vermietung und w\u00e4hlen Sie den Bungalow oder die Villa Ihrer Wahl bei Tikaz a Voyaj","og_url":"https:\/\/tikaz-voyaj.com\/de\/ferienhaeuser-in-guadeloupe\/","og_site_name":"TiKaz a Voyaj","article_modified_time":"2023-06-01T16:15:08+00:00","og_image":[{"url":"https:\/\/tikaz-voyaj.com\/wp-content\/uploads\/2021\/04\/location-gites-bouillante-guadeloupe-banner.jpg","type":"","width":"","height":""}],"twitter_card":"summary_large_image","twitter_misc":{"Gesch\u00e4tzte Lesezeit":"2\u00a0Minuten"},"schema":{"@context":"https:\/\/schema.org","@graph":[{"@type":"WebPage","@id":"https:\/\/tikaz-voyaj.com\/de\/ferienhaeuser-in-guadeloupe\/","url":"https:\/\/tikaz-voyaj.com\/de\/ferienhaeuser-in-guadeloupe\/","name":"Ferienvermietung Guadeloupe mit TiKaz a Voyaj","isPartOf":{"@id":"https:\/\/tikaz-voyaj.com\/de\/#website"},"primaryImageOfPage":{"@id":"https:\/\/tikaz-voyaj.com\/de\/ferienhaeuser-in-guadeloupe\/#primaryimage"},"image":{"@id":"https:\/\/tikaz-voyaj.com\/de\/ferienhaeuser-in-guadeloupe\/#primaryimage"},"thumbnailUrl":"https:\/\/tikaz-voyaj.com\/wp-content\/uploads\/2021\/04\/location-gites-bouillante-guadeloupe-banner.jpg","datePublished":"2021-04-04T00:54:11+00:00","dateModified":"2023-06-01T16:15:08+00:00","description":"F\u00fcr Ihren Urlaub in Guadeloupe, w\u00e4hlen Sie die saisonale Vermietung und w\u00e4hlen Sie den Bungalow oder die Villa Ihrer Wahl bei Tikaz a Voyaj","breadcrumb":{"@id":"https:\/\/tikaz-voyaj.com\/de\/ferienhaeuser-in-guadeloupe\/#breadcrumb"},"inLanguage":"de","potentialAction":[{"@type":"ReadAction","target":["https:\/\/tikaz-voyaj.com\/de\/ferienhaeuser-in-guadeloupe\/"]}]},{"@type":"ImageObject","inLanguage":"de","@id":"https:\/\/tikaz-voyaj.com\/de\/ferienhaeuser-in-guadeloupe\/#primaryimage","url":"https:\/\/tikaz-voyaj.com\/wp-content\/uploads\/2021\/04\/location-gites-bouillante-guadeloupe-banner.jpg","contentUrl":"https:\/\/tikaz-voyaj.com\/wp-content\/uploads\/2021\/04\/location-gites-bouillante-guadeloupe-banner.jpg"},{"@type":"BreadcrumbList","@id":"https:\/\/tikaz-voyaj.com\/de\/ferienhaeuser-in-guadeloupe\/#breadcrumb","itemListElement":[{"@type":"ListItem","position":1,"name":"Accueil","item":"https:\/\/tikaz-voyaj.com\/de\/ferienvermietung-in-guadeloupe-tika-a-voyaj\/"},{"@type":"ListItem","position":2,"name":"Ferienh\u00e4user in Guadeloupe"}]},{"@type":"WebSite","@id":"https:\/\/tikaz-voyaj.com\/de\/#website","url":"https:\/\/tikaz-voyaj.com\/de\/","name":"TiKaz a Voyaj","description":"","potentialAction":[{"@type":"SearchAction","target":{"@type":"EntryPoint","urlTemplate":"https:\/\/tikaz-voyaj.com\/de\/?s={search_term_string}"},"query-input":{"@type":"PropertyValueSpecification","valueRequired":true,"valueName":"search_term_string"}}],"inLanguage":"de"}]}},"jetpack_sharing_enabled":true,"_links":{"self":[{"href":"https:\/\/tikaz-voyaj.com\/de\/wp-json\/wp\/v2\/pages\/6225"}],"collection":[{"href":"https:\/\/tikaz-voyaj.com\/de\/wp-json\/wp\/v2\/pages"}],"about":[{"href":"https:\/\/tikaz-voyaj.com\/de\/wp-json\/wp\/v2\/types\/page"}],"author":[{"embeddable":true,"href":"https:\/\/tikaz-voyaj.com\/de\/wp-json\/wp\/v2\/users\/1"}],"replies":[{"embeddable":true,"href":"https:\/\/tikaz-voyaj.com\/de\/wp-json\/wp\/v2\/comments?post=6225"}],"version-history":[{"count":1,"href":"https:\/\/tikaz-voyaj.com\/de\/wp-json\/wp\/v2\/pages\/6225\/revisions"}],"predecessor-version":[{"id":6226,"href":"https:\/\/tikaz-voyaj.com\/de\/wp-json\/wp\/v2\/pages\/6225\/revisions\/6226"}],"wp:attachment":[{"href":"https:\/\/tikaz-voyaj.com\/de\/wp-json\/wp\/v2\/media?parent=6225"}],"curies":[{"name":"wp","href":"https:\/\/api.w.org\/{rel}","templated":true}]}}